{"id":9376,"date":"2025-02-26T20:10:08","date_gmt":"2025-02-26T19:10:08","guid":{"rendered":"https:\/\/www.bynaldis-shop.com\/?post_type=product&#038;p=9376"},"modified":"2025-10-22T15:21:13","modified_gmt":"2025-10-22T13:21:13","slug":"filzei-violett","status":"publish","type":"product","link":"https:\/\/www.bynaldis-shop.com\/?product=filzei-violett","title":{"rendered":"Zauberhaftes, handgefertigtes Filzei in zarten Violett"},"content":{"rendered":"<p data-start=\"0\" data-end=\"254\"><strong>Zauberhaftes, handgefertigtes Filzei in zarten Violett<\/strong><\/p>\n<p data-start=\"0\" data-end=\"254\">Perfekt als liebevolles Accessoire f\u00fcr deinen Osterstrau\u00df. Mit kleinen, filigranen Faden verziert, verleiht dieses besondere Filzei deinem Osterdekor eine nat\u00fcrliche und gleichzeitig fr\u00f6hliche Note.<\/p>\n<p data-start=\"256\" data-end=\"461\" data-is-last-node=\"\" data-is-only-node=\"\">Jedes St\u00fcck ist liebevoll von Hand gefertigt und bringt die warme Stimmung des Fr\u00fchlings direkt in dein Zuhause. Ein kleines, feines Detail, das deinen Osterstrau\u00df zum Strahlen bringt und f\u00fcr Freude sorgt.<\/p>\n","protected":false},"excerpt":{"rendered":"<p>Zauberhaftes, handgefertigtes Filzei in zarten Violett Perfekt als liebevolles Accessoire f\u00fcr deinen Osterstrau\u00df. Mit kleinen, filigranen Faden verziert, verleiht dieses besondere Filzei deinem Osterdekor eine nat\u00fcrliche und gleichzeitig fr\u00f6hliche Note. Jedes St\u00fcck ist liebevoll von Hand gefertigt und bringt die warme Stimmung des Fr\u00fchlings direkt in dein Zuhause. Ein kleines, feines Detail, das deinen Osterstrau\u00df [&hellip;]<\/p>\n<p><a class=\"read-more\" href=\"https:\/\/www.bynaldis-shop.com\/?product=filzei-violett\">Mehr lesen<span class=\"meta-nav\">&rarr;<\/span><\/a><\/p>\n","protected":false},"featured_media":9377,"template":"","meta":[],"product_brand":[],"product_cat":[211],"product_tag":[],"class_list":{"0":"post-9376","1":"product","2":"type-product","3":"status-publish","4":"has-post-thumbnail","6":"product_cat-ostern","8":"first","9":"instock","10":"taxable","11":"shipping-taxable","12":"purchasable","13":"product-type-simple"},"_links":{"self":[{"href":"https:\/\/www.bynaldis-shop.com\/index.php?rest_route=\/wp\/v2\/product\/9376","targetHints":{"allow":["GET"]}}],"collection":[{"href":"https:\/\/www.bynaldis-shop.com\/index.php?rest_route=\/wp\/v2\/product"}],"about":[{"href":"https:\/\/www.bynaldis-shop.com\/index.php?rest_route=\/wp\/v2\/types\/product"}],"wp:featuredmedia":[{"embeddable":true,"href":"https:\/\/www.bynaldis-shop.com\/index.php?rest_route=\/wp\/v2\/media\/9377"}],"wp:attachment":[{"href":"https:\/\/www.bynaldis-shop.com\/index.php?rest_route=%2Fwp%2Fv2%2Fmedia&parent=9376"}],"wp:term":[{"taxonomy":"product_brand","embeddable":true,"href":"https:\/\/www.bynaldis-shop.com\/index.php?rest_route=%2Fwp%2Fv2%2Fproduct_brand&post=9376"},{"taxonomy":"product_cat","embeddable":true,"href":"https:\/\/www.bynaldis-shop.com\/index.php?rest_route=%2Fwp%2Fv2%2Fproduct_cat&post=9376"},{"taxonomy":"product_tag","embeddable":true,"href":"https:\/\/www.bynaldis-shop.com\/index.php?rest_route=%2Fwp%2Fv2%2Fproduct_tag&post=9376"}],"curies":[{"name":"wp","href":"https:\/\/api.w.org\/{rel}","templated":true}]}}