{"id":9362,"date":"2025-02-26T19:36:25","date_gmt":"2025-02-26T18:36:25","guid":{"rendered":"https:\/\/www.bynaldis-shop.com\/?post_type=product&#038;p=9362"},"modified":"2026-04-26T20:58:08","modified_gmt":"2026-04-26T18:58:08","slug":"wellpappenkarton-gross","status":"publish","type":"product","link":"https:\/\/www.bynaldis-shop.com\/?product=wellpappenkarton-gross","title":{"rendered":"Gro\u00dfe Geschenkschale aus brauner Wellpappe"},"content":{"rendered":"<article class=\"text-token-text-primary w-full focus:outline-none scroll-mt-[calc(var(--header-height)+min(200px,max(70px,20svh)))]\" dir=\"auto\" tabindex=\"-1\" data-turn-id=\"request-6884d4ac-8230-8324-9295-a90d37ba8eae-157\" data-testid=\"conversation-turn-794\" data-scroll-anchor=\"true\" data-turn=\"assistant\">\n<div class=\"text-base my-auto mx-auto pb-10 [--thread-content-margin:--spacing(4)] @[37rem]:[--thread-content-margin:--spacing(6)] @[72rem]:[--thread-content-margin:--spacing(16)] px-(--thread-content-margin)\">\n<div class=\"[--thread-content-max-width:32rem] @[34rem]:[--thread-content-max-width:40rem] @[64rem]:[--thread-content-max-width:48rem] mx-auto max-w-(--thread-content-max-width) flex-1 group\/turn-messages focus-visible:outline-hidden relative flex w-full min-w-0 flex-col agent-turn\" tabindex=\"-1\">\n<div class=\"flex max-w-full flex-col grow\">\n<div class=\"min-h-8 text-message relative flex w-full flex-col items-end gap-2 text-start break-words whitespace-normal [.text-message+&amp;]:mt-5\" dir=\"auto\" data-message-author-role=\"assistant\" data-message-id=\"65dd6651-9d60-431f-9dd9-482c508ce6bb\" data-message-model-slug=\"gpt-4-1-mini\">\n<div class=\"flex w-full flex-col gap-1 empty:hidden first:pt-[3px]\">\n<div class=\"markdown prose dark:prose-invert w-full break-words light markdown-new-styling\">\n<p data-start=\"0\" data-end=\"522\" data-is-last-node=\"\" data-is-only-node=\"\"><strong>Gro\u00dfe Geschenkschale aus brauner Wellpappe<\/strong><\/p>\n<p data-start=\"0\" data-end=\"522\" data-is-last-node=\"\" data-is-only-node=\"\">Vielseitig einsetzbar und perfekt, um Lichtduschen, Auraspr\u00fcher, Seifen, Tee und Tassen, Engel und Wichtel liebevoll ausgesuchte Geschenke stilvoll zu verpacken. Der robuste Karton ist extrem formstabil und druckfest, sch\u00fctzt den Inhalt sicher und l\u00e4sst sich einfach handhaben. Veredeln Sie Ihren Geschenkkorb mit passenden Kleinigkeiten aus unserem Sortiment und zaubern Sie so eine pers\u00f6nliche, charmante Note. Ma\u00dfe (obere Innenma\u00dfe): 400 x 270 x 130 mm. Ein wunderbares Verpackungsaccessoire f\u00fcr Ihre besonderen und einmaligen \u00dcberraschungen von Herz zu Herz.<\/p>\n<\/div>\n<\/div>\n<\/div>\n<\/div>\n<\/div>\n<\/div>\n<\/article>\n","protected":false},"excerpt":{"rendered":"<p>Gro\u00dfe Geschenkschale aus brauner Wellpappe Vielseitig einsetzbar und perfekt, um Lichtduschen, Auraspr\u00fcher, Seifen, Tee und Tassen, Engel und Wichtel liebevoll ausgesuchte Geschenke stilvoll zu verpacken. Der robuste Karton ist extrem formstabil und druckfest, sch\u00fctzt den Inhalt sicher und l\u00e4sst sich einfach handhaben. Veredeln Sie Ihren Geschenkkorb mit passenden Kleinigkeiten aus unserem Sortiment und zaubern Sie [&hellip;]<\/p>\n<p><a class=\"read-more\" href=\"https:\/\/www.bynaldis-shop.com\/?product=wellpappenkarton-gross\">Mehr lesen<span class=\"meta-nav\">&rarr;<\/span><\/a><\/p>\n","protected":false},"featured_media":9363,"template":"","meta":[],"product_brand":[],"product_cat":[261],"product_tag":[],"class_list":{"0":"post-9362","1":"product","2":"type-product","3":"status-publish","4":"has-post-thumbnail","6":"product_cat-geschenkekarton","8":"first","9":"instock","10":"taxable","11":"shipping-taxable","12":"purchasable","13":"product-type-simple"},"_links":{"self":[{"href":"https:\/\/www.bynaldis-shop.com\/index.php?rest_route=\/wp\/v2\/product\/9362","targetHints":{"allow":["GET"]}}],"collection":[{"href":"https:\/\/www.bynaldis-shop.com\/index.php?rest_route=\/wp\/v2\/product"}],"about":[{"href":"https:\/\/www.bynaldis-shop.com\/index.php?rest_route=\/wp\/v2\/types\/product"}],"wp:featuredmedia":[{"embeddable":true,"href":"https:\/\/www.bynaldis-shop.com\/index.php?rest_route=\/wp\/v2\/media\/9363"}],"wp:attachment":[{"href":"https:\/\/www.bynaldis-shop.com\/index.php?rest_route=%2Fwp%2Fv2%2Fmedia&parent=9362"}],"wp:term":[{"taxonomy":"product_brand","embeddable":true,"href":"https:\/\/www.bynaldis-shop.com\/index.php?rest_route=%2Fwp%2Fv2%2Fproduct_brand&post=9362"},{"taxonomy":"product_cat","embeddable":true,"href":"https:\/\/www.bynaldis-shop.com\/index.php?rest_route=%2Fwp%2Fv2%2Fproduct_cat&post=9362"},{"taxonomy":"product_tag","embeddable":true,"href":"https:\/\/www.bynaldis-shop.com\/index.php?rest_route=%2Fwp%2Fv2%2Fproduct_tag&post=9362"}],"curies":[{"name":"wp","href":"https:\/\/api.w.org\/{rel}","templated":true}]}}