{"id":9360,"date":"2025-02-26T19:34:30","date_gmt":"2025-02-26T18:34:30","guid":{"rendered":"https:\/\/www.bynaldis-shop.com\/?post_type=product&#038;p=9360"},"modified":"2026-04-26T20:57:56","modified_gmt":"2026-04-26T18:57:56","slug":"wellpappenkarton-mittel","status":"publish","type":"product","link":"https:\/\/www.bynaldis-shop.com\/?product=wellpappenkarton-mittel","title":{"rendered":"Mittelgro\u00dfe Geschenkschale aus robustem, braunem Wellpappenmaterial"},"content":{"rendered":"<article class=\"text-token-text-primary w-full focus:outline-none scroll-mt-[calc(var(--header-height)+min(200px,max(70px,20svh)))]\" dir=\"auto\" tabindex=\"-1\" data-turn-id=\"request-6884d4ac-8230-8324-9295-a90d37ba8eae-156\" data-testid=\"conversation-turn-792\" data-scroll-anchor=\"true\" data-turn=\"assistant\">\n<div class=\"text-base my-auto mx-auto pb-10 [--thread-content-margin:--spacing(4)] @[37rem]:[--thread-content-margin:--spacing(6)] @[72rem]:[--thread-content-margin:--spacing(16)] px-(--thread-content-margin)\">\n<div class=\"[--thread-content-max-width:32rem] @[34rem]:[--thread-content-max-width:40rem] @[64rem]:[--thread-content-max-width:48rem] mx-auto max-w-(--thread-content-max-width) flex-1 group\/turn-messages focus-visible:outline-hidden relative flex w-full min-w-0 flex-col agent-turn\" tabindex=\"-1\">\n<div class=\"flex max-w-full flex-col grow\">\n<div class=\"min-h-8 text-message relative flex w-full flex-col items-end gap-2 text-start break-words whitespace-normal [.text-message+&amp;]:mt-5\" dir=\"auto\" data-message-author-role=\"assistant\" data-message-id=\"83b732c4-a863-4b0a-8498-64d03b0c44ef\" data-message-model-slug=\"gpt-4-1-mini\">\n<div class=\"flex w-full flex-col gap-1 empty:hidden first:pt-[3px]\">\n<div class=\"markdown prose dark:prose-invert w-full break-words light markdown-new-styling\">\n<p data-start=\"0\" data-end=\"547\" data-is-last-node=\"\" data-is-only-node=\"\"><strong>Mittelgro\u00dfe Geschenkschale aus robustem, braunem Wellpappenmaterial<\/strong><\/p>\n<p data-start=\"0\" data-end=\"547\" data-is-last-node=\"\" data-is-only-node=\"\">\u00a0ideal, um Lichtduschen, Tassen oder liebevolle Mitbringsel stilvoll zu verpacken. Die Kartonschale ist extrem formstabil und druckfest und sch\u00fctzt Ihre Geschenke zuverl\u00e4ssig. Mit der passenden Deko und F\u00fcllmaterial aus unserem Sortiment wird jedes Geschenk zum einmaligen Hingucker. Ma\u00dfe (obere Innenma\u00dfe): 275 x 230 x 105 mm. Ein praktisches und liebevolles Verpackungsaccessoire f\u00fcr Ihre besonderen \u00dcberraschungen!<\/p>\n<\/div>\n<\/div>\n<\/div>\n<\/div>\n<\/div>\n<\/div>\n<\/article>\n<div class=\"pointer-events-none h-px w-px\" aria-hidden=\"true\" data-edge=\"true\"><\/div>\n","protected":false},"excerpt":{"rendered":"<p>Mittelgro\u00dfe Geschenkschale aus robustem, braunem Wellpappenmaterial \u00a0ideal, um Lichtduschen, Tassen oder liebevolle Mitbringsel stilvoll zu verpacken. Die Kartonschale ist extrem formstabil und druckfest und sch\u00fctzt Ihre Geschenke zuverl\u00e4ssig. Mit der passenden Deko und F\u00fcllmaterial aus unserem Sortiment wird jedes Geschenk zum einmaligen Hingucker. Ma\u00dfe (obere Innenma\u00dfe): 275 x 230 x 105 mm. Ein praktisches und [&hellip;]<\/p>\n<p><a class=\"read-more\" href=\"https:\/\/www.bynaldis-shop.com\/?product=wellpappenkarton-mittel\">Mehr lesen<span class=\"meta-nav\">&rarr;<\/span><\/a><\/p>\n","protected":false},"featured_media":9361,"template":"","meta":[],"product_brand":[],"product_cat":[261],"product_tag":[],"class_list":{"0":"post-9360","1":"product","2":"type-product","3":"status-publish","4":"has-post-thumbnail","6":"product_cat-geschenkekarton","8":"first","9":"instock","10":"taxable","11":"shipping-taxable","12":"purchasable","13":"product-type-simple"},"_links":{"self":[{"href":"https:\/\/www.bynaldis-shop.com\/index.php?rest_route=\/wp\/v2\/product\/9360","targetHints":{"allow":["GET"]}}],"collection":[{"href":"https:\/\/www.bynaldis-shop.com\/index.php?rest_route=\/wp\/v2\/product"}],"about":[{"href":"https:\/\/www.bynaldis-shop.com\/index.php?rest_route=\/wp\/v2\/types\/product"}],"wp:featuredmedia":[{"embeddable":true,"href":"https:\/\/www.bynaldis-shop.com\/index.php?rest_route=\/wp\/v2\/media\/9361"}],"wp:attachment":[{"href":"https:\/\/www.bynaldis-shop.com\/index.php?rest_route=%2Fwp%2Fv2%2Fmedia&parent=9360"}],"wp:term":[{"taxonomy":"product_brand","embeddable":true,"href":"https:\/\/www.bynaldis-shop.com\/index.php?rest_route=%2Fwp%2Fv2%2Fproduct_brand&post=9360"},{"taxonomy":"product_cat","embeddable":true,"href":"https:\/\/www.bynaldis-shop.com\/index.php?rest_route=%2Fwp%2Fv2%2Fproduct_cat&post=9360"},{"taxonomy":"product_tag","embeddable":true,"href":"https:\/\/www.bynaldis-shop.com\/index.php?rest_route=%2Fwp%2Fv2%2Fproduct_tag&post=9360"}],"curies":[{"name":"wp","href":"https:\/\/api.w.org\/{rel}","templated":true}]}}