{"id":9358,"date":"2025-02-26T19:32:10","date_gmt":"2025-02-26T18:32:10","guid":{"rendered":"https:\/\/www.bynaldis-shop.com\/?post_type=product&#038;p=9358"},"modified":"2026-04-26T20:57:44","modified_gmt":"2026-04-26T18:57:44","slug":"wellpappenkarton-klein","status":"publish","type":"product","link":"https:\/\/www.bynaldis-shop.com\/?product=wellpappenkarton-klein","title":{"rendered":"Kleine, formstabile Geschenkschale \u201eAu\u00dfenwelle\u201c in warmem Braun"},"content":{"rendered":"<p><strong>Kleine, formstabile Geschenkschale \u201eAu\u00dfenwelle\u201c in warmem Braun<\/strong><\/p>\n<p>perfekt, um Ihre Flaschen stilvoll in Szene zu setzen. Hergestellt aus robustem Spezial-Au\u00dfenwellenmaterial, bietet diese Kartonschale festen Schutz und ist zugleich druckfest. Die \u00fcbersichtlichen Ma\u00dfe von 210 x 185 x 70 mm (obere Innenma\u00dfe) machen sie ideal f\u00fcr kleinere Geschenkverpackungen. Kombinieren Sie die Schale mit unserem farbenfrohen F\u00fcllmaterial f\u00fcr ein liebevoll gestaltetes Pr\u00e4sent. Ein kleines, nachhaltiges Verpackungswunder f\u00fcr besondere Geschenke!<\/p>\n","protected":false},"excerpt":{"rendered":"<p>Kleine, formstabile Geschenkschale \u201eAu\u00dfenwelle\u201c in warmem Braun perfekt, um Ihre Flaschen stilvoll in Szene zu setzen. Hergestellt aus robustem Spezial-Au\u00dfenwellenmaterial, bietet diese Kartonschale festen Schutz und ist zugleich druckfest. Die \u00fcbersichtlichen Ma\u00dfe von 210 x 185 x 70 mm (obere Innenma\u00dfe) machen sie ideal f\u00fcr kleinere Geschenkverpackungen. Kombinieren Sie die Schale mit unserem farbenfrohen F\u00fcllmaterial [&hellip;]<\/p>\n<p><a class=\"read-more\" href=\"https:\/\/www.bynaldis-shop.com\/?product=wellpappenkarton-klein\">Mehr lesen<span class=\"meta-nav\">&rarr;<\/span><\/a><\/p>\n","protected":false},"featured_media":9359,"template":"","meta":[],"product_brand":[],"product_cat":[261],"product_tag":[],"class_list":{"0":"post-9358","1":"product","2":"type-product","3":"status-publish","4":"has-post-thumbnail","6":"product_cat-geschenkekarton","8":"first","9":"instock","10":"taxable","11":"shipping-taxable","12":"purchasable","13":"product-type-simple"},"_links":{"self":[{"href":"https:\/\/www.bynaldis-shop.com\/index.php?rest_route=\/wp\/v2\/product\/9358","targetHints":{"allow":["GET"]}}],"collection":[{"href":"https:\/\/www.bynaldis-shop.com\/index.php?rest_route=\/wp\/v2\/product"}],"about":[{"href":"https:\/\/www.bynaldis-shop.com\/index.php?rest_route=\/wp\/v2\/types\/product"}],"wp:featuredmedia":[{"embeddable":true,"href":"https:\/\/www.bynaldis-shop.com\/index.php?rest_route=\/wp\/v2\/media\/9359"}],"wp:attachment":[{"href":"https:\/\/www.bynaldis-shop.com\/index.php?rest_route=%2Fwp%2Fv2%2Fmedia&parent=9358"}],"wp:term":[{"taxonomy":"product_brand","embeddable":true,"href":"https:\/\/www.bynaldis-shop.com\/index.php?rest_route=%2Fwp%2Fv2%2Fproduct_brand&post=9358"},{"taxonomy":"product_cat","embeddable":true,"href":"https:\/\/www.bynaldis-shop.com\/index.php?rest_route=%2Fwp%2Fv2%2Fproduct_cat&post=9358"},{"taxonomy":"product_tag","embeddable":true,"href":"https:\/\/www.bynaldis-shop.com\/index.php?rest_route=%2Fwp%2Fv2%2Fproduct_tag&post=9358"}],"curies":[{"name":"wp","href":"https:\/\/api.w.org\/{rel}","templated":true}]}}