{"id":9346,"date":"2025-02-26T13:58:38","date_gmt":"2025-02-26T12:58:38","guid":{"rendered":"https:\/\/www.bynaldis-shop.com\/?post_type=product&#038;p=9346"},"modified":"2025-10-22T15:11:45","modified_gmt":"2025-10-22T13:11:45","slug":"hase-gold-gross","status":"publish","type":"product","link":"https:\/\/www.bynaldis-shop.com\/?product=hase-gold-gross","title":{"rendered":"Hase gold gro\u00df"},"content":{"rendered":"<p data-start=\"61\" data-end=\"308\"><strong>Hase gold gro\u00df<\/strong><\/p>\n<p data-start=\"61\" data-end=\"308\">Dieser kleine, hockende Hase verzaubert mit seiner edlen matten Goldfarbe und seiner sanften, ruhigen Haltung. Er ist das perfekte Deko-Element f\u00fcr ein stilvolles Zuhause, das im Fr\u00fchling oder zu Ostern einen warmen, goldenen Akzent setzen m\u00f6chte.<\/p>\n<p data-start=\"310\" data-end=\"493\">Ob auf dem Tisch, im Regal oder als Teil einer festlichen Dekoration \u2013 dieser Hase strahlt Ruhe, W\u00e4rme und zeitlose Eleganz aus und wird schnell zum Lieblingsst\u00fcck Ihrer Dekosammlung.<\/p>\n","protected":false},"excerpt":{"rendered":"<p>Hase gold gro\u00df Dieser kleine, hockende Hase verzaubert mit seiner edlen matten Goldfarbe und seiner sanften, ruhigen Haltung. Er ist das perfekte Deko-Element f\u00fcr ein stilvolles Zuhause, das im Fr\u00fchling oder zu Ostern einen warmen, goldenen Akzent setzen m\u00f6chte. Ob auf dem Tisch, im Regal oder als Teil einer festlichen Dekoration \u2013 dieser Hase strahlt [&hellip;]<\/p>\n<p><a class=\"read-more\" href=\"https:\/\/www.bynaldis-shop.com\/?product=hase-gold-gross\">Mehr lesen<span class=\"meta-nav\">&rarr;<\/span><\/a><\/p>\n","protected":false},"featured_media":9347,"template":"","meta":[],"product_brand":[],"product_cat":[211],"product_tag":[],"class_list":{"0":"post-9346","1":"product","2":"type-product","3":"status-publish","4":"has-post-thumbnail","6":"product_cat-ostern","8":"first","9":"instock","10":"taxable","11":"shipping-taxable","12":"purchasable","13":"product-type-simple"},"_links":{"self":[{"href":"https:\/\/www.bynaldis-shop.com\/index.php?rest_route=\/wp\/v2\/product\/9346","targetHints":{"allow":["GET"]}}],"collection":[{"href":"https:\/\/www.bynaldis-shop.com\/index.php?rest_route=\/wp\/v2\/product"}],"about":[{"href":"https:\/\/www.bynaldis-shop.com\/index.php?rest_route=\/wp\/v2\/types\/product"}],"wp:featuredmedia":[{"embeddable":true,"href":"https:\/\/www.bynaldis-shop.com\/index.php?rest_route=\/wp\/v2\/media\/9347"}],"wp:attachment":[{"href":"https:\/\/www.bynaldis-shop.com\/index.php?rest_route=%2Fwp%2Fv2%2Fmedia&parent=9346"}],"wp:term":[{"taxonomy":"product_brand","embeddable":true,"href":"https:\/\/www.bynaldis-shop.com\/index.php?rest_route=%2Fwp%2Fv2%2Fproduct_brand&post=9346"},{"taxonomy":"product_cat","embeddable":true,"href":"https:\/\/www.bynaldis-shop.com\/index.php?rest_route=%2Fwp%2Fv2%2Fproduct_cat&post=9346"},{"taxonomy":"product_tag","embeddable":true,"href":"https:\/\/www.bynaldis-shop.com\/index.php?rest_route=%2Fwp%2Fv2%2Fproduct_tag&post=9346"}],"curies":[{"name":"wp","href":"https:\/\/api.w.org\/{rel}","templated":true}]}}