{"id":9344,"date":"2025-02-26T13:56:40","date_gmt":"2025-02-26T12:56:40","guid":{"rendered":"https:\/\/www.bynaldis-shop.com\/?post_type=product&#038;p=9344"},"modified":"2025-10-22T15:11:16","modified_gmt":"2025-10-22T13:11:16","slug":"hase-weiss-gross","status":"publish","type":"product","link":"https:\/\/www.bynaldis-shop.com\/?product=hase-weiss-gross","title":{"rendered":"Hase wei\u00df gro\u00df"},"content":{"rendered":"<p data-start=\"86\" data-end=\"342\"><strong>Hase wei\u00df gro\u00df<\/strong><\/p>\n<p data-start=\"86\" data-end=\"342\">Dieser zauberhafte, sitzende Hase besticht durch seine elegante, gl\u00e4nzende wei\u00dfe Oberfl\u00e4che und verleiht jedem Raum einen edlen, fr\u00fchlingshaften Akzent. Perfekt geeignet als liebevolle Osterdekoration oder als charmantes Deko-Highlight das ganze Jahr \u00fcber.<\/p>\n<p data-start=\"344\" data-end=\"505\">Mit seiner sanften Haltung und dem edlen Glanz bringt er Ruhe und Freude in Ihr Zuhause \u2013 ein zeitloses Schmuckst\u00fcck f\u00fcr Ihren Dekotisch, Fensterbank oder Regal.<\/p>\n","protected":false},"excerpt":{"rendered":"<p>Hase wei\u00df gro\u00df Dieser zauberhafte, sitzende Hase besticht durch seine elegante, gl\u00e4nzende wei\u00dfe Oberfl\u00e4che und verleiht jedem Raum einen edlen, fr\u00fchlingshaften Akzent. Perfekt geeignet als liebevolle Osterdekoration oder als charmantes Deko-Highlight das ganze Jahr \u00fcber. Mit seiner sanften Haltung und dem edlen Glanz bringt er Ruhe und Freude in Ihr Zuhause \u2013 ein zeitloses Schmuckst\u00fcck [&hellip;]<\/p>\n<p><a class=\"read-more\" href=\"https:\/\/www.bynaldis-shop.com\/?product=hase-weiss-gross\">Mehr lesen<span class=\"meta-nav\">&rarr;<\/span><\/a><\/p>\n","protected":false},"featured_media":9345,"template":"","meta":[],"product_brand":[],"product_cat":[211],"product_tag":[],"class_list":{"0":"post-9344","1":"product","2":"type-product","3":"status-publish","4":"has-post-thumbnail","6":"product_cat-ostern","8":"first","9":"instock","10":"taxable","11":"shipping-taxable","12":"purchasable","13":"product-type-simple"},"_links":{"self":[{"href":"https:\/\/www.bynaldis-shop.com\/index.php?rest_route=\/wp\/v2\/product\/9344","targetHints":{"allow":["GET"]}}],"collection":[{"href":"https:\/\/www.bynaldis-shop.com\/index.php?rest_route=\/wp\/v2\/product"}],"about":[{"href":"https:\/\/www.bynaldis-shop.com\/index.php?rest_route=\/wp\/v2\/types\/product"}],"wp:featuredmedia":[{"embeddable":true,"href":"https:\/\/www.bynaldis-shop.com\/index.php?rest_route=\/wp\/v2\/media\/9345"}],"wp:attachment":[{"href":"https:\/\/www.bynaldis-shop.com\/index.php?rest_route=%2Fwp%2Fv2%2Fmedia&parent=9344"}],"wp:term":[{"taxonomy":"product_brand","embeddable":true,"href":"https:\/\/www.bynaldis-shop.com\/index.php?rest_route=%2Fwp%2Fv2%2Fproduct_brand&post=9344"},{"taxonomy":"product_cat","embeddable":true,"href":"https:\/\/www.bynaldis-shop.com\/index.php?rest_route=%2Fwp%2Fv2%2Fproduct_cat&post=9344"},{"taxonomy":"product_tag","embeddable":true,"href":"https:\/\/www.bynaldis-shop.com\/index.php?rest_route=%2Fwp%2Fv2%2Fproduct_tag&post=9344"}],"curies":[{"name":"wp","href":"https:\/\/api.w.org\/{rel}","templated":true}]}}