{"id":9332,"date":"2025-02-26T12:30:42","date_gmt":"2025-02-26T11:30:42","guid":{"rendered":"https:\/\/www.bynaldis-shop.com\/?post_type=product&#038;p=9332"},"modified":"2025-10-28T11:01:48","modified_gmt":"2025-10-28T10:01:48","slug":"gipsengel-mit-kristall","status":"publish","type":"product","link":"https:\/\/www.bynaldis-shop.com\/?product=gipsengel-mit-kristall","title":{"rendered":"Gipsengel mit Kristall"},"content":{"rendered":"<p data-start=\"201\" data-end=\"530\"><strong>Gipsengel mit Kristall<\/strong><\/p>\n<p data-start=\"201\" data-end=\"530\">Dieser liebevoll gestaltete Engel aus feinem Gips ist ein besonderer Begleiter f\u00fcr dein Zuhause oder ein herzvolles Geschenk. Mit viel Sorgfalt von By Naldi\u2019s handgefertigt, schwebt er an einem zarten Band und wird von einem funkelnden Kristall sowie zarten Rosenquarzperlen geschm\u00fcckt. Symbole f\u00fcr Klarheit, Liebe und Herzensw\u00e4rme.<\/p>\n<p data-start=\"532\" data-end=\"745\">Lass diesen himmlischen Engel dein Umfeld mit seiner sanften Energie erf\u00fcllen und sp\u00fcre die beruhigende Kraft, die er mit sich bringt. Ein Zeichen von Liebe, Schutz und Verbundenheit, das Freude und Licht schenkt. F\u00fcr Dich oder auch gern zum Verschenken, egal zu welchen Anlass. Einfach ein himmlisches Geschenk.<\/p>\n","protected":false},"excerpt":{"rendered":"<p>Gipsengel mit Kristall Dieser liebevoll gestaltete Engel aus feinem Gips ist ein besonderer Begleiter f\u00fcr dein Zuhause oder ein herzvolles Geschenk. Mit viel Sorgfalt von By Naldi\u2019s handgefertigt, schwebt er an einem zarten Band und wird von einem funkelnden Kristall sowie zarten Rosenquarzperlen geschm\u00fcckt. Symbole f\u00fcr Klarheit, Liebe und Herzensw\u00e4rme. Lass diesen himmlischen Engel dein [&hellip;]<\/p>\n<p><a class=\"read-more\" href=\"https:\/\/www.bynaldis-shop.com\/?product=gipsengel-mit-kristall\">Mehr lesen<span class=\"meta-nav\">&rarr;<\/span><\/a><\/p>\n","protected":false},"featured_media":9333,"template":"","meta":[],"product_brand":[],"product_cat":[219],"product_tag":[],"class_list":{"0":"post-9332","1":"product","2":"type-product","3":"status-publish","4":"has-post-thumbnail","6":"product_cat-noch-mehr-engel","8":"first","9":"instock","10":"taxable","11":"shipping-taxable","12":"purchasable","13":"product-type-simple"},"_links":{"self":[{"href":"https:\/\/www.bynaldis-shop.com\/index.php?rest_route=\/wp\/v2\/product\/9332","targetHints":{"allow":["GET"]}}],"collection":[{"href":"https:\/\/www.bynaldis-shop.com\/index.php?rest_route=\/wp\/v2\/product"}],"about":[{"href":"https:\/\/www.bynaldis-shop.com\/index.php?rest_route=\/wp\/v2\/types\/product"}],"wp:featuredmedia":[{"embeddable":true,"href":"https:\/\/www.bynaldis-shop.com\/index.php?rest_route=\/wp\/v2\/media\/9333"}],"wp:attachment":[{"href":"https:\/\/www.bynaldis-shop.com\/index.php?rest_route=%2Fwp%2Fv2%2Fmedia&parent=9332"}],"wp:term":[{"taxonomy":"product_brand","embeddable":true,"href":"https:\/\/www.bynaldis-shop.com\/index.php?rest_route=%2Fwp%2Fv2%2Fproduct_brand&post=9332"},{"taxonomy":"product_cat","embeddable":true,"href":"https:\/\/www.bynaldis-shop.com\/index.php?rest_route=%2Fwp%2Fv2%2Fproduct_cat&post=9332"},{"taxonomy":"product_tag","embeddable":true,"href":"https:\/\/www.bynaldis-shop.com\/index.php?rest_route=%2Fwp%2Fv2%2Fproduct_tag&post=9332"}],"curies":[{"name":"wp","href":"https:\/\/api.w.org\/{rel}","templated":true}]}}