{"id":9326,"date":"2025-02-26T12:10:29","date_gmt":"2025-02-26T11:10:29","guid":{"rendered":"https:\/\/www.bynaldis-shop.com\/?post_type=product&#038;p=9326"},"modified":"2025-10-22T15:04:50","modified_gmt":"2025-10-22T13:04:50","slug":"hasenmutter","status":"publish","type":"product","link":"https:\/\/www.bynaldis-shop.com\/?product=hasenmutter","title":{"rendered":"Hasenmama"},"content":{"rendered":"<p data-start=\"140\" data-end=\"445\"><strong>Hasenmama<\/strong><\/p>\n<p data-start=\"140\" data-end=\"445\">Dieses liebevoll handgefertigte Ei aus Pappelholz strahlt im angesagten Shabby Chic Stil und bringt eine sanfte, nat\u00fcrliche W\u00e4rme in dein Zuhause. Darauf siehst du eine bezaubernde Hasenmama, die liebevoll kleine Bl\u00fcmchen gie\u00dft. Ein herzerw\u00e4rmendes Motiv, das den Fr\u00fchling und die Osterzeit wunderbar feiert.<\/p>\n<p data-start=\"447\" data-end=\"554\">Ein zauberhaftes Deko-Objekt zum Hinstellen, das in jedem Raum Freude und liebevolle Atmosph\u00e4re verbreitet.<\/p>\n","protected":false},"excerpt":{"rendered":"<p>Hasenmama Dieses liebevoll handgefertigte Ei aus Pappelholz strahlt im angesagten Shabby Chic Stil und bringt eine sanfte, nat\u00fcrliche W\u00e4rme in dein Zuhause. Darauf siehst du eine bezaubernde Hasenmama, die liebevoll kleine Bl\u00fcmchen gie\u00dft. Ein herzerw\u00e4rmendes Motiv, das den Fr\u00fchling und die Osterzeit wunderbar feiert. Ein zauberhaftes Deko-Objekt zum Hinstellen, das in jedem Raum Freude und [&hellip;]<\/p>\n<p><a class=\"read-more\" href=\"https:\/\/www.bynaldis-shop.com\/?product=hasenmutter\">Mehr lesen<span class=\"meta-nav\">&rarr;<\/span><\/a><\/p>\n","protected":false},"featured_media":9327,"template":"","meta":[],"product_brand":[],"product_cat":[211],"product_tag":[],"class_list":{"0":"post-9326","1":"product","2":"type-product","3":"status-publish","4":"has-post-thumbnail","6":"product_cat-ostern","8":"first","9":"instock","10":"taxable","11":"shipping-taxable","12":"purchasable","13":"product-type-simple"},"_links":{"self":[{"href":"https:\/\/www.bynaldis-shop.com\/index.php?rest_route=\/wp\/v2\/product\/9326","targetHints":{"allow":["GET"]}}],"collection":[{"href":"https:\/\/www.bynaldis-shop.com\/index.php?rest_route=\/wp\/v2\/product"}],"about":[{"href":"https:\/\/www.bynaldis-shop.com\/index.php?rest_route=\/wp\/v2\/types\/product"}],"wp:featuredmedia":[{"embeddable":true,"href":"https:\/\/www.bynaldis-shop.com\/index.php?rest_route=\/wp\/v2\/media\/9327"}],"wp:attachment":[{"href":"https:\/\/www.bynaldis-shop.com\/index.php?rest_route=%2Fwp%2Fv2%2Fmedia&parent=9326"}],"wp:term":[{"taxonomy":"product_brand","embeddable":true,"href":"https:\/\/www.bynaldis-shop.com\/index.php?rest_route=%2Fwp%2Fv2%2Fproduct_brand&post=9326"},{"taxonomy":"product_cat","embeddable":true,"href":"https:\/\/www.bynaldis-shop.com\/index.php?rest_route=%2Fwp%2Fv2%2Fproduct_cat&post=9326"},{"taxonomy":"product_tag","embeddable":true,"href":"https:\/\/www.bynaldis-shop.com\/index.php?rest_route=%2Fwp%2Fv2%2Fproduct_tag&post=9326"}],"curies":[{"name":"wp","href":"https:\/\/api.w.org\/{rel}","templated":true}]}}