{"id":9315,"date":"2025-02-26T11:44:59","date_gmt":"2025-02-26T10:44:59","guid":{"rendered":"https:\/\/www.bynaldis-shop.com\/?post_type=product&#038;p=9315"},"modified":"2025-10-22T15:01:02","modified_gmt":"2025-10-22T13:01:02","slug":"hase-holz-2","status":"publish","type":"product","link":"https:\/\/www.bynaldis-shop.com\/?product=hase-holz-2","title":{"rendered":"Handgefertigter Holz-Hase mit wei\u00dfem Puschel \u2013 Liebevolle Osterdekoration"},"content":{"rendered":"<p data-start=\"46\" data-end=\"123\"><strong data-start=\"46\" data-end=\"123\">Handgefertigter Holz-Hase mit wei\u00dfem Puschel \u2013 Liebevolle Osterdekoration<\/strong><\/p>\n<p data-start=\"125\" data-end=\"358\">Dieser charmante Holz-Hase wurde sorgf\u00e4ltig von Hand gefertigt und bezaubert mit seinem flauschigen, wei\u00dfen Puschel-Schw\u00e4nzchen. Jeder Hase ist ein Unikat, bei dem die nat\u00fcrliche Maserung des Holzes besonders sch\u00f6n zur Geltung kommt.<\/p>\n<p data-start=\"360\" data-end=\"562\">Mit seiner warmen Ausstrahlung bringt er eine fr\u00f6hliche und nat\u00fcrliche Note in deine Osterdekoration \u2013 perfekt, um die Fr\u00fchlingszeit liebevoll zu begr\u00fc\u00dfen oder als s\u00fc\u00dfes Geschenk f\u00fcr besondere Menschen.<\/p>\n<p data-start=\"564\" data-end=\"619\">Ma\u00dfe: Je nach St\u00fcck leicht variierend durch Handarbeit.<\/p>\n","protected":false},"excerpt":{"rendered":"<p>Handgefertigter Holz-Hase mit wei\u00dfem Puschel \u2013 Liebevolle Osterdekoration Dieser charmante Holz-Hase wurde sorgf\u00e4ltig von Hand gefertigt und bezaubert mit seinem flauschigen, wei\u00dfen Puschel-Schw\u00e4nzchen. Jeder Hase ist ein Unikat, bei dem die nat\u00fcrliche Maserung des Holzes besonders sch\u00f6n zur Geltung kommt. Mit seiner warmen Ausstrahlung bringt er eine fr\u00f6hliche und nat\u00fcrliche Note in deine Osterdekoration \u2013 [&hellip;]<\/p>\n<p><a class=\"read-more\" href=\"https:\/\/www.bynaldis-shop.com\/?product=hase-holz-2\">Mehr lesen<span class=\"meta-nav\">&rarr;<\/span><\/a><\/p>\n","protected":false},"featured_media":9316,"template":"","meta":[],"product_brand":[],"product_cat":[211],"product_tag":[],"class_list":{"0":"post-9315","1":"product","2":"type-product","3":"status-publish","4":"has-post-thumbnail","6":"product_cat-ostern","8":"first","9":"instock","10":"taxable","11":"shipping-taxable","12":"purchasable","13":"product-type-simple"},"_links":{"self":[{"href":"https:\/\/www.bynaldis-shop.com\/index.php?rest_route=\/wp\/v2\/product\/9315","targetHints":{"allow":["GET"]}}],"collection":[{"href":"https:\/\/www.bynaldis-shop.com\/index.php?rest_route=\/wp\/v2\/product"}],"about":[{"href":"https:\/\/www.bynaldis-shop.com\/index.php?rest_route=\/wp\/v2\/types\/product"}],"wp:featuredmedia":[{"embeddable":true,"href":"https:\/\/www.bynaldis-shop.com\/index.php?rest_route=\/wp\/v2\/media\/9316"}],"wp:attachment":[{"href":"https:\/\/www.bynaldis-shop.com\/index.php?rest_route=%2Fwp%2Fv2%2Fmedia&parent=9315"}],"wp:term":[{"taxonomy":"product_brand","embeddable":true,"href":"https:\/\/www.bynaldis-shop.com\/index.php?rest_route=%2Fwp%2Fv2%2Fproduct_brand&post=9315"},{"taxonomy":"product_cat","embeddable":true,"href":"https:\/\/www.bynaldis-shop.com\/index.php?rest_route=%2Fwp%2Fv2%2Fproduct_cat&post=9315"},{"taxonomy":"product_tag","embeddable":true,"href":"https:\/\/www.bynaldis-shop.com\/index.php?rest_route=%2Fwp%2Fv2%2Fproduct_tag&post=9315"}],"curies":[{"name":"wp","href":"https:\/\/api.w.org\/{rel}","templated":true}]}}