{"id":9313,"date":"2025-02-26T11:41:03","date_gmt":"2025-02-26T10:41:03","guid":{"rendered":"https:\/\/www.bynaldis-shop.com\/?post_type=product&#038;p=9313"},"modified":"2025-08-12T11:06:56","modified_gmt":"2025-08-12T09:06:56","slug":"hase-auf-ei","status":"publish","type":"product","link":"https:\/\/www.bynaldis-shop.com\/?product=hase-auf-ei","title":{"rendered":"Wei\u00dfes Porzellan-Ei mit goldgl\u00e4nzendem Hasenmotiv \u2013 Edle Osterdekoration"},"content":{"rendered":"<p data-start=\"63\" data-end=\"139\"><strong data-start=\"63\" data-end=\"139\">Wei\u00dfes Porzellan-Ei mit goldgl\u00e4nzendem Hasenmotiv \u2013 Edle Osterdekoration<\/strong><\/p>\n<p data-start=\"141\" data-end=\"311\">Dieses elegante wei\u00dfe Porzellan-Ei ist liebevoll verziert mit einem feinen, goldgl\u00e4nzenden Hasenmotiv \u2013 ein wundersch\u00f6ner Akzent f\u00fcr deine Oster- und Fr\u00fchlingsdekoration.<\/p>\n<p data-start=\"313\" data-end=\"521\">Das hochwertige Porzellan und das schimmernde Gold verleihen dem Ei eine edle Ausstrahlung, die W\u00e4rme und Festlichkeit in dein Zuhause bringt. Perfekt als Geschenk oder als stilvolles Highlight in jedem Raum.<\/p>\n","protected":false},"excerpt":{"rendered":"<p>Wei\u00dfes Porzellan-Ei mit goldgl\u00e4nzendem Hasenmotiv \u2013 Edle Osterdekoration Dieses elegante wei\u00dfe Porzellan-Ei ist liebevoll verziert mit einem feinen, goldgl\u00e4nzenden Hasenmotiv \u2013 ein wundersch\u00f6ner Akzent f\u00fcr deine Oster- und Fr\u00fchlingsdekoration. Das hochwertige Porzellan und das schimmernde Gold verleihen dem Ei eine edle Ausstrahlung, die W\u00e4rme und Festlichkeit in dein Zuhause bringt. Perfekt als Geschenk oder als [&hellip;]<\/p>\n<p><a class=\"read-more\" href=\"https:\/\/www.bynaldis-shop.com\/?product=hase-auf-ei\">Mehr lesen<span class=\"meta-nav\">&rarr;<\/span><\/a><\/p>\n","protected":false},"featured_media":9314,"template":"","meta":[],"product_brand":[],"product_cat":[211],"product_tag":[],"class_list":{"0":"post-9313","1":"product","2":"type-product","3":"status-publish","4":"has-post-thumbnail","6":"product_cat-ostern","8":"first","9":"instock","10":"taxable","11":"shipping-taxable","12":"purchasable","13":"product-type-simple"},"_links":{"self":[{"href":"https:\/\/www.bynaldis-shop.com\/index.php?rest_route=\/wp\/v2\/product\/9313","targetHints":{"allow":["GET"]}}],"collection":[{"href":"https:\/\/www.bynaldis-shop.com\/index.php?rest_route=\/wp\/v2\/product"}],"about":[{"href":"https:\/\/www.bynaldis-shop.com\/index.php?rest_route=\/wp\/v2\/types\/product"}],"wp:featuredmedia":[{"embeddable":true,"href":"https:\/\/www.bynaldis-shop.com\/index.php?rest_route=\/wp\/v2\/media\/9314"}],"wp:attachment":[{"href":"https:\/\/www.bynaldis-shop.com\/index.php?rest_route=%2Fwp%2Fv2%2Fmedia&parent=9313"}],"wp:term":[{"taxonomy":"product_brand","embeddable":true,"href":"https:\/\/www.bynaldis-shop.com\/index.php?rest_route=%2Fwp%2Fv2%2Fproduct_brand&post=9313"},{"taxonomy":"product_cat","embeddable":true,"href":"https:\/\/www.bynaldis-shop.com\/index.php?rest_route=%2Fwp%2Fv2%2Fproduct_cat&post=9313"},{"taxonomy":"product_tag","embeddable":true,"href":"https:\/\/www.bynaldis-shop.com\/index.php?rest_route=%2Fwp%2Fv2%2Fproduct_tag&post=9313"}],"curies":[{"name":"wp","href":"https:\/\/api.w.org\/{rel}","templated":true}]}}