{"id":9311,"date":"2025-02-26T11:37:12","date_gmt":"2025-02-26T10:37:12","guid":{"rendered":"https:\/\/www.bynaldis-shop.com\/?post_type=product&#038;p=9311"},"modified":"2025-10-22T14:59:08","modified_gmt":"2025-10-22T12:59:08","slug":"hase-klein-silber","status":"publish","type":"product","link":"https:\/\/www.bynaldis-shop.com\/?product=hase-klein-silber","title":{"rendered":"Kleiner gl\u00e4nzender Silber-Hase \u2013 Elegante Osterdeko"},"content":{"rendered":"<p data-start=\"43\" data-end=\"98\"><strong data-start=\"43\" data-end=\"98\">Kleiner gl\u00e4nzender Silber-Hase \u2013 Elegante Osterdeko<\/strong><\/p>\n<p data-start=\"100\" data-end=\"308\">Dieser kleine Hase in strahlendem Silber bringt schimmernden Glanz und festliche Freude in dein Zuhause. Perfekt f\u00fcr den Fr\u00fchling und die Osterzeit verleiht er jedem Raum eine edle und zauberhafte Atmosph\u00e4re.<\/p>\n<p data-start=\"310\" data-end=\"477\">Sein gl\u00e4nzendes Finish macht ihn zum funkelnden Blickfang \u2013 ideal als feines Dekoobjekt auf dem Tisch, im Regal oder als besonderes Geschenk voller Liebe und Hoffnung.<\/p>\n","protected":false},"excerpt":{"rendered":"<p>Kleiner gl\u00e4nzender Silber-Hase \u2013 Elegante Osterdeko Dieser kleine Hase in strahlendem Silber bringt schimmernden Glanz und festliche Freude in dein Zuhause. Perfekt f\u00fcr den Fr\u00fchling und die Osterzeit verleiht er jedem Raum eine edle und zauberhafte Atmosph\u00e4re. Sein gl\u00e4nzendes Finish macht ihn zum funkelnden Blickfang \u2013 ideal als feines Dekoobjekt auf dem Tisch, im Regal [&hellip;]<\/p>\n<p><a class=\"read-more\" href=\"https:\/\/www.bynaldis-shop.com\/?product=hase-klein-silber\">Mehr lesen<span class=\"meta-nav\">&rarr;<\/span><\/a><\/p>\n","protected":false},"featured_media":9312,"template":"","meta":[],"product_brand":[],"product_cat":[211],"product_tag":[],"class_list":{"0":"post-9311","1":"product","2":"type-product","3":"status-publish","4":"has-post-thumbnail","6":"product_cat-ostern","8":"first","9":"instock","10":"taxable","11":"shipping-taxable","12":"purchasable","13":"product-type-simple"},"_links":{"self":[{"href":"https:\/\/www.bynaldis-shop.com\/index.php?rest_route=\/wp\/v2\/product\/9311","targetHints":{"allow":["GET"]}}],"collection":[{"href":"https:\/\/www.bynaldis-shop.com\/index.php?rest_route=\/wp\/v2\/product"}],"about":[{"href":"https:\/\/www.bynaldis-shop.com\/index.php?rest_route=\/wp\/v2\/types\/product"}],"wp:featuredmedia":[{"embeddable":true,"href":"https:\/\/www.bynaldis-shop.com\/index.php?rest_route=\/wp\/v2\/media\/9312"}],"wp:attachment":[{"href":"https:\/\/www.bynaldis-shop.com\/index.php?rest_route=%2Fwp%2Fv2%2Fmedia&parent=9311"}],"wp:term":[{"taxonomy":"product_brand","embeddable":true,"href":"https:\/\/www.bynaldis-shop.com\/index.php?rest_route=%2Fwp%2Fv2%2Fproduct_brand&post=9311"},{"taxonomy":"product_cat","embeddable":true,"href":"https:\/\/www.bynaldis-shop.com\/index.php?rest_route=%2Fwp%2Fv2%2Fproduct_cat&post=9311"},{"taxonomy":"product_tag","embeddable":true,"href":"https:\/\/www.bynaldis-shop.com\/index.php?rest_route=%2Fwp%2Fv2%2Fproduct_tag&post=9311"}],"curies":[{"name":"wp","href":"https:\/\/api.w.org\/{rel}","templated":true}]}}