{"id":9287,"date":"2025-01-30T14:36:56","date_gmt":"2025-01-30T13:36:56","guid":{"rendered":"https:\/\/www.bynaldis-shop.com\/?post_type=product&#038;p=9287"},"modified":"2025-10-22T14:55:40","modified_gmt":"2025-10-22T12:55:40","slug":"herz-weiss","status":"publish","type":"product","link":"https:\/\/www.bynaldis-shop.com\/?product=herz-weiss","title":{"rendered":"Wei\u00dfes Herz mit rosa Herzen"},"content":{"rendered":"<p data-start=\"79\" data-end=\"117\"><strong data-start=\"79\" data-end=\"110\">Wei\u00dfes Herz mit rosa Herzen<\/strong> \ud83e\udd0d\ud83d\udc96<\/p>\n<p data-start=\"119\" data-end=\"392\">Dieses zarte Herz aus feiner Keramik besticht durch seine strahlend wei\u00dfe Grundfarbe, liebevoll verziert mit zarten, rosa Herzmotiven. Der gl\u00e4nzende, lasierte Aufdruck schenkt dem Herz eine sanfte Eleganz und macht es zu einem Symbol f\u00fcr Reinheit, Liebe und Herzensw\u00e4rme.<\/p>\n<p data-start=\"394\" data-end=\"544\">Ein perfektes Geschenk oder liebevolles Dekost\u00fcck, das positive Energie und Geborgenheit ausstrahlt und jeden Raum mit liebevoller Stimmung erf\u00fcllt.<\/p>\n<p data-start=\"546\" data-end=\"618\"><strong data-start=\"546\" data-end=\"555\">Ma\u00dfe:<\/strong><br data-start=\"555\" data-end=\"558\" \/>6 x 6 x 2,5 cm (H\u00f6he x Breite x Tiefe)<br data-start=\"596\" data-end=\"599\" \/>Durchmesser: 6 cm<\/p>\n<p data-start=\"620\" data-end=\"704\">Ein zauberhaftes Herz, das liebevolle Gef\u00fchle sichtbar macht und das Herz ber\u00fchrt.<\/p>\n","protected":false},"excerpt":{"rendered":"<p>Wei\u00dfes Herz mit rosa Herzen \ud83e\udd0d\ud83d\udc96 Dieses zarte Herz aus feiner Keramik besticht durch seine strahlend wei\u00dfe Grundfarbe, liebevoll verziert mit zarten, rosa Herzmotiven. Der gl\u00e4nzende, lasierte Aufdruck schenkt dem Herz eine sanfte Eleganz und macht es zu einem Symbol f\u00fcr Reinheit, Liebe und Herzensw\u00e4rme. Ein perfektes Geschenk oder liebevolles Dekost\u00fcck, das positive Energie und [&hellip;]<\/p>\n<p><a class=\"read-more\" href=\"https:\/\/www.bynaldis-shop.com\/?product=herz-weiss\">Mehr lesen<span class=\"meta-nav\">&rarr;<\/span><\/a><\/p>\n","protected":false},"featured_media":9288,"template":"","meta":[],"product_brand":[],"product_cat":[221],"product_tag":[],"class_list":{"0":"post-9287","1":"product","2":"type-product","3":"status-publish","4":"has-post-thumbnail","6":"product_cat-herzstuecke","8":"first","9":"instock","10":"taxable","11":"shipping-taxable","12":"purchasable","13":"product-type-simple"},"_links":{"self":[{"href":"https:\/\/www.bynaldis-shop.com\/index.php?rest_route=\/wp\/v2\/product\/9287","targetHints":{"allow":["GET"]}}],"collection":[{"href":"https:\/\/www.bynaldis-shop.com\/index.php?rest_route=\/wp\/v2\/product"}],"about":[{"href":"https:\/\/www.bynaldis-shop.com\/index.php?rest_route=\/wp\/v2\/types\/product"}],"wp:featuredmedia":[{"embeddable":true,"href":"https:\/\/www.bynaldis-shop.com\/index.php?rest_route=\/wp\/v2\/media\/9288"}],"wp:attachment":[{"href":"https:\/\/www.bynaldis-shop.com\/index.php?rest_route=%2Fwp%2Fv2%2Fmedia&parent=9287"}],"wp:term":[{"taxonomy":"product_brand","embeddable":true,"href":"https:\/\/www.bynaldis-shop.com\/index.php?rest_route=%2Fwp%2Fv2%2Fproduct_brand&post=9287"},{"taxonomy":"product_cat","embeddable":true,"href":"https:\/\/www.bynaldis-shop.com\/index.php?rest_route=%2Fwp%2Fv2%2Fproduct_cat&post=9287"},{"taxonomy":"product_tag","embeddable":true,"href":"https:\/\/www.bynaldis-shop.com\/index.php?rest_route=%2Fwp%2Fv2%2Fproduct_tag&post=9287"}],"curies":[{"name":"wp","href":"https:\/\/api.w.org\/{rel}","templated":true}]}}