{"id":9285,"date":"2025-01-30T14:36:48","date_gmt":"2025-01-30T13:36:48","guid":{"rendered":"https:\/\/www.bynaldis-shop.com\/?post_type=product&#038;p=9285"},"modified":"2026-04-26T20:54:56","modified_gmt":"2026-04-26T18:54:56","slug":"herz-rosa","status":"publish","type":"product","link":"https:\/\/www.bynaldis-shop.com\/?product=herz-rosa","title":{"rendered":"Rosa Herz mit wei\u00dfen Herzen"},"content":{"rendered":"<p data-start=\"77\" data-end=\"115\"><strong data-start=\"77\" data-end=\"108\">Rosa Herz mit wei\u00dfen Herzen<\/strong> \ud83d\udc95\ud83e\udd0d<\/p>\n<p data-start=\"117\" data-end=\"404\">Dieses liebevoll gestaltete Herz aus hochwertiger Keramik verzaubert mit seinem zarten Rosa und den zarten, wei\u00dfen Herzmotiven. Mit einem gl\u00e4nzenden, lasierten Aufdruck strahlt es W\u00e4rme, Sanftheit und liebevolle Energie aus \u2013 ein wunderbares Symbol f\u00fcr Herzensfreude und Verbundenheit.<\/p>\n<p data-start=\"406\" data-end=\"558\">Perfekt als Geschenk oder als liebevolles Dekoelement f\u00fcr dein Zuhause, um positive Gef\u00fchle sichtbar zu machen und die Liebe sp\u00fcrbar werden zu lassen.<\/p>\n<p data-start=\"560\" data-end=\"632\"><strong data-start=\"560\" data-end=\"569\">Ma\u00dfe:<\/strong><br data-start=\"569\" data-end=\"572\" \/>6 x 6 x 2,5 cm (H\u00f6he x Breite x Tiefe)<br data-start=\"610\" data-end=\"613\" \/>Durchmesser: 6 cm<\/p>\n<p data-start=\"634\" data-end=\"731\">Ein kleines Kunstwerk, das mit seinem sanften Design Herzen ber\u00fchrt und Raum f\u00fcr Liebe schafft.<\/p>\n","protected":false},"excerpt":{"rendered":"<p>Rosa Herz mit wei\u00dfen Herzen \ud83d\udc95\ud83e\udd0d Dieses liebevoll gestaltete Herz aus hochwertiger Keramik verzaubert mit seinem zarten Rosa und den zarten, wei\u00dfen Herzmotiven. Mit einem gl\u00e4nzenden, lasierten Aufdruck strahlt es W\u00e4rme, Sanftheit und liebevolle Energie aus \u2013 ein wunderbares Symbol f\u00fcr Herzensfreude und Verbundenheit. Perfekt als Geschenk oder als liebevolles Dekoelement f\u00fcr dein Zuhause, um [&hellip;]<\/p>\n<p><a class=\"read-more\" href=\"https:\/\/www.bynaldis-shop.com\/?product=herz-rosa\">Mehr lesen<span class=\"meta-nav\">&rarr;<\/span><\/a><\/p>\n","protected":false},"featured_media":9286,"template":"","meta":[],"product_brand":[],"product_cat":[221],"product_tag":[],"class_list":{"0":"post-9285","1":"product","2":"type-product","3":"status-publish","4":"has-post-thumbnail","6":"product_cat-herziges","8":"first","9":"instock","10":"taxable","11":"shipping-taxable","12":"purchasable","13":"product-type-simple"},"_links":{"self":[{"href":"https:\/\/www.bynaldis-shop.com\/index.php?rest_route=\/wp\/v2\/product\/9285","targetHints":{"allow":["GET"]}}],"collection":[{"href":"https:\/\/www.bynaldis-shop.com\/index.php?rest_route=\/wp\/v2\/product"}],"about":[{"href":"https:\/\/www.bynaldis-shop.com\/index.php?rest_route=\/wp\/v2\/types\/product"}],"wp:featuredmedia":[{"embeddable":true,"href":"https:\/\/www.bynaldis-shop.com\/index.php?rest_route=\/wp\/v2\/media\/9286"}],"wp:attachment":[{"href":"https:\/\/www.bynaldis-shop.com\/index.php?rest_route=%2Fwp%2Fv2%2Fmedia&parent=9285"}],"wp:term":[{"taxonomy":"product_brand","embeddable":true,"href":"https:\/\/www.bynaldis-shop.com\/index.php?rest_route=%2Fwp%2Fv2%2Fproduct_brand&post=9285"},{"taxonomy":"product_cat","embeddable":true,"href":"https:\/\/www.bynaldis-shop.com\/index.php?rest_route=%2Fwp%2Fv2%2Fproduct_cat&post=9285"},{"taxonomy":"product_tag","embeddable":true,"href":"https:\/\/www.bynaldis-shop.com\/index.php?rest_route=%2Fwp%2Fv2%2Fproduct_tag&post=9285"}],"curies":[{"name":"wp","href":"https:\/\/api.w.org\/{rel}","templated":true}]}}