{"id":9283,"date":"2025-01-30T14:28:03","date_gmt":"2025-01-30T13:28:03","guid":{"rendered":"https:\/\/www.bynaldis-shop.com\/?post_type=product&#038;p=9283"},"modified":"2026-01-01T12:55:10","modified_gmt":"2026-01-01T11:55:10","slug":"zwerg-willi-3","status":"publish","type":"product","link":"https:\/\/www.bynaldis-shop.com\/?product=zwerg-willi-3","title":{"rendered":"Kleiner Zwerg Willi mit wei\u00dfem Briefumschlag und wei\u00dfen Herzen"},"content":{"rendered":"<p data-start=\"98\" data-end=\"171\"><strong data-start=\"98\" data-end=\"164\">Kleiner Zwerg Willi mit wei\u00dfem Briefumschlag und wei\u00dfen Herzen<\/strong> \ud83d\udc8c\ud83e\udd0d<\/p>\n<p data-start=\"173\" data-end=\"450\">Handgearbeitet und liebevoll handbemalt aus hochwertigem Kunstharz, h\u00e4lt Zwerg Willi diesmal einen wei\u00dfen Briefumschlag in den H\u00e4nden, verziert mit zarten wei\u00dfen Herzen. Dieses Symbol steht f\u00fcr liebevolle Botschaften, Reinheit und den Zauber der Kommunikation aus dem Herzen.<\/p>\n<p data-start=\"452\" data-end=\"788\">Zwerge sind treue Begleiter aus dem Naturreich, die uns daran erinnern, wie wichtig es ist, Liebe und positive Energie zu senden und zu empfangen. Zwerg Willi mit seinem wei\u00dfen Briefumschlag bringt dir die Kraft des Mitgef\u00fchls, der Vergebung und des offenen Austauschs \u2013 eine Einladung, deine Herzensbotschaften in die Welt zu tragen.<\/p>\n<p data-start=\"790\" data-end=\"822\"><strong data-start=\"790\" data-end=\"799\">Ma\u00dfe:<\/strong><br data-start=\"799\" data-end=\"802\" \/>3,5 x 4,2 x 7,5 cm<\/p>\n<p data-start=\"824\" data-end=\"965\">Ein herzerw\u00e4rmendes Deko-Highlight und kraftvoller Begleiter, der dich stets daran erinnert, mit Liebe und Offenheit durchs Leben zu gehen.<\/p>\n","protected":false},"excerpt":{"rendered":"<p>Kleiner Zwerg Willi mit wei\u00dfem Briefumschlag und wei\u00dfen Herzen \ud83d\udc8c\ud83e\udd0d Handgearbeitet und liebevoll handbemalt aus hochwertigem Kunstharz, h\u00e4lt Zwerg Willi diesmal einen wei\u00dfen Briefumschlag in den H\u00e4nden, verziert mit zarten wei\u00dfen Herzen. Dieses Symbol steht f\u00fcr liebevolle Botschaften, Reinheit und den Zauber der Kommunikation aus dem Herzen. Zwerge sind treue Begleiter aus dem Naturreich, die [&hellip;]<\/p>\n<p><a class=\"read-more\" href=\"https:\/\/www.bynaldis-shop.com\/?product=zwerg-willi-3\">Mehr lesen<span class=\"meta-nav\">&rarr;<\/span><\/a><\/p>\n","protected":false},"featured_media":9284,"template":"","meta":[],"product_brand":[],"product_cat":[290,276],"product_tag":[],"class_list":{"0":"post-9283","1":"product","2":"type-product","3":"status-publish","4":"has-post-thumbnail","6":"product_cat-weihnachtszauber-fuer-kleine-herzen","7":"product_cat-weihnachtsmaenner-und-wichtel","9":"first","10":"instock","11":"taxable","12":"shipping-taxable","13":"purchasable","14":"product-type-simple"},"_links":{"self":[{"href":"https:\/\/www.bynaldis-shop.com\/index.php?rest_route=\/wp\/v2\/product\/9283","targetHints":{"allow":["GET"]}}],"collection":[{"href":"https:\/\/www.bynaldis-shop.com\/index.php?rest_route=\/wp\/v2\/product"}],"about":[{"href":"https:\/\/www.bynaldis-shop.com\/index.php?rest_route=\/wp\/v2\/types\/product"}],"wp:featuredmedia":[{"embeddable":true,"href":"https:\/\/www.bynaldis-shop.com\/index.php?rest_route=\/wp\/v2\/media\/9284"}],"wp:attachment":[{"href":"https:\/\/www.bynaldis-shop.com\/index.php?rest_route=%2Fwp%2Fv2%2Fmedia&parent=9283"}],"wp:term":[{"taxonomy":"product_brand","embeddable":true,"href":"https:\/\/www.bynaldis-shop.com\/index.php?rest_route=%2Fwp%2Fv2%2Fproduct_brand&post=9283"},{"taxonomy":"product_cat","embeddable":true,"href":"https:\/\/www.bynaldis-shop.com\/index.php?rest_route=%2Fwp%2Fv2%2Fproduct_cat&post=9283"},{"taxonomy":"product_tag","embeddable":true,"href":"https:\/\/www.bynaldis-shop.com\/index.php?rest_route=%2Fwp%2Fv2%2Fproduct_tag&post=9283"}],"curies":[{"name":"wp","href":"https:\/\/api.w.org\/{rel}","templated":true}]}}