{"id":9281,"date":"2025-01-30T14:27:07","date_gmt":"2025-01-30T13:27:07","guid":{"rendered":"https:\/\/www.bynaldis-shop.com\/?post_type=product&#038;p=9281"},"modified":"2026-01-01T12:55:32","modified_gmt":"2026-01-01T11:55:32","slug":"zwerg-willi-2","status":"publish","type":"product","link":"https:\/\/www.bynaldis-shop.com\/?product=zwerg-willi-2","title":{"rendered":"Kleiner Zwerg Willi mit rotem Buch"},"content":{"rendered":"<p data-start=\"75\" data-end=\"119\"><strong data-start=\"75\" data-end=\"113\">Kleiner Zwerg Willi mit rotem Buch<\/strong> \ud83d\udcd6\u2728<\/p>\n<p data-start=\"121\" data-end=\"357\">Handgearbeitet und liebevoll handbemalt aus hochwertigem Kunstharz, h\u00e4lt Zwerg Willi diesmal ein leuchtend rotes Buch in seinen H\u00e4nden. Dieses Buch symbolisiert Weisheit, Geschichten aus dem Naturreich und das Wissen der alten Zeiten.<\/p>\n<p data-start=\"359\" data-end=\"706\">Zwerge sind H\u00fcter der Erde und Bewahrer der verborgenen Geheimnisse der Natur. Mit seinem roten Buch erinnert Zwerg Willi daran, dass in jedem von uns eine Schatzkammer voller Wissen, Erfahrung und Herzensweisheit schlummert. Er ermutigt dich, neugierig zu bleiben, zu lernen und dein eigenes Buch des Lebens mit Liebe und Achtsamkeit zu f\u00fcllen.<\/p>\n<p data-start=\"708\" data-end=\"740\"><strong data-start=\"708\" data-end=\"717\">Ma\u00dfe:<\/strong><br data-start=\"717\" data-end=\"720\" \/>3,5 x 4,2 x 7,5 cm<\/p>\n<p data-start=\"742\" data-end=\"910\">Ein zauberhaftes Deko-Highlight und ein kraftvoller Begleiter f\u00fcr deinen Alltag \u2013 perfekt, um die Magie des Lernens und die Verbundenheit zur Natur bei dir zu tragen.<\/p>\n","protected":false},"excerpt":{"rendered":"<p>Kleiner Zwerg Willi mit rotem Buch \ud83d\udcd6\u2728 Handgearbeitet und liebevoll handbemalt aus hochwertigem Kunstharz, h\u00e4lt Zwerg Willi diesmal ein leuchtend rotes Buch in seinen H\u00e4nden. Dieses Buch symbolisiert Weisheit, Geschichten aus dem Naturreich und das Wissen der alten Zeiten. Zwerge sind H\u00fcter der Erde und Bewahrer der verborgenen Geheimnisse der Natur. Mit seinem roten Buch [&hellip;]<\/p>\n<p><a class=\"read-more\" href=\"https:\/\/www.bynaldis-shop.com\/?product=zwerg-willi-2\">Mehr lesen<span class=\"meta-nav\">&rarr;<\/span><\/a><\/p>\n","protected":false},"featured_media":9282,"template":"","meta":[],"product_brand":[],"product_cat":[290,276],"product_tag":[],"class_list":{"0":"post-9281","1":"product","2":"type-product","3":"status-publish","4":"has-post-thumbnail","6":"product_cat-weihnachtszauber-fuer-kleine-herzen","7":"product_cat-weihnachtsmaenner-und-wichtel","9":"first","10":"instock","11":"taxable","12":"shipping-taxable","13":"purchasable","14":"product-type-simple"},"_links":{"self":[{"href":"https:\/\/www.bynaldis-shop.com\/index.php?rest_route=\/wp\/v2\/product\/9281","targetHints":{"allow":["GET"]}}],"collection":[{"href":"https:\/\/www.bynaldis-shop.com\/index.php?rest_route=\/wp\/v2\/product"}],"about":[{"href":"https:\/\/www.bynaldis-shop.com\/index.php?rest_route=\/wp\/v2\/types\/product"}],"wp:featuredmedia":[{"embeddable":true,"href":"https:\/\/www.bynaldis-shop.com\/index.php?rest_route=\/wp\/v2\/media\/9282"}],"wp:attachment":[{"href":"https:\/\/www.bynaldis-shop.com\/index.php?rest_route=%2Fwp%2Fv2%2Fmedia&parent=9281"}],"wp:term":[{"taxonomy":"product_brand","embeddable":true,"href":"https:\/\/www.bynaldis-shop.com\/index.php?rest_route=%2Fwp%2Fv2%2Fproduct_brand&post=9281"},{"taxonomy":"product_cat","embeddable":true,"href":"https:\/\/www.bynaldis-shop.com\/index.php?rest_route=%2Fwp%2Fv2%2Fproduct_cat&post=9281"},{"taxonomy":"product_tag","embeddable":true,"href":"https:\/\/www.bynaldis-shop.com\/index.php?rest_route=%2Fwp%2Fv2%2Fproduct_tag&post=9281"}],"curies":[{"name":"wp","href":"https:\/\/api.w.org\/{rel}","templated":true}]}}