{"id":9279,"date":"2025-01-30T14:25:53","date_gmt":"2025-01-30T13:25:53","guid":{"rendered":"https:\/\/www.bynaldis-shop.com\/?post_type=product&#038;p=9279"},"modified":"2026-01-01T12:55:44","modified_gmt":"2026-01-01T11:55:44","slug":"zwerg-willi-1","status":"publish","type":"product","link":"https:\/\/www.bynaldis-shop.com\/?product=zwerg-willi-1","title":{"rendered":"Zwerg Willi mit rotem Herz"},"content":{"rendered":"<p data-start=\"81\" data-end=\"125\"><strong data-start=\"81\" data-end=\"119\">Zwerg Willi mit rotem Herz<\/strong> \u2764\ufe0f\u2728<\/p>\n<p data-start=\"127\" data-end=\"399\">Dieser liebevoll handgearbeitete und handbemalte Zwerg Willi aus hochwertigem Kunstharz h\u00e4lt ein strahlend rotes Herz fest in seinen H\u00e4nden. Zwerg Willi ist ein Symbol aus dem alten Naturreich \u2013 H\u00fcter der Erde, Besch\u00fctzer der kleinen Wunder und Bringer von Herzensw\u00e4rme.<\/p>\n<p data-start=\"401\" data-end=\"810\">Im Glauben vieler Kulturen stehen Zwerge f\u00fcr Kraft, Verwurzelung und den engen Bezug zur Natur. Sie erinnern uns daran, die kleinen, kostbaren Dinge im Leben zu sch\u00e4tzen, mit Liebe zu handeln und unsere Wurzeln zu pflegen. Mit seinem roten Herz l\u00e4dt Zwerg Willi dich ein, dein eigenes Herz zu \u00f6ffnen, Liebe zu schenken und dich selbst daran zu erinnern, dass auch die kleinsten Wesen Gro\u00dfes bewirken k\u00f6nnen.<\/p>\n<p data-start=\"812\" data-end=\"844\"><strong data-start=\"812\" data-end=\"821\">Ma\u00dfe:<\/strong><br data-start=\"821\" data-end=\"824\" \/>3,5 x 4,2 x 7,5 cm<\/p>\n<p data-start=\"846\" data-end=\"1017\">Ein zauberhaftes Deko-Highlight und ein kraftvoller Begleiter f\u00fcr deinen Alltag. Perfekt, um W\u00e4rme, positive Energie und die Magie der Natur in dein Zuhause zu bringen.<\/p>\n","protected":false},"excerpt":{"rendered":"<p>Zwerg Willi mit rotem Herz \u2764\ufe0f\u2728 Dieser liebevoll handgearbeitete und handbemalte Zwerg Willi aus hochwertigem Kunstharz h\u00e4lt ein strahlend rotes Herz fest in seinen H\u00e4nden. Zwerg Willi ist ein Symbol aus dem alten Naturreich \u2013 H\u00fcter der Erde, Besch\u00fctzer der kleinen Wunder und Bringer von Herzensw\u00e4rme. Im Glauben vieler Kulturen stehen Zwerge f\u00fcr Kraft, Verwurzelung [&hellip;]<\/p>\n<p><a class=\"read-more\" href=\"https:\/\/www.bynaldis-shop.com\/?product=zwerg-willi-1\">Mehr lesen<span class=\"meta-nav\">&rarr;<\/span><\/a><\/p>\n","protected":false},"featured_media":9280,"template":"","meta":[],"product_brand":[],"product_cat":[290,276],"product_tag":[],"class_list":{"0":"post-9279","1":"product","2":"type-product","3":"status-publish","4":"has-post-thumbnail","6":"product_cat-weihnachtszauber-fuer-kleine-herzen","7":"product_cat-weihnachtsmaenner-und-wichtel","9":"first","10":"instock","11":"taxable","12":"shipping-taxable","13":"purchasable","14":"product-type-simple"},"_links":{"self":[{"href":"https:\/\/www.bynaldis-shop.com\/index.php?rest_route=\/wp\/v2\/product\/9279","targetHints":{"allow":["GET"]}}],"collection":[{"href":"https:\/\/www.bynaldis-shop.com\/index.php?rest_route=\/wp\/v2\/product"}],"about":[{"href":"https:\/\/www.bynaldis-shop.com\/index.php?rest_route=\/wp\/v2\/types\/product"}],"wp:featuredmedia":[{"embeddable":true,"href":"https:\/\/www.bynaldis-shop.com\/index.php?rest_route=\/wp\/v2\/media\/9280"}],"wp:attachment":[{"href":"https:\/\/www.bynaldis-shop.com\/index.php?rest_route=%2Fwp%2Fv2%2Fmedia&parent=9279"}],"wp:term":[{"taxonomy":"product_brand","embeddable":true,"href":"https:\/\/www.bynaldis-shop.com\/index.php?rest_route=%2Fwp%2Fv2%2Fproduct_brand&post=9279"},{"taxonomy":"product_cat","embeddable":true,"href":"https:\/\/www.bynaldis-shop.com\/index.php?rest_route=%2Fwp%2Fv2%2Fproduct_cat&post=9279"},{"taxonomy":"product_tag","embeddable":true,"href":"https:\/\/www.bynaldis-shop.com\/index.php?rest_route=%2Fwp%2Fv2%2Fproduct_tag&post=9279"}],"curies":[{"name":"wp","href":"https:\/\/api.w.org\/{rel}","templated":true}]}}