{"id":9215,"date":"2025-01-14T17:05:28","date_gmt":"2025-01-14T16:05:28","guid":{"rendered":"https:\/\/www.bynaldis-shop.com\/?post_type=product&#038;p=9215"},"modified":"2026-03-25T13:29:09","modified_gmt":"2026-03-25T12:29:09","slug":"herz-speckstein-danke","status":"publish","type":"product","link":"https:\/\/www.bynaldis-shop.com\/?product=herz-speckstein-danke","title":{"rendered":"Herz Speckstein &#8222;Danke&#8220;"},"content":{"rendered":"<p>Dieses kleine Herz aus Speckstein tr\u00e4gt die schlichte Botschaft \u201eDanke&#8220; ist ein stiller Ausdruck von Wertsch\u00e4tzung. Der etwa 3\u20135 cm gro\u00dfe Stein ist in warmem Rot gehalten, die Schrift in sanftem Creme, und liegt angenehm in der Hand. Ein kleiner Handschmeichler f\u00fcr zwischendurch.<\/p>\n<p>Speckstein f\u00fchlt sich weich und glatt an und steht f\u00fcr Ruhe, Best\u00e4ndigkeit und Erdung. Jedes Herz ist handgefertigt und individuell gearbeitet in Form, Farbe und Ausdruck &#8211; ein echtes Unikat. Ob als liebevolles Dankesch\u00f6n, als kleiner Begleiter auf dem Schreibtisch, als Erinnerung auf dem Nachttisch oder einfach als Zeichen von Verbundenheit: Dieses Herz ist ein stilles Geschenk f\u00fcr jede und jeden zum Verschenken, Hinlegen, Festhalten und Immer-wieder-Anschauen.<\/p>\n<p>Auf unserer Homepage finden Sie weitere kleine Speckstein Herzen mit unterschiedlichen Botschaften. St\u00f6bern Sie gern und entdecken Sie das Herz, das sich genau richtig anf\u00fchlt. Viel Freude dabei.<\/p>\n","protected":false},"excerpt":{"rendered":"<p>Dieses kleine Herz aus Speckstein tr\u00e4gt die schlichte Botschaft \u201eDanke&#8220; ist ein stiller Ausdruck von Wertsch\u00e4tzung. Der etwa 3\u20135 cm gro\u00dfe Stein ist in warmem Rot gehalten, die Schrift in sanftem Creme, und liegt angenehm in der Hand. Ein kleiner Handschmeichler f\u00fcr zwischendurch. Speckstein f\u00fchlt sich weich und glatt an und steht f\u00fcr Ruhe, Best\u00e4ndigkeit [&hellip;]<\/p>\n<p><a class=\"read-more\" href=\"https:\/\/www.bynaldis-shop.com\/?product=herz-speckstein-danke\">Mehr lesen<span class=\"meta-nav\">&rarr;<\/span><\/a><\/p>\n","protected":false},"featured_media":10888,"template":"","meta":[],"product_brand":[],"product_cat":[288,209,221],"product_tag":[],"class_list":{"0":"post-9215","1":"product","2":"type-product","3":"status-publish","4":"has-post-thumbnail","6":"product_cat-alles-fuer-das-kinderherz","7":"product_cat-herzen","8":"product_cat-herzstuecke","10":"first","11":"instock","12":"taxable","13":"shipping-taxable","14":"purchasable","15":"product-type-simple"},"_links":{"self":[{"href":"https:\/\/www.bynaldis-shop.com\/index.php?rest_route=\/wp\/v2\/product\/9215","targetHints":{"allow":["GET"]}}],"collection":[{"href":"https:\/\/www.bynaldis-shop.com\/index.php?rest_route=\/wp\/v2\/product"}],"about":[{"href":"https:\/\/www.bynaldis-shop.com\/index.php?rest_route=\/wp\/v2\/types\/product"}],"wp:featuredmedia":[{"embeddable":true,"href":"https:\/\/www.bynaldis-shop.com\/index.php?rest_route=\/wp\/v2\/media\/10888"}],"wp:attachment":[{"href":"https:\/\/www.bynaldis-shop.com\/index.php?rest_route=%2Fwp%2Fv2%2Fmedia&parent=9215"}],"wp:term":[{"taxonomy":"product_brand","embeddable":true,"href":"https:\/\/www.bynaldis-shop.com\/index.php?rest_route=%2Fwp%2Fv2%2Fproduct_brand&post=9215"},{"taxonomy":"product_cat","embeddable":true,"href":"https:\/\/www.bynaldis-shop.com\/index.php?rest_route=%2Fwp%2Fv2%2Fproduct_cat&post=9215"},{"taxonomy":"product_tag","embeddable":true,"href":"https:\/\/www.bynaldis-shop.com\/index.php?rest_route=%2Fwp%2Fv2%2Fproduct_tag&post=9215"}],"curies":[{"name":"wp","href":"https:\/\/api.w.org\/{rel}","templated":true}]}}