{"id":9192,"date":"2024-12-25T14:53:26","date_gmt":"2024-12-25T13:53:26","guid":{"rendered":"https:\/\/www.bynaldis-shop.com\/?post_type=product&#038;p=9192"},"modified":"2025-10-22T14:47:21","modified_gmt":"2025-10-22T12:47:21","slug":"halter-holz-elefant","status":"publish","type":"product","link":"https:\/\/www.bynaldis-shop.com\/?product=halter-holz-elefant","title":{"rendered":"R\u00e4ucherst\u00e4bchenhalter mit goldenem Elefanten \u2013 F\u00fcr Harmonie und Gl\u00fcck"},"content":{"rendered":"<article class=\"text-token-text-primary w-full focus:outline-none scroll-mt-[calc(var(--header-height)+min(200px,max(70px,20svh)))]\" dir=\"auto\" tabindex=\"-1\" data-turn-id=\"request-6884d4ac-8230-8324-9295-a90d37ba8eae-101\" data-testid=\"conversation-turn-682\" data-scroll-anchor=\"true\" data-turn=\"assistant\">\n<div class=\"text-base my-auto mx-auto pb-10 [--thread-content-margin:--spacing(4)] @[37rem]:[--thread-content-margin:--spacing(6)] @[72rem]:[--thread-content-margin:--spacing(16)] px-(--thread-content-margin)\">\n<div class=\"[--thread-content-max-width:32rem] @[34rem]:[--thread-content-max-width:40rem] @[64rem]:[--thread-content-max-width:48rem] mx-auto max-w-(--thread-content-max-width) flex-1 group\/turn-messages focus-visible:outline-hidden relative flex w-full min-w-0 flex-col agent-turn\" tabindex=\"-1\">\n<div class=\"flex max-w-full flex-col grow\">\n<div class=\"min-h-8 text-message relative flex w-full flex-col items-end gap-2 text-start break-words whitespace-normal [.text-message+&amp;]:mt-5\" dir=\"auto\" data-message-author-role=\"assistant\" data-message-id=\"85d89956-5598-49a0-8065-fdd36cbb506f\" data-message-model-slug=\"gpt-5\">\n<div class=\"flex w-full flex-col gap-1 empty:hidden first:pt-[3px]\">\n<div class=\"markdown prose dark:prose-invert w-full break-words light markdown-new-styling\">\n<p data-start=\"0\" data-end=\"75\"><strong data-start=\"0\" data-end=\"73\">R\u00e4ucherst\u00e4bchenhalter mit goldenem Elefanten \u2013 F\u00fcr Harmonie und Gl\u00fcck<\/strong><\/p>\n<p data-start=\"77\" data-end=\"245\">Dieser handgefertigte R\u00e4ucherst\u00e4bchenhalter aus edlem Naturholz wird von einem goldfarbenen Metall-Elefanten geschm\u00fcckt \u2013 einem Symbol f\u00fcr Weisheit, St\u00e4rke und Gl\u00fcck.<\/p>\n<p data-start=\"247\" data-end=\"596\">W\u00e4hrend dein R\u00e4ucherst\u00e4bchen langsam abbrennt und der duftende Rauch sanft in die Luft steigt, strahlt der goldene Elefant Ruhe und Gelassenheit aus. Die warme Holzmaserung und der metallische Glanz erg\u00e4nzen sich perfekt und machen dieses St\u00fcck zu einem stilvollen Begleiter f\u00fcr Meditation, Entspannung oder einfach f\u00fcr eine behagliche Atmosph\u00e4re.<\/p>\n<p data-start=\"598\" data-end=\"619\"><strong data-start=\"598\" data-end=\"617\">Besonderheiten:<\/strong><\/p>\n<ul data-start=\"620\" data-end=\"816\" data-is-last-node=\"\" data-is-only-node=\"\">\n<li data-start=\"620\" data-end=\"660\">\n<p data-start=\"622\" data-end=\"660\">Naturholz mit einzigartiger Maserung<\/p>\n<\/li>\n<li data-start=\"661\" data-end=\"720\">\n<p data-start=\"663\" data-end=\"720\">Goldener Metall-Elefant als Symbol f\u00fcr Gl\u00fcck und Schutz<\/p>\n<\/li>\n<li data-start=\"721\" data-end=\"760\">\n<p data-start=\"723\" data-end=\"760\">Auffangmulde f\u00fcr sauberes Abbrennen<\/p>\n<\/li>\n<li data-start=\"761\" data-end=\"806\">\n<p data-start=\"763\" data-end=\"806\">Passend f\u00fcr alle g\u00e4ngigen R\u00e4ucherst\u00e4bchen<\/p>\n<\/li>\n<li data-start=\"761\" data-end=\"806\">\n<p data-start=\"763\" data-end=\"806\">Ideal f\u00fcr Rituale, Entspannungsmomente und als liebevolles Geschenk<\/p>\n<\/li>\n<li data-start=\"761\" data-end=\"806\">\n<p data-start=\"922\" data-end=\"985\" data-is-last-node=\"\" data-is-only-node=\"\">\u2728 <em data-start=\"924\" data-end=\"983\">Ein kraftvoller Elefant, der dich kraftvoll durch deinen Alltag begleitet\u00a0<\/em><\/p>\n<\/li>\n<\/ul>\n<\/div>\n<\/div>\n<\/div>\n<\/div>\n<\/div>\n<\/div>\n<\/article>\n<div class=\"pointer-events-none h-px w-px\" aria-hidden=\"true\" data-edge=\"true\">Und weil ein sch\u00f6ner Halter noch mehr Freude macht mit dem passenden Duft, findest du in unserem Shop eine gro\u00dfe Auswahl an herrlichen R\u00e4ucherst\u00e4bchen \u2013 von sanft blumig bis w\u00fcrzig warm. St\u00f6bere gern ein bisschen, lass dich von den D\u00fcften inspirieren und finde genau die Aromen, die dein Herz ber\u00fchren.<\/div>\n","protected":false},"excerpt":{"rendered":"<p>R\u00e4ucherst\u00e4bchenhalter mit goldenem Elefanten \u2013 F\u00fcr Harmonie und Gl\u00fcck Dieser handgefertigte R\u00e4ucherst\u00e4bchenhalter aus edlem Naturholz wird von einem goldfarbenen Metall-Elefanten geschm\u00fcckt \u2013 einem Symbol f\u00fcr Weisheit, St\u00e4rke und Gl\u00fcck. W\u00e4hrend dein R\u00e4ucherst\u00e4bchen langsam abbrennt und der duftende Rauch sanft in die Luft steigt, strahlt der goldene Elefant Ruhe und Gelassenheit aus. Die warme Holzmaserung und [&hellip;]<\/p>\n<p><a class=\"read-more\" href=\"https:\/\/www.bynaldis-shop.com\/?product=halter-holz-elefant\">Mehr lesen<span class=\"meta-nav\">&rarr;<\/span><\/a><\/p>\n","protected":false},"featured_media":9193,"template":"","meta":[],"product_brand":[],"product_cat":[252],"product_tag":[],"class_list":{"0":"post-9192","1":"product","2":"type-product","3":"status-publish","4":"has-post-thumbnail","6":"product_cat-zubehoer","8":"first","9":"instock","10":"taxable","11":"shipping-taxable","12":"purchasable","13":"product-type-simple"},"_links":{"self":[{"href":"https:\/\/www.bynaldis-shop.com\/index.php?rest_route=\/wp\/v2\/product\/9192","targetHints":{"allow":["GET"]}}],"collection":[{"href":"https:\/\/www.bynaldis-shop.com\/index.php?rest_route=\/wp\/v2\/product"}],"about":[{"href":"https:\/\/www.bynaldis-shop.com\/index.php?rest_route=\/wp\/v2\/types\/product"}],"wp:featuredmedia":[{"embeddable":true,"href":"https:\/\/www.bynaldis-shop.com\/index.php?rest_route=\/wp\/v2\/media\/9193"}],"wp:attachment":[{"href":"https:\/\/www.bynaldis-shop.com\/index.php?rest_route=%2Fwp%2Fv2%2Fmedia&parent=9192"}],"wp:term":[{"taxonomy":"product_brand","embeddable":true,"href":"https:\/\/www.bynaldis-shop.com\/index.php?rest_route=%2Fwp%2Fv2%2Fproduct_brand&post=9192"},{"taxonomy":"product_cat","embeddable":true,"href":"https:\/\/www.bynaldis-shop.com\/index.php?rest_route=%2Fwp%2Fv2%2Fproduct_cat&post=9192"},{"taxonomy":"product_tag","embeddable":true,"href":"https:\/\/www.bynaldis-shop.com\/index.php?rest_route=%2Fwp%2Fv2%2Fproduct_tag&post=9192"}],"curies":[{"name":"wp","href":"https:\/\/api.w.org\/{rel}","templated":true}]}}