{"id":9190,"date":"2024-12-25T14:51:16","date_gmt":"2024-12-25T13:51:16","guid":{"rendered":"https:\/\/www.bynaldis-shop.com\/?post_type=product&#038;p=9190"},"modified":"2025-10-22T14:46:48","modified_gmt":"2025-10-22T12:46:48","slug":"halter-holz-stern","status":"publish","type":"product","link":"https:\/\/www.bynaldis-shop.com\/?product=halter-holz-stern","title":{"rendered":"R\u00e4ucherst\u00e4bchenhalter mit goldenem Stern \u2013 F\u00fcr magische Duftmomente"},"content":{"rendered":"<article class=\"text-token-text-primary w-full focus:outline-none scroll-mt-[calc(var(--header-height)+min(200px,max(70px,20svh)))]\" dir=\"auto\" tabindex=\"-1\" data-turn-id=\"request-6884d4ac-8230-8324-9295-a90d37ba8eae-100\" data-testid=\"conversation-turn-680\" data-scroll-anchor=\"true\" data-turn=\"assistant\">\n<div class=\"text-base my-auto mx-auto pb-10 [--thread-content-margin:--spacing(4)] @[37rem]:[--thread-content-margin:--spacing(6)] @[72rem]:[--thread-content-margin:--spacing(16)] px-(--thread-content-margin)\">\n<div class=\"[--thread-content-max-width:32rem] @[34rem]:[--thread-content-max-width:40rem] @[64rem]:[--thread-content-max-width:48rem] mx-auto max-w-(--thread-content-max-width) flex-1 group\/turn-messages focus-visible:outline-hidden relative flex w-full min-w-0 flex-col agent-turn\" tabindex=\"-1\">\n<div class=\"flex max-w-full flex-col grow\">\n<div class=\"min-h-8 text-message relative flex w-full flex-col items-end gap-2 text-start break-words whitespace-normal [.text-message+&amp;]:mt-5\" dir=\"auto\" data-message-author-role=\"assistant\" data-message-id=\"0ee802ed-8f26-4674-96c6-e7577e4e3869\" data-message-model-slug=\"gpt-5\">\n<div class=\"flex w-full flex-col gap-1 empty:hidden first:pt-[3px]\">\n<div class=\"markdown prose dark:prose-invert w-full break-words light markdown-new-styling\">\n<p data-start=\"0\" data-end=\"73\"><strong data-start=\"0\" data-end=\"71\">R\u00e4ucherst\u00e4bchenhalter mit goldenem Stern \u2013 F\u00fcr magische Duftmomente<\/strong><\/p>\n<p data-start=\"75\" data-end=\"282\">Dieser liebevoll gefertigte R\u00e4ucherst\u00e4bchenhalter aus warmem Naturholz tr\u00e4gt in seiner Mitte einen strahlenden Stern aus goldenem Metall \u2013 ein Symbol f\u00fcr Licht, Hoffnung und die kleinen Wunder des Alltags.<\/p>\n<p data-start=\"284\" data-end=\"639\">Wenn das R\u00e4ucherst\u00e4bchen langsam verglimmt, tanzt der Rauch sanft in die Luft und der goldene Stern f\u00e4ngt das Licht ein. Er erinnert dich daran, innezuhalten und die besonderen Momente zu genie\u00dfen. Schlicht im Design und zugleich edel in der Wirkung, ist er perfekt f\u00fcr deine pers\u00f6nliche Wohlf\u00fchloase, f\u00fcr Meditation oder einfach f\u00fcr gem\u00fctliche Stunden.<\/p>\n<p data-start=\"641\" data-end=\"662\"><strong data-start=\"641\" data-end=\"660\">Besonderheiten:<\/strong><\/p>\n<ul data-start=\"663\" data-end=\"920\">\n<li data-start=\"663\" data-end=\"709\">\n<p data-start=\"665\" data-end=\"709\">Hochwertiges Holz mit nat\u00fcrlicher Maserung<\/p>\n<\/li>\n<li data-start=\"710\" data-end=\"752\">\n<p data-start=\"712\" data-end=\"752\">Goldfarbener Metallstern als Blickfang<\/p>\n<\/li>\n<li data-start=\"753\" data-end=\"802\">\n<p data-start=\"755\" data-end=\"802\">Auffangmulde f\u00fcr Asche \u2013 sauber und praktisch<\/p>\n<\/li>\n<li data-start=\"803\" data-end=\"848\">\n<p data-start=\"805\" data-end=\"848\">Passend f\u00fcr alle g\u00e4ngigen R\u00e4ucherst\u00e4bchen<\/p>\n<\/li>\n<li data-start=\"849\" data-end=\"920\">\n<p data-start=\"851\" data-end=\"920\">Ideal f\u00fcr Rituale, Entspannungsmomente und als liebevolles Geschenk<\/p>\n<\/li>\n<\/ul>\n<p data-start=\"922\" data-end=\"985\" data-is-last-node=\"\" data-is-only-node=\"\">\u2728 <em data-start=\"924\" data-end=\"983\">Ein kleiner Stern, der deinen Alltag zum Leuchten bringt.<\/em><\/p>\n<\/div>\n<\/div>\n<\/div>\n<\/div>\n<div class=\"flex min-h-[46px] justify-start\">\n<div class=\"touch:-me-2 touch:-ms-3.5 -ms-2.5 -me-1 flex flex-wrap items-center gap-y-4 p-1 select-none touch:w-[calc(100%+--spacing(3.5))] -mt-1 w-[calc(100%+--spacing(2.5))] duration-[1.5s] focus-within:transition-none hover:transition-none pointer-events-none [mask-image:linear-gradient(to_right,black_33%,transparent_66%)] [mask-size:300%_100%] [mask-position:100%_0%] motion-safe:transition-[mask-position] group-hover\/turn-messages:pointer-events-auto group-hover\/turn-messages:[mask-position:0_0] group-focus-within\/turn-messages:pointer-events-auto group-focus-within\/turn-messages:[mask-position:0_0] has-data-[state=open]:pointer-events-auto has-data-[state=open]:[mask-position:0_0]\">\n<div class=\"grow\">Und weil ein sch\u00f6ner Halter noch mehr Freude macht mit dem passenden Duft, findest du in unserem Shop eine gro\u00dfe Auswahl an herrlichen R\u00e4ucherst\u00e4bchen \u2013 von sanft blumig bis w\u00fcrzig warm. St\u00f6bere gern ein bisschen, lass dich von den D\u00fcften inspirieren und finde genau die Aromen, die dein Herz ber\u00fchren.<\/div>\n<\/div>\n<\/div>\n<div class=\"aria-live=polite absolute select-none\">\n<div class=\"flex items-center justify-center\"><\/div>\n<\/div>\n<\/div>\n<\/div>\n<\/article>\n<div class=\"pointer-events-none h-px w-px\" aria-hidden=\"true\" data-edge=\"true\"><\/div>\n","protected":false},"excerpt":{"rendered":"<p>R\u00e4ucherst\u00e4bchenhalter mit goldenem Stern \u2013 F\u00fcr magische Duftmomente Dieser liebevoll gefertigte R\u00e4ucherst\u00e4bchenhalter aus warmem Naturholz tr\u00e4gt in seiner Mitte einen strahlenden Stern aus goldenem Metall \u2013 ein Symbol f\u00fcr Licht, Hoffnung und die kleinen Wunder des Alltags. Wenn das R\u00e4ucherst\u00e4bchen langsam verglimmt, tanzt der Rauch sanft in die Luft und der goldene Stern f\u00e4ngt das [&hellip;]<\/p>\n<p><a class=\"read-more\" href=\"https:\/\/www.bynaldis-shop.com\/?product=halter-holz-stern\">Mehr lesen<span class=\"meta-nav\">&rarr;<\/span><\/a><\/p>\n","protected":false},"featured_media":9191,"template":"","meta":[],"product_brand":[],"product_cat":[252],"product_tag":[],"class_list":{"0":"post-9190","1":"product","2":"type-product","3":"status-publish","4":"has-post-thumbnail","6":"product_cat-zubehoer","8":"first","9":"instock","10":"taxable","11":"shipping-taxable","12":"purchasable","13":"product-type-simple"},"_links":{"self":[{"href":"https:\/\/www.bynaldis-shop.com\/index.php?rest_route=\/wp\/v2\/product\/9190","targetHints":{"allow":["GET"]}}],"collection":[{"href":"https:\/\/www.bynaldis-shop.com\/index.php?rest_route=\/wp\/v2\/product"}],"about":[{"href":"https:\/\/www.bynaldis-shop.com\/index.php?rest_route=\/wp\/v2\/types\/product"}],"wp:featuredmedia":[{"embeddable":true,"href":"https:\/\/www.bynaldis-shop.com\/index.php?rest_route=\/wp\/v2\/media\/9191"}],"wp:attachment":[{"href":"https:\/\/www.bynaldis-shop.com\/index.php?rest_route=%2Fwp%2Fv2%2Fmedia&parent=9190"}],"wp:term":[{"taxonomy":"product_brand","embeddable":true,"href":"https:\/\/www.bynaldis-shop.com\/index.php?rest_route=%2Fwp%2Fv2%2Fproduct_brand&post=9190"},{"taxonomy":"product_cat","embeddable":true,"href":"https:\/\/www.bynaldis-shop.com\/index.php?rest_route=%2Fwp%2Fv2%2Fproduct_cat&post=9190"},{"taxonomy":"product_tag","embeddable":true,"href":"https:\/\/www.bynaldis-shop.com\/index.php?rest_route=%2Fwp%2Fv2%2Fproduct_tag&post=9190"}],"curies":[{"name":"wp","href":"https:\/\/api.w.org\/{rel}","templated":true}]}}