{"id":9186,"date":"2024-12-25T14:46:40","date_gmt":"2024-12-25T13:46:40","guid":{"rendered":"https:\/\/www.bynaldis-shop.com\/?post_type=product&#038;p=9186"},"modified":"2026-04-26T19:41:13","modified_gmt":"2026-04-26T17:41:13","slug":"stoevchen-taupe","status":"publish","type":"product","link":"https:\/\/www.bynaldis-shop.com\/?product=stoevchen-taupe","title":{"rendered":"St\u00f6vchen f\u00fcr Aroma\u00f6le &#038; Kerzenwachschips \u2013 Dein kleiner Tempel der D\u00fcfte"},"content":{"rendered":"<p data-start=\"0\" data-end=\"78\"><strong data-start=\"0\" data-end=\"76\">St\u00f6vchen f\u00fcr Aroma\u00f6le &amp; Kerzenwachschips \u2013 Dein kleiner Tempel der D\u00fcfte<\/strong><\/p>\n<p data-start=\"80\" data-end=\"458\">Verwandle dein Zuhause in eine Oase der Ruhe und Harmonie. Dieses handgefertigte St\u00f6vchen entfaltet sanft die Aromen von \u00e4therischen \u00d6len oder Kerzenwachschips und schenkt dir Momente voller W\u00e4rme und Geborgenheit. Ob beim Meditieren, beim Entspannen nach einem langen Tag oder beim Genie\u00dfen einer Tasse Tee \u2013 der feine Duft schafft eine Atmosph\u00e4re, in der die Seele aufatmet.<\/p>\n<p data-start=\"460\" data-end=\"476\"><strong data-start=\"460\" data-end=\"474\">Anwendung:<\/strong><\/p>\n<ul data-start=\"477\" data-end=\"820\">\n<li data-start=\"477\" data-end=\"649\">\n<p data-start=\"479\" data-end=\"649\"><strong data-start=\"479\" data-end=\"500\">F\u00fcr Schmelzwachs:<\/strong> Lege ein St\u00fcck Schmelzwachs in die Schale. Z\u00fcnde darunter ein Teelicht an \u2013 schon schmilzt das Wachs und erf\u00fcllt den Raum mit seinem sanften Duft.<\/p>\n<\/li>\n<li data-start=\"650\" data-end=\"820\">\n<p data-start=\"652\" data-end=\"820\"><strong data-start=\"652\" data-end=\"675\">F\u00fcr \u00e4therische \u00d6le:<\/strong> F\u00fclle die obere Schale mit Wasser, gib etwa 4 Tropfen \u00e4therisches \u00d6l hinzu. Z\u00fcnde das Teelicht an und erlebe, wie der feine Duft dich umh\u00fcllt.<\/p>\n<\/li>\n<\/ul>\n<p data-start=\"822\" data-end=\"837\"><strong data-start=\"822\" data-end=\"835\">Hinweise:<\/strong><\/p>\n<ul data-start=\"838\" data-end=\"1095\">\n<li data-start=\"838\" data-end=\"921\">\n<p data-start=\"840\" data-end=\"921\">W\u00e4hrend des Gebrauchs wird das St\u00f6vchen warm \u2013 nicht ber\u00fchren oder verschieben.<\/p>\n<\/li>\n<li data-start=\"922\" data-end=\"981\">\n<p data-start=\"924\" data-end=\"981\">Au\u00dfer Reichweite von Kindern und Haustieren aufstellen.<\/p>\n<\/li>\n<li data-start=\"982\" data-end=\"1015\">\n<p data-start=\"984\" data-end=\"1015\">Nicht unbeaufsichtigt lassen.<\/p>\n<\/li>\n<li data-start=\"1016\" data-end=\"1095\">\n<p data-start=\"1018\" data-end=\"1095\">Vor Zugluft sch\u00fctzen, um eine gleichm\u00e4\u00dfige Duftentfaltung zu gew\u00e4hrleisten.<\/p>\n<\/li>\n<\/ul>\n<p data-start=\"1097\" data-end=\"1185\">Passend zu unseren liebevoll gefertigten Aroma-\u00d6l-St\u00f6vchen erwartet dich in unserem Shop eine bezaubernde Vielfalt an hochwertigen Aroma-\u00d6len. Entdecke deinen ganz pers\u00f6nlichen Lieblingsduft und kreiere immer wieder neue Duftwelten f\u00fcr dein Zuhause. Lass dich inspirieren, probiere aus und genie\u00dfe das wundervolle Spiel der Aromen f\u00fcr Momente voller Wohlgef\u00fchl und Harmonie.<\/p>\n","protected":false},"excerpt":{"rendered":"<p>St\u00f6vchen f\u00fcr Aroma\u00f6le &amp; Kerzenwachschips \u2013 Dein kleiner Tempel der D\u00fcfte Verwandle dein Zuhause in eine Oase der Ruhe und Harmonie. Dieses handgefertigte St\u00f6vchen entfaltet sanft die Aromen von \u00e4therischen \u00d6len oder Kerzenwachschips und schenkt dir Momente voller W\u00e4rme und Geborgenheit. Ob beim Meditieren, beim Entspannen nach einem langen Tag oder beim Genie\u00dfen einer Tasse [&hellip;]<\/p>\n<p><a class=\"read-more\" href=\"https:\/\/www.bynaldis-shop.com\/?product=stoevchen-taupe\">Mehr lesen<span class=\"meta-nav\">&rarr;<\/span><\/a><\/p>\n","protected":false},"featured_media":9187,"template":"","meta":[],"product_brand":[],"product_cat":[347],"product_tag":[],"class_list":{"0":"post-9186","1":"product","2":"type-product","3":"status-publish","4":"has-post-thumbnail","6":"product_cat-stoevchen","8":"first","9":"instock","10":"taxable","11":"shipping-taxable","12":"purchasable","13":"product-type-simple"},"_links":{"self":[{"href":"https:\/\/www.bynaldis-shop.com\/index.php?rest_route=\/wp\/v2\/product\/9186","targetHints":{"allow":["GET"]}}],"collection":[{"href":"https:\/\/www.bynaldis-shop.com\/index.php?rest_route=\/wp\/v2\/product"}],"about":[{"href":"https:\/\/www.bynaldis-shop.com\/index.php?rest_route=\/wp\/v2\/types\/product"}],"wp:featuredmedia":[{"embeddable":true,"href":"https:\/\/www.bynaldis-shop.com\/index.php?rest_route=\/wp\/v2\/media\/9187"}],"wp:attachment":[{"href":"https:\/\/www.bynaldis-shop.com\/index.php?rest_route=%2Fwp%2Fv2%2Fmedia&parent=9186"}],"wp:term":[{"taxonomy":"product_brand","embeddable":true,"href":"https:\/\/www.bynaldis-shop.com\/index.php?rest_route=%2Fwp%2Fv2%2Fproduct_brand&post=9186"},{"taxonomy":"product_cat","embeddable":true,"href":"https:\/\/www.bynaldis-shop.com\/index.php?rest_route=%2Fwp%2Fv2%2Fproduct_cat&post=9186"},{"taxonomy":"product_tag","embeddable":true,"href":"https:\/\/www.bynaldis-shop.com\/index.php?rest_route=%2Fwp%2Fv2%2Fproduct_tag&post=9186"}],"curies":[{"name":"wp","href":"https:\/\/api.w.org\/{rel}","templated":true}]}}