{"id":9178,"date":"2024-12-25T14:36:57","date_gmt":"2024-12-25T13:36:57","guid":{"rendered":"https:\/\/www.bynaldis-shop.com\/?post_type=product&#038;p=9178"},"modified":"2026-04-26T19:39:33","modified_gmt":"2026-04-26T17:39:33","slug":"honig-milch","status":"publish","type":"product","link":"https:\/\/www.bynaldis-shop.com\/?product=honig-milch","title":{"rendered":"Seife mit Honig und Milch"},"content":{"rendered":"<p data-start=\"0\" data-end=\"79\"><strong>Sanfte Peelingseife mit Honigfarbe<\/strong><\/p>\n<p data-start=\"0\" data-end=\"79\">Pflege und Regeneration f\u00fcr alle Hauttypen<\/p>\n<p data-start=\"81\" data-end=\"357\">Diese milde, honigfarbene Peelingseife reinigt deine Haut sanft und regt ihre nat\u00fcrliche Regeneration an. Nat\u00fcrliche Haferflocken sorgen f\u00fcr ein feines, wohltuendes Peeling, w\u00e4hrend der warme Duft deine Stimmung hebt und Laurins\u00e4ure f\u00fcr eine aktive, schonende Reinigung sorgt.<\/p>\n<p data-start=\"359\" data-end=\"500\"><strong data-start=\"359\" data-end=\"390\">F\u00fcr alle Hauttypen geeignet<\/strong> \u2013 auch f\u00fcr trockene und empfindliche Haut. Die Seife entfernt Schmutz gr\u00fcndlich, ohne die Haut auszutrocknen.<\/p>\n<p data-start=\"502\" data-end=\"532\"><strong data-start=\"502\" data-end=\"530\">Besondere Eigenschaften:<\/strong><\/p>\n<ul data-start=\"533\" data-end=\"858\">\n<li data-start=\"533\" data-end=\"581\">\n<p data-start=\"535\" data-end=\"581\">Sanfte, gr\u00fcndliche Reinigung mit Laurins\u00e4ure<\/p>\n<\/li>\n<li data-start=\"582\" data-end=\"641\">\n<p data-start=\"584\" data-end=\"641\">Feuchtigkeitsspendende Pflege dank Mandel- und Oliven\u00f6l<\/p>\n<\/li>\n<li data-start=\"642\" data-end=\"690\">\n<p data-start=\"644\" data-end=\"690\">Nat\u00fcrliche Peelingwirkung durch Haferflocken<\/p>\n<\/li>\n<li data-start=\"691\" data-end=\"778\">\n<p data-start=\"693\" data-end=\"778\">Reich an Vitamin E zum Schutz vor freien Radikalen und mit Anti-Aging-Eigenschaften<\/p>\n<\/li>\n<li data-start=\"779\" data-end=\"807\">\n<p data-start=\"781\" data-end=\"807\">Ohne tierisches Glycerin<\/p>\n<\/li>\n<li data-start=\"808\" data-end=\"858\">\n<p data-start=\"810\" data-end=\"858\">Besteht aus 90\u201395 % nat\u00fcrlichen Inhaltsstoffen<\/p>\n<\/li>\n<\/ul>\n<p data-start=\"860\" data-end=\"1034\"><strong data-start=\"860\" data-end=\"874\">Anwendung:<\/strong><br data-start=\"874\" data-end=\"877\" \/>Die Seife wie gewohnt anfeuchten, sanft in den H\u00e4nden aufsch\u00e4umen und die Haut mit dem milden Peeling verw\u00f6hnen. Danach gr\u00fcndlich mit warmem Wasser absp\u00fclen.<\/p>\n<p data-start=\"1036\" data-end=\"1332\"><strong data-start=\"1036\" data-end=\"1054\">Inhaltsstoffe:<\/strong><br data-start=\"1054\" data-end=\"1057\" \/>Aqua, Glycerin, Sodium Stearate, Propylene Glycol, Sorbitol, Sodium Laurate, Sodium Laureth Sulfate, Parfum, nat\u00fcrliche Haferflocken (Avena Sativa Kernel), Oliven\u00f6l (Olea Europaea), S\u00fc\u00dfmandel\u00f6l (Prunus Amygdalus Dulcis), Vitamin E (Tocopherol) und weitere nat\u00fcrliche Zutaten.<\/p>\n<p data-start=\"1334\" data-end=\"1457\" data-is-last-node=\"\" data-is-only-node=\"\">Hergestellt im schonenden Kaltverfahren \u2013 f\u00fcr eine hochwertige, naturbelassene Pflege, die deine Haut verw\u00f6hnt und sch\u00fctzt.<\/p>\n<p>&nbsp;<\/p>\n","protected":false},"excerpt":{"rendered":"<p>Sanfte Peelingseife mit Honigfarbe Pflege und Regeneration f\u00fcr alle Hauttypen Diese milde, honigfarbene Peelingseife reinigt deine Haut sanft und regt ihre nat\u00fcrliche Regeneration an. Nat\u00fcrliche Haferflocken sorgen f\u00fcr ein feines, wohltuendes Peeling, w\u00e4hrend der warme Duft deine Stimmung hebt und Laurins\u00e4ure f\u00fcr eine aktive, schonende Reinigung sorgt. F\u00fcr alle Hauttypen geeignet \u2013 auch f\u00fcr trockene [&hellip;]<\/p>\n<p><a class=\"read-more\" href=\"https:\/\/www.bynaldis-shop.com\/?product=honig-milch\">Mehr lesen<span class=\"meta-nav\">&rarr;<\/span><\/a><\/p>\n","protected":false},"featured_media":9179,"template":"","meta":[],"product_brand":[],"product_cat":[257],"product_tag":[],"class_list":{"0":"post-9178","1":"product","2":"type-product","3":"status-publish","4":"has-post-thumbnail","6":"product_cat-seife","8":"first","9":"instock","10":"taxable","11":"shipping-taxable","12":"purchasable","13":"product-type-simple"},"_links":{"self":[{"href":"https:\/\/www.bynaldis-shop.com\/index.php?rest_route=\/wp\/v2\/product\/9178","targetHints":{"allow":["GET"]}}],"collection":[{"href":"https:\/\/www.bynaldis-shop.com\/index.php?rest_route=\/wp\/v2\/product"}],"about":[{"href":"https:\/\/www.bynaldis-shop.com\/index.php?rest_route=\/wp\/v2\/types\/product"}],"wp:featuredmedia":[{"embeddable":true,"href":"https:\/\/www.bynaldis-shop.com\/index.php?rest_route=\/wp\/v2\/media\/9179"}],"wp:attachment":[{"href":"https:\/\/www.bynaldis-shop.com\/index.php?rest_route=%2Fwp%2Fv2%2Fmedia&parent=9178"}],"wp:term":[{"taxonomy":"product_brand","embeddable":true,"href":"https:\/\/www.bynaldis-shop.com\/index.php?rest_route=%2Fwp%2Fv2%2Fproduct_brand&post=9178"},{"taxonomy":"product_cat","embeddable":true,"href":"https:\/\/www.bynaldis-shop.com\/index.php?rest_route=%2Fwp%2Fv2%2Fproduct_cat&post=9178"},{"taxonomy":"product_tag","embeddable":true,"href":"https:\/\/www.bynaldis-shop.com\/index.php?rest_route=%2Fwp%2Fv2%2Fproduct_tag&post=9178"}],"curies":[{"name":"wp","href":"https:\/\/api.w.org\/{rel}","templated":true}]}}