{"id":9175,"date":"2024-12-25T14:30:10","date_gmt":"2024-12-25T13:30:10","guid":{"rendered":"https:\/\/www.bynaldis-shop.com\/?post_type=product&#038;p=9175"},"modified":"2026-04-26T19:39:22","modified_gmt":"2026-04-26T17:39:22","slug":"bella-donna","status":"publish","type":"product","link":"https:\/\/www.bynaldis-shop.com\/?product=bella-donna","title":{"rendered":"Luxuri\u00f6se Bella Donna Naturseife"},"content":{"rendered":"<p data-start=\"0\" data-end=\"88\"><strong>Luxuri\u00f6se Bella Donna Naturseife<\/strong><\/p>\n<p data-start=\"0\" data-end=\"88\">\u00a0K\u00f6niglich blumig-fruchtig, handgemacht f\u00fcr deine Haut<\/p>\n<p data-start=\"90\" data-end=\"316\">Erlebe den Duft einer Kaiserin mit der Bella Donna Seife, die verf\u00fchrerisch blumige und fruchtige Noten von Kiwi, Rhabarber, Wassermelone, Alpenveilchen, Jasmin und Zitronenbaum zu einem eleganten und belebenden Aroma vereint.<\/p>\n<p data-start=\"318\" data-end=\"369\"><strong data-start=\"318\" data-end=\"367\">Die besonderen Vorz\u00fcge der Bella Donna Seife:<\/strong><\/p>\n<ul data-start=\"370\" data-end=\"740\">\n<li data-start=\"370\" data-end=\"464\">\n<p data-start=\"372\" data-end=\"464\">Ein luxuri\u00f6ser Duftmix aus exotischen Fr\u00fcchten und zarten Blumen, der die Sinne verzaubert<\/p>\n<\/li>\n<li data-start=\"465\" data-end=\"565\">\n<p data-start=\"467\" data-end=\"565\">Spendet intensive Feuchtigkeit und pflegt die Haut samtweich mit wertvollem Oliven- und Mandel\u00f6l<\/p>\n<\/li>\n<li data-start=\"566\" data-end=\"646\">\n<p data-start=\"568\" data-end=\"646\">Reich an Vitamin E als starkem Antioxidans, das deine Haut sch\u00fctzt und n\u00e4hrt<\/p>\n<\/li>\n<li data-start=\"647\" data-end=\"740\">\n<p data-start=\"649\" data-end=\"740\">100 % handgefertigt, umweltfreundlich und aus sorgf\u00e4ltig ausgew\u00e4hlten nat\u00fcrlichen Zutaten<\/p>\n<\/li>\n<\/ul>\n<p data-start=\"742\" data-end=\"968\"><strong data-start=\"742\" data-end=\"756\">Anwendung:<\/strong><br data-start=\"756\" data-end=\"759\" \/>Befeuchte deine Haut und die Seife, reibe das Seifenst\u00fcck sanft in den H\u00e4nden, um einen cremigen Schaum zu erzeugen, und trage diesen zart auf deine Haut auf. Anschlie\u00dfend gr\u00fcndlich mit warmem Wasser absp\u00fclen.<\/p>\n<p data-start=\"970\" data-end=\"1186\"><strong data-start=\"970\" data-end=\"988\">Inhaltsstoffe:<\/strong><br data-start=\"988\" data-end=\"991\" \/>Glycerin (bewahrt die Feuchtigkeit), Oliven\u00f6l (Olea Europaea), S\u00fc\u00dfmandel\u00f6l (Prunus Amygdalus Dulcis), Vitamin E (Tocopherylacetat), feiner Duft (Parf\u00fcm), sowie nat\u00fcrliche Farbstoffe und Extrakte.<\/p>\n<p data-start=\"1188\" data-end=\"1341\" data-is-last-node=\"\" data-is-only-node=\"\">Diese Bella Donna Seife schenkt dir ein k\u00f6nigliches Pflegeerlebnis und umh\u00fcllt dich mit einem bet\u00f6renden Duft \u2013 ein wahres Geschenk f\u00fcr K\u00f6rper und Seele.<\/p>\n<p data-start=\"1188\" data-end=\"1341\" data-is-last-node=\"\" data-is-only-node=\"\">Passend zu unseren wunderbaren Seifen findest du in unserem Shop auch eine liebevoll ausgew\u00e4hlte Auswahl an Seifenschalen und praktischen Seifenmuscheln. So kannst du dein Pflegeritual perfekt erg\u00e4nzen und deine Seifen stilvoll und hygienisch aufbewahren. Ob als sch\u00f6nes Set oder einzeln \u2013 entdecke das ideale Zubeh\u00f6r, das nicht nur funktional ist, sondern auch dein Badezimmer oder deine Wohlf\u00fchloase noch sch\u00f6ner macht. Schau gerne vorbei und lass dich inspirieren!<\/p>\n","protected":false},"excerpt":{"rendered":"<p>Luxuri\u00f6se Bella Donna Naturseife \u00a0K\u00f6niglich blumig-fruchtig, handgemacht f\u00fcr deine Haut Erlebe den Duft einer Kaiserin mit der Bella Donna Seife, die verf\u00fchrerisch blumige und fruchtige Noten von Kiwi, Rhabarber, Wassermelone, Alpenveilchen, Jasmin und Zitronenbaum zu einem eleganten und belebenden Aroma vereint. Die besonderen Vorz\u00fcge der Bella Donna Seife: Ein luxuri\u00f6ser Duftmix aus exotischen Fr\u00fcchten und [&hellip;]<\/p>\n<p><a class=\"read-more\" href=\"https:\/\/www.bynaldis-shop.com\/?product=bella-donna\">Mehr lesen<span class=\"meta-nav\">&rarr;<\/span><\/a><\/p>\n","protected":false},"featured_media":10336,"template":"","meta":[],"product_brand":[],"product_cat":[257],"product_tag":[],"class_list":{"0":"post-9175","1":"product","2":"type-product","3":"status-publish","4":"has-post-thumbnail","6":"product_cat-seife","8":"first","9":"instock","10":"taxable","11":"shipping-taxable","12":"purchasable","13":"product-type-simple"},"_links":{"self":[{"href":"https:\/\/www.bynaldis-shop.com\/index.php?rest_route=\/wp\/v2\/product\/9175","targetHints":{"allow":["GET"]}}],"collection":[{"href":"https:\/\/www.bynaldis-shop.com\/index.php?rest_route=\/wp\/v2\/product"}],"about":[{"href":"https:\/\/www.bynaldis-shop.com\/index.php?rest_route=\/wp\/v2\/types\/product"}],"wp:featuredmedia":[{"embeddable":true,"href":"https:\/\/www.bynaldis-shop.com\/index.php?rest_route=\/wp\/v2\/media\/10336"}],"wp:attachment":[{"href":"https:\/\/www.bynaldis-shop.com\/index.php?rest_route=%2Fwp%2Fv2%2Fmedia&parent=9175"}],"wp:term":[{"taxonomy":"product_brand","embeddable":true,"href":"https:\/\/www.bynaldis-shop.com\/index.php?rest_route=%2Fwp%2Fv2%2Fproduct_brand&post=9175"},{"taxonomy":"product_cat","embeddable":true,"href":"https:\/\/www.bynaldis-shop.com\/index.php?rest_route=%2Fwp%2Fv2%2Fproduct_cat&post=9175"},{"taxonomy":"product_tag","embeddable":true,"href":"https:\/\/www.bynaldis-shop.com\/index.php?rest_route=%2Fwp%2Fv2%2Fproduct_tag&post=9175"}],"curies":[{"name":"wp","href":"https:\/\/api.w.org\/{rel}","templated":true}]}}