{"id":9173,"date":"2024-12-25T14:28:13","date_gmt":"2024-12-25T13:28:13","guid":{"rendered":"https:\/\/www.bynaldis-shop.com\/?post_type=product&#038;p=9173"},"modified":"2026-04-26T19:39:15","modified_gmt":"2026-04-26T17:39:15","slug":"mojito","status":"publish","type":"product","link":"https:\/\/www.bynaldis-shop.com\/?product=mojito","title":{"rendered":"Seife Mojito &#8211; Minze und Limette"},"content":{"rendered":"<p data-start=\"0\" data-end=\"76\"><strong>Erfrischende Minze-Limette Naturseife<\/strong><\/p>\n<p data-start=\"0\" data-end=\"76\">\u00a0Handgemacht f\u00fcr deine Haut und Sinne<\/p>\n<p data-start=\"78\" data-end=\"318\">Erlebe die lebendige Frische von Minze und Limette in dieser herrlichen Sommerseife, die deine Haut sanft reinigt und belebt. Ideal f\u00fcr alle Hauttypen, auch empfindliche und trockene Haut, entfernt sie Schmutz gr\u00fcndlich, ohne auszutrocknen.<\/p>\n<p data-start=\"320\" data-end=\"358\"><strong data-start=\"320\" data-end=\"356\">Was diese Seife besonders macht:<\/strong><\/p>\n<ul data-start=\"359\" data-end=\"782\">\n<li data-start=\"359\" data-end=\"424\">\n<p data-start=\"361\" data-end=\"424\">Sanfte und gr\u00fcndliche Reinigung f\u00fcr ein angenehmes Hautgef\u00fchl<\/p>\n<\/li>\n<li data-start=\"425\" data-end=\"492\">\n<p data-start=\"427\" data-end=\"492\">Feuchtigkeitsspendend durch nat\u00fcrliche \u00d6le aus Mandel und Olive<\/p>\n<\/li>\n<li data-start=\"493\" data-end=\"587\">\n<p data-start=\"495\" data-end=\"587\">Sch\u00fctzt deine Haut mit Vitamin E vor freien Radikalen und unterst\u00fctzt die Anti-Aging-Kraft<\/p>\n<\/li>\n<li data-start=\"588\" data-end=\"670\">\n<p data-start=\"590\" data-end=\"670\">Frei von tierischem Glycerin, vegan und aus 90-95 % nat\u00fcrlichen Inhaltsstoffen<\/p>\n<\/li>\n<li data-start=\"671\" data-end=\"782\">\n<p data-start=\"673\" data-end=\"782\">Sorgf\u00e4ltig im schonenden Kaltverfahren handgefertigt \u2013 f\u00fcr beste Hautvertr\u00e4glichkeit und nachhaltige Pflege<\/p>\n<\/li>\n<\/ul>\n<p data-start=\"784\" data-end=\"997\"><strong data-start=\"784\" data-end=\"798\">Anwendung:<\/strong><br data-start=\"798\" data-end=\"801\" \/>Befeuchte deine Haut und die Seife, reibe sie sanft in den H\u00e4nden, bis ein cremiger Schaum entsteht, und massiere diesen zart ein. Anschlie\u00dfend mit warmem Wasser absp\u00fclen und die Frische genie\u00dfen.<\/p>\n<p data-start=\"999\" data-end=\"1263\"><strong data-start=\"999\" data-end=\"1017\">Inhaltsstoffe:<\/strong><br data-start=\"1017\" data-end=\"1020\" \/>Aqua, Glycerin, Sodium Stearate, Propylene Glycol, Sorbitol, Sodium Laurate, Sodium Laureth Sulfate, Parfum, Sodium Lauryl Sulfate, Sodium Chloride, Oliven\u00f6l (Olea Europaea), S\u00fc\u00dfmandel\u00f6l (Prunus Amygdalus Dulcis), Vitamin E (Tocopherol) u.v.m.<\/p>\n<p data-start=\"1265\" data-end=\"1431\" data-is-last-node=\"\" data-is-only-node=\"\">Diese Naturseife verbindet die Kraft der Natur mit liebevoller Handarbeit \u2013 perfekt, um dir jeden Tag eine kleine Erfrischung zu schenken und deine Haut zu verw\u00f6hnen.<\/p>\n<p data-start=\"1265\" data-end=\"1431\" data-is-last-node=\"\" data-is-only-node=\"\">Passend zu unseren wunderbaren Seifen findest du in unserem Shop auch eine liebevoll ausgew\u00e4hlte Auswahl an Seifenschalen und praktischen Seifenmuscheln. So kannst du dein Pflegeritual perfekt erg\u00e4nzen und deine Seifen stilvoll und hygienisch aufbewahren. Ob als sch\u00f6nes Set oder einzeln \u2013 entdecke das ideale Zubeh\u00f6r, das nicht nur funktional ist, sondern auch dein Badezimmer oder deine Wohlf\u00fchloase noch sch\u00f6ner macht. Schau gerne vorbei und lass dich inspirieren!<\/p>\n","protected":false},"excerpt":{"rendered":"<p>Erfrischende Minze-Limette Naturseife \u00a0Handgemacht f\u00fcr deine Haut und Sinne Erlebe die lebendige Frische von Minze und Limette in dieser herrlichen Sommerseife, die deine Haut sanft reinigt und belebt. Ideal f\u00fcr alle Hauttypen, auch empfindliche und trockene Haut, entfernt sie Schmutz gr\u00fcndlich, ohne auszutrocknen. Was diese Seife besonders macht: Sanfte und gr\u00fcndliche Reinigung f\u00fcr ein angenehmes [&hellip;]<\/p>\n<p><a class=\"read-more\" href=\"https:\/\/www.bynaldis-shop.com\/?product=mojito\">Mehr lesen<span class=\"meta-nav\">&rarr;<\/span><\/a><\/p>\n","protected":false},"featured_media":9174,"template":"","meta":[],"product_brand":[],"product_cat":[257],"product_tag":[],"class_list":{"0":"post-9173","1":"product","2":"type-product","3":"status-publish","4":"has-post-thumbnail","6":"product_cat-seife","8":"first","9":"instock","10":"taxable","11":"shipping-taxable","12":"purchasable","13":"product-type-simple"},"_links":{"self":[{"href":"https:\/\/www.bynaldis-shop.com\/index.php?rest_route=\/wp\/v2\/product\/9173","targetHints":{"allow":["GET"]}}],"collection":[{"href":"https:\/\/www.bynaldis-shop.com\/index.php?rest_route=\/wp\/v2\/product"}],"about":[{"href":"https:\/\/www.bynaldis-shop.com\/index.php?rest_route=\/wp\/v2\/types\/product"}],"wp:featuredmedia":[{"embeddable":true,"href":"https:\/\/www.bynaldis-shop.com\/index.php?rest_route=\/wp\/v2\/media\/9174"}],"wp:attachment":[{"href":"https:\/\/www.bynaldis-shop.com\/index.php?rest_route=%2Fwp%2Fv2%2Fmedia&parent=9173"}],"wp:term":[{"taxonomy":"product_brand","embeddable":true,"href":"https:\/\/www.bynaldis-shop.com\/index.php?rest_route=%2Fwp%2Fv2%2Fproduct_brand&post=9173"},{"taxonomy":"product_cat","embeddable":true,"href":"https:\/\/www.bynaldis-shop.com\/index.php?rest_route=%2Fwp%2Fv2%2Fproduct_cat&post=9173"},{"taxonomy":"product_tag","embeddable":true,"href":"https:\/\/www.bynaldis-shop.com\/index.php?rest_route=%2Fwp%2Fv2%2Fproduct_tag&post=9173"}],"curies":[{"name":"wp","href":"https:\/\/api.w.org\/{rel}","templated":true}]}}