{"id":9171,"date":"2024-12-25T14:24:38","date_gmt":"2024-12-25T13:24:38","guid":{"rendered":"https:\/\/www.bynaldis-shop.com\/?post_type=product&#038;p=9171"},"modified":"2026-04-26T19:39:06","modified_gmt":"2026-04-26T17:39:06","slug":"mama-mia","status":"publish","type":"product","link":"https:\/\/www.bynaldis-shop.com\/?product=mama-mia","title":{"rendered":"Mama Mia"},"content":{"rendered":"<p data-start=\"0\" data-end=\"74\"><strong>Sinnliche Mama Mia Seife<\/strong><\/p>\n<p data-start=\"0\" data-end=\"74\">Handgemacht mit Liebe und fruchtiger Verf\u00fchrung<\/p>\n<p data-start=\"76\" data-end=\"322\">G\u00f6nn dir ein warmes, sinnliches Badeerlebnis mit der liebevoll handgefertigten Mama Mia Seife. Der fruchtig-s\u00fc\u00dfe Duft von Vanille, schwarzer Johannisbeere, gr\u00fcner Mandarine, Neroli und Rose umh\u00fcllt deine Sinne und schenkt dir pure Verw\u00f6hnmomente.<\/p>\n<p data-start=\"324\" data-end=\"362\"><strong data-start=\"324\" data-end=\"360\">Die Vorteile der Mama Mia Seife:<\/strong><\/p>\n<ul data-start=\"363\" data-end=\"667\">\n<li data-start=\"363\" data-end=\"449\">\n<p data-start=\"365\" data-end=\"449\">S\u00fc\u00dfer Vanilleduft trifft auf fruchtige Frische \u2013 f\u00fcr ein zauberhaftes Dufterlebnis<\/p>\n<\/li>\n<li data-start=\"450\" data-end=\"521\">\n<p data-start=\"452\" data-end=\"521\">Spendet der Haut wertvolle Feuchtigkeit mit Oliven- und S\u00fc\u00dfmandel\u00f6l<\/p>\n<\/li>\n<li data-start=\"522\" data-end=\"599\">\n<p data-start=\"524\" data-end=\"599\">Reich an Antioxidantien und Vitamin E, die deine Haut sch\u00fctzen und n\u00e4hren<\/p>\n<\/li>\n<li data-start=\"600\" data-end=\"667\">\n<p data-start=\"602\" data-end=\"667\">100 % handgemacht, aus nat\u00fcrlichen Zutaten und umweltfreundlich<\/p>\n<\/li>\n<\/ul>\n<p data-start=\"669\" data-end=\"893\"><strong data-start=\"669\" data-end=\"683\">Anwendung:<\/strong><br data-start=\"683\" data-end=\"686\" \/>Befeuchte deine Haut und die Seife. Reibe das Seifenst\u00fcck sanft in den H\u00e4nden, um reichhaltigen Schaum zu erzeugen, und massiere diesen sanft auf deiner Haut ein. Danach gr\u00fcndlich mit warmem Wasser absp\u00fclen.<\/p>\n<p data-start=\"895\" data-end=\"915\"><strong data-start=\"895\" data-end=\"913\">Inhaltsstoffe:<\/strong><\/p>\n<ul data-start=\"916\" data-end=\"1310\">\n<li data-start=\"916\" data-end=\"985\">\n<p data-start=\"918\" data-end=\"985\">Glycerin: Bewahrt die Feuchtigkeit und macht die Haut geschmeidig<\/p>\n<\/li>\n<li data-start=\"986\" data-end=\"1050\">\n<p data-start=\"988\" data-end=\"1050\">Oliven\u00f6l (Olea Europaea): Pflegt und st\u00e4rkt die Hautbarriere<\/p>\n<\/li>\n<li data-start=\"1051\" data-end=\"1156\">\n<p data-start=\"1053\" data-end=\"1156\">S\u00fc\u00dfmandel\u00f6l (Prunus Amygdalus Dulcis): Reich an pflegenden Fetts\u00e4uren, spendet intensive Feuchtigkeit<\/p>\n<\/li>\n<li data-start=\"1157\" data-end=\"1239\">\n<p data-start=\"1159\" data-end=\"1239\">Vitamin E (Tocopherylacetat): Sch\u00fctzt als starkes Antioxidans vor Hautalterung<\/p>\n<\/li>\n<li data-start=\"1240\" data-end=\"1310\">\n<p data-start=\"1242\" data-end=\"1310\">Feiner, s\u00fc\u00dfer und fruchtig-blumiger Duft, der die Seele streichelt<\/p>\n<\/li>\n<\/ul>\n<p data-start=\"1312\" data-end=\"1454\" data-is-last-node=\"\" data-is-only-node=\"\">Erlebe sinnliche Momente voller W\u00e4rme, Pflege und Liebe \u2013 perfekt f\u00fcr alle, die ihrem K\u00f6rper und Geist eine duftende Auszeit schenken m\u00f6chten.<\/p>\n<p data-start=\"1312\" data-end=\"1454\" data-is-last-node=\"\" data-is-only-node=\"\">Passend zu unseren wunderbaren Seifen findest du in unserem Shop auch eine liebevoll ausgew\u00e4hlte Auswahl an Seifenschalen und praktischen Seifenmuscheln. So kannst du dein Pflegeritual perfekt erg\u00e4nzen und deine Seifen stilvoll und hygienisch aufbewahren. Ob als sch\u00f6nes Set oder einzeln \u2013 entdecke das ideale Zubeh\u00f6r, das nicht nur funktional ist, sondern auch dein Badezimmer oder deine Wohlf\u00fchloase noch sch\u00f6ner macht. Schau gerne vorbei und lass dich inspirieren!<\/p>\n","protected":false},"excerpt":{"rendered":"<p>Sinnliche Mama Mia Seife Handgemacht mit Liebe und fruchtiger Verf\u00fchrung G\u00f6nn dir ein warmes, sinnliches Badeerlebnis mit der liebevoll handgefertigten Mama Mia Seife. Der fruchtig-s\u00fc\u00dfe Duft von Vanille, schwarzer Johannisbeere, gr\u00fcner Mandarine, Neroli und Rose umh\u00fcllt deine Sinne und schenkt dir pure Verw\u00f6hnmomente. Die Vorteile der Mama Mia Seife: S\u00fc\u00dfer Vanilleduft trifft auf fruchtige Frische [&hellip;]<\/p>\n<p><a class=\"read-more\" href=\"https:\/\/www.bynaldis-shop.com\/?product=mama-mia\">Mehr lesen<span class=\"meta-nav\">&rarr;<\/span><\/a><\/p>\n","protected":false},"featured_media":10333,"template":"","meta":[],"product_brand":[],"product_cat":[257],"product_tag":[],"class_list":{"0":"post-9171","1":"product","2":"type-product","3":"status-publish","4":"has-post-thumbnail","6":"product_cat-seife","8":"first","9":"instock","10":"taxable","11":"shipping-taxable","12":"purchasable","13":"product-type-simple"},"_links":{"self":[{"href":"https:\/\/www.bynaldis-shop.com\/index.php?rest_route=\/wp\/v2\/product\/9171","targetHints":{"allow":["GET"]}}],"collection":[{"href":"https:\/\/www.bynaldis-shop.com\/index.php?rest_route=\/wp\/v2\/product"}],"about":[{"href":"https:\/\/www.bynaldis-shop.com\/index.php?rest_route=\/wp\/v2\/types\/product"}],"wp:featuredmedia":[{"embeddable":true,"href":"https:\/\/www.bynaldis-shop.com\/index.php?rest_route=\/wp\/v2\/media\/10333"}],"wp:attachment":[{"href":"https:\/\/www.bynaldis-shop.com\/index.php?rest_route=%2Fwp%2Fv2%2Fmedia&parent=9171"}],"wp:term":[{"taxonomy":"product_brand","embeddable":true,"href":"https:\/\/www.bynaldis-shop.com\/index.php?rest_route=%2Fwp%2Fv2%2Fproduct_brand&post=9171"},{"taxonomy":"product_cat","embeddable":true,"href":"https:\/\/www.bynaldis-shop.com\/index.php?rest_route=%2Fwp%2Fv2%2Fproduct_cat&post=9171"},{"taxonomy":"product_tag","embeddable":true,"href":"https:\/\/www.bynaldis-shop.com\/index.php?rest_route=%2Fwp%2Fv2%2Fproduct_tag&post=9171"}],"curies":[{"name":"wp","href":"https:\/\/api.w.org\/{rel}","templated":true}]}}