{"id":9115,"date":"2024-11-08T09:05:31","date_gmt":"2024-11-08T08:05:31","guid":{"rendered":"https:\/\/www.bynaldis-shop.com\/?post_type=product&#038;p=9115"},"modified":"2025-10-22T14:37:00","modified_gmt":"2025-10-22T12:37:00","slug":"wichtelglas","status":"publish","type":"product","link":"https:\/\/www.bynaldis-shop.com\/?product=wichtelglas","title":{"rendered":"Weckglas-Set Weihnachten \u2013 Handgefertigt mit viel Liebe"},"content":{"rendered":"<p><strong data-start=\"50\" data-end=\"109\">Weckglas-Set Weihnachten \u2013 Handgefertigt mit viel Liebe<\/strong><\/p>\n<p><br data-start=\"109\" data-end=\"112\" \/>Dieses liebevoll gestaltete Set bringt die Weihnachtszeit direkt zu dir nach Hause. In einem gro\u00dfen Weckglas mit praktischem Deckel steckt eine handgearbeitete Bienenwachskerze in filigraner Baumform, die mit ihrem nat\u00fcrlichen, warmen Licht eine gem\u00fctliche Atmosph\u00e4re schafft. Erg\u00e4nzt wird die Kerze von einem handgefertigten Wichtel und einem dekorativen Herz \u2013 beide mit viel Liebe zum Detail gefertigt. Jedes Element wurde sorgf\u00e4ltig von Hand hergestellt, um dir ein einzigartiges, hochwertiges und stimmungsvolles Geschenk oder eine zauberhafte Dekoration zu bieten, die das Fest noch besonderer macht.<\/p>\n","protected":false},"excerpt":{"rendered":"<p>Weckglas-Set Weihnachten \u2013 Handgefertigt mit viel Liebe Dieses liebevoll gestaltete Set bringt die Weihnachtszeit direkt zu dir nach Hause. In einem gro\u00dfen Weckglas mit praktischem Deckel steckt eine handgearbeitete Bienenwachskerze in filigraner Baumform, die mit ihrem nat\u00fcrlichen, warmen Licht eine gem\u00fctliche Atmosph\u00e4re schafft. Erg\u00e4nzt wird die Kerze von einem handgefertigten Wichtel und einem dekorativen Herz [&hellip;]<\/p>\n<p><a class=\"read-more\" href=\"https:\/\/www.bynaldis-shop.com\/?product=wichtelglas\">Mehr lesen<span class=\"meta-nav\">&rarr;<\/span><\/a><\/p>\n","protected":false},"featured_media":9116,"template":"","meta":[],"product_brand":[],"product_cat":[276],"product_tag":[],"class_list":{"0":"post-9115","1":"product","2":"type-product","3":"status-publish","4":"has-post-thumbnail","6":"product_cat-weihnachtsmaenner-und-wichtel","8":"first","9":"instock","10":"taxable","11":"shipping-taxable","12":"purchasable","13":"product-type-simple"},"_links":{"self":[{"href":"https:\/\/www.bynaldis-shop.com\/index.php?rest_route=\/wp\/v2\/product\/9115","targetHints":{"allow":["GET"]}}],"collection":[{"href":"https:\/\/www.bynaldis-shop.com\/index.php?rest_route=\/wp\/v2\/product"}],"about":[{"href":"https:\/\/www.bynaldis-shop.com\/index.php?rest_route=\/wp\/v2\/types\/product"}],"wp:featuredmedia":[{"embeddable":true,"href":"https:\/\/www.bynaldis-shop.com\/index.php?rest_route=\/wp\/v2\/media\/9116"}],"wp:attachment":[{"href":"https:\/\/www.bynaldis-shop.com\/index.php?rest_route=%2Fwp%2Fv2%2Fmedia&parent=9115"}],"wp:term":[{"taxonomy":"product_brand","embeddable":true,"href":"https:\/\/www.bynaldis-shop.com\/index.php?rest_route=%2Fwp%2Fv2%2Fproduct_brand&post=9115"},{"taxonomy":"product_cat","embeddable":true,"href":"https:\/\/www.bynaldis-shop.com\/index.php?rest_route=%2Fwp%2Fv2%2Fproduct_cat&post=9115"},{"taxonomy":"product_tag","embeddable":true,"href":"https:\/\/www.bynaldis-shop.com\/index.php?rest_route=%2Fwp%2Fv2%2Fproduct_tag&post=9115"}],"curies":[{"name":"wp","href":"https:\/\/api.w.org\/{rel}","templated":true}]}}