{"id":9113,"date":"2024-11-04T12:32:25","date_gmt":"2024-11-04T11:32:25","guid":{"rendered":"https:\/\/www.bynaldis-shop.com\/?post_type=product&#038;p=9113"},"modified":"2025-10-22T14:36:24","modified_gmt":"2025-10-22T12:36:24","slug":"das-geheimnis-der-rauhnaechte-jeanne-ruland","status":"publish","type":"product","link":"https:\/\/www.bynaldis-shop.com\/?product=das-geheimnis-der-rauhnaechte-jeanne-ruland","title":{"rendered":"Buch Das Geheimnis der Rauhn\u00e4chte von Jeanne Ruland"},"content":{"rendered":"<p data-start=\"68\" data-end=\"106\"><strong data-start=\"68\" data-end=\"106\">Buch: Das Geheimnis der Rauhn\u00e4chte<\/strong><\/p>\n<p data-start=\"108\" data-end=\"442\">Die Rauhn\u00e4chte sind seit jeher eine heilige, mystische Zeit \u2013 zw\u00f6lf N\u00e4chte zwischen Weihnachten und dem Dreik\u00f6nigstag am 6. Januar, in denen nicht gearbeitet, sondern gefeiert, zur\u00fcckgeblickt und orakelt wird. Es ist die Zeit, um loszulassen, sich vom Ballast des alten Jahres zu reinigen und b\u00f6se Geister sowie D\u00e4monen zu vertreiben.<\/p>\n<p data-start=\"444\" data-end=\"728\">Dieser erweiterte und neu gestaltete Klassiker bietet dir umfassendes Wissen rund um die Rauhn\u00e4chte: von Natur- und Sternenkunde \u00fcber das historische Brauchtum bis hin zu praktischen Tipps und \u00dcbungen. So kannst du jede einzelne Rauhnacht bewusst, zauberhaft und nachhaltig gestalten.<\/p>\n<p data-start=\"730\" data-end=\"961\">Jeanne Ruland begleitet seit \u00fcber 15 Jahren erfolgreich Einsteiger und Kenner durch diese geheimnisvolle Zeit. Ihr handliches Werk hat als erstes die spirituelle Bedeutung der Rauhn\u00e4chte f\u00fcr ein breites Publikum zug\u00e4nglich gemacht.<\/p>\n<p data-start=\"963\" data-end=\"1229\">Dieser Bestseller ist der ideale Einstieg f\u00fcr alle, die die Rauhn\u00e4chte erstmals bewusst erleben m\u00f6chten, und gleichzeitig ein wertvoller Begleiter f\u00fcr erfahrene Praktizierende \u2013 ein wahres Must-have, um die magische Zeit der Rauhn\u00e4chte tief und erf\u00fcllend zu erleben.<\/p>\n<p data-start=\"1231\" data-end=\"1245\"><strong data-start=\"1231\" data-end=\"1245\">112 Seiten<\/strong><\/p>\n<p data-start=\"1231\" data-end=\"1245\">Entdecke in unserem Shop auch viele weitere spannende B\u00fccher zur Herzensliebe, Kinder, R\u00e4ucherstoffen, Ritualen, Naturwissen und Spiritualit\u00e4t. Jedes einzelne liebevoll gestaltet, um dich auf deinem pers\u00f6nlichen Weg zu begleiten und zu inspirieren.<\/p>\n","protected":false},"excerpt":{"rendered":"<p>Buch: Das Geheimnis der Rauhn\u00e4chte Die Rauhn\u00e4chte sind seit jeher eine heilige, mystische Zeit \u2013 zw\u00f6lf N\u00e4chte zwischen Weihnachten und dem Dreik\u00f6nigstag am 6. Januar, in denen nicht gearbeitet, sondern gefeiert, zur\u00fcckgeblickt und orakelt wird. Es ist die Zeit, um loszulassen, sich vom Ballast des alten Jahres zu reinigen und b\u00f6se Geister sowie D\u00e4monen zu [&hellip;]<\/p>\n<p><a class=\"read-more\" href=\"https:\/\/www.bynaldis-shop.com\/?product=das-geheimnis-der-rauhnaechte-jeanne-ruland\">Mehr lesen<span class=\"meta-nav\">&rarr;<\/span><\/a><\/p>\n","protected":false},"featured_media":9114,"template":"","meta":[],"product_brand":[],"product_cat":[87],"product_tag":[],"class_list":{"0":"post-9113","1":"product","2":"type-product","3":"status-publish","4":"has-post-thumbnail","6":"product_cat-buecher","8":"first","9":"instock","10":"taxable","11":"shipping-taxable","12":"purchasable","13":"product-type-simple"},"_links":{"self":[{"href":"https:\/\/www.bynaldis-shop.com\/index.php?rest_route=\/wp\/v2\/product\/9113","targetHints":{"allow":["GET"]}}],"collection":[{"href":"https:\/\/www.bynaldis-shop.com\/index.php?rest_route=\/wp\/v2\/product"}],"about":[{"href":"https:\/\/www.bynaldis-shop.com\/index.php?rest_route=\/wp\/v2\/types\/product"}],"wp:featuredmedia":[{"embeddable":true,"href":"https:\/\/www.bynaldis-shop.com\/index.php?rest_route=\/wp\/v2\/media\/9114"}],"wp:attachment":[{"href":"https:\/\/www.bynaldis-shop.com\/index.php?rest_route=%2Fwp%2Fv2%2Fmedia&parent=9113"}],"wp:term":[{"taxonomy":"product_brand","embeddable":true,"href":"https:\/\/www.bynaldis-shop.com\/index.php?rest_route=%2Fwp%2Fv2%2Fproduct_brand&post=9113"},{"taxonomy":"product_cat","embeddable":true,"href":"https:\/\/www.bynaldis-shop.com\/index.php?rest_route=%2Fwp%2Fv2%2Fproduct_cat&post=9113"},{"taxonomy":"product_tag","embeddable":true,"href":"https:\/\/www.bynaldis-shop.com\/index.php?rest_route=%2Fwp%2Fv2%2Fproduct_tag&post=9113"}],"curies":[{"name":"wp","href":"https:\/\/api.w.org\/{rel}","templated":true}]}}