{"id":9097,"date":"2024-11-04T11:43:01","date_gmt":"2024-11-04T10:43:01","guid":{"rendered":"https:\/\/www.bynaldis-shop.com\/?post_type=product&#038;p=9097"},"modified":"2025-10-22T14:34:40","modified_gmt":"2025-10-22T12:34:40","slug":"ahnenheilung-jeanne-ruland","status":"publish","type":"product","link":"https:\/\/www.bynaldis-shop.com\/?product=ahnenheilung-jeanne-ruland","title":{"rendered":"Buch Ahnenheilung von Jeanne Ruland"},"content":{"rendered":"<p data-start=\"47\" data-end=\"106\"><strong data-start=\"47\" data-end=\"104\">Ahnenheilung: Aufl\u00f6sung von uralten Familienpr\u00e4gungen<\/strong><\/p>\n<p data-start=\"108\" data-end=\"327\">Unsere Familie pr\u00e4gt uns wie kaum etwas anderes. Doch nicht nur Eltern und Gro\u00dfeltern beeinflussen unser Sein, unsere Werte und Talente \u2013 unsere Wurzeln reichen weit zur\u00fcck und umfassen mehr Ebenen, als wir oft ahnen.<\/p>\n<p data-start=\"329\" data-end=\"616\">Dieses Praxisbuch verbindet die systemische Ahnenarbeit mit der hawaiianischen Huna-Tradition. Es zeigt, wie schwere Lebensthemen mit unserer Ahnenlinie zusammenh\u00e4ngen und \u00f6ffnet das Bewusstsein f\u00fcr spirituelle Ahnenreiche wie Tiergeister, Pflanzenwesen, Mineralien, Engel und Meister.<\/p>\n<p data-start=\"618\" data-end=\"870\">Mit zahlreichen \u00dcbungen und Meditationen k\u00f6nnen wir Heilung auf genetischer und spiritueller Ebene erfahren. So l\u00f6sen wir alte Wunden, befreien uns von Belastungen und entfalten die kraftvolle Ahnenenergie \u2013 unser Lichterbe \u2013 f\u00fcr ein erf\u00fclltes Leben.<\/p>\n<p data-start=\"872\" data-end=\"972\">\u201eWenn wir erkennen, wer wir sind und woher wir kommen, k\u00f6nnen wir vollenden, wof\u00fcr wir hier sind.\u201c<\/p>\n<p data-start=\"974\" data-end=\"1046\">152 Seiten voller tiefgehender Erkenntnisse und praktischer Anleitung.<\/p>\n<p data-start=\"974\" data-end=\"1046\">Entdecke in unserem Shop auch viele weitere spannende B\u00fccher zur Herzensliebe, Kinder, R\u00e4ucherstoffen, Ritualen, Naturwissen und Spiritualit\u00e4t. Jedes einzelne liebevoll gestaltet, um dich auf deinem pers\u00f6nlichen Weg zu begleiten und zu inspirieren.<\/p>\n","protected":false},"excerpt":{"rendered":"<p>Ahnenheilung: Aufl\u00f6sung von uralten Familienpr\u00e4gungen Unsere Familie pr\u00e4gt uns wie kaum etwas anderes. Doch nicht nur Eltern und Gro\u00dfeltern beeinflussen unser Sein, unsere Werte und Talente \u2013 unsere Wurzeln reichen weit zur\u00fcck und umfassen mehr Ebenen, als wir oft ahnen. Dieses Praxisbuch verbindet die systemische Ahnenarbeit mit der hawaiianischen Huna-Tradition. Es zeigt, wie schwere Lebensthemen [&hellip;]<\/p>\n<p><a class=\"read-more\" href=\"https:\/\/www.bynaldis-shop.com\/?product=ahnenheilung-jeanne-ruland\">Mehr lesen<span class=\"meta-nav\">&rarr;<\/span><\/a><\/p>\n","protected":false},"featured_media":9098,"template":"","meta":[],"product_brand":[],"product_cat":[87],"product_tag":[],"class_list":{"0":"post-9097","1":"product","2":"type-product","3":"status-publish","4":"has-post-thumbnail","6":"product_cat-buecher","8":"first","9":"instock","10":"taxable","11":"shipping-taxable","12":"purchasable","13":"product-type-simple"},"_links":{"self":[{"href":"https:\/\/www.bynaldis-shop.com\/index.php?rest_route=\/wp\/v2\/product\/9097","targetHints":{"allow":["GET"]}}],"collection":[{"href":"https:\/\/www.bynaldis-shop.com\/index.php?rest_route=\/wp\/v2\/product"}],"about":[{"href":"https:\/\/www.bynaldis-shop.com\/index.php?rest_route=\/wp\/v2\/types\/product"}],"wp:featuredmedia":[{"embeddable":true,"href":"https:\/\/www.bynaldis-shop.com\/index.php?rest_route=\/wp\/v2\/media\/9098"}],"wp:attachment":[{"href":"https:\/\/www.bynaldis-shop.com\/index.php?rest_route=%2Fwp%2Fv2%2Fmedia&parent=9097"}],"wp:term":[{"taxonomy":"product_brand","embeddable":true,"href":"https:\/\/www.bynaldis-shop.com\/index.php?rest_route=%2Fwp%2Fv2%2Fproduct_brand&post=9097"},{"taxonomy":"product_cat","embeddable":true,"href":"https:\/\/www.bynaldis-shop.com\/index.php?rest_route=%2Fwp%2Fv2%2Fproduct_cat&post=9097"},{"taxonomy":"product_tag","embeddable":true,"href":"https:\/\/www.bynaldis-shop.com\/index.php?rest_route=%2Fwp%2Fv2%2Fproduct_tag&post=9097"}],"curies":[{"name":"wp","href":"https:\/\/api.w.org\/{rel}","templated":true}]}}