{"id":9095,"date":"2024-11-04T11:39:19","date_gmt":"2024-11-04T10:39:19","guid":{"rendered":"https:\/\/www.bynaldis-shop.com\/?post_type=product&#038;p=9095"},"modified":"2025-10-22T14:33:43","modified_gmt":"2025-10-22T12:33:43","slug":"willkommen-auf-der-erde-jeanne-ruland","status":"publish","type":"product","link":"https:\/\/www.bynaldis-shop.com\/?product=willkommen-auf-der-erde-jeanne-ruland","title":{"rendered":"Buch Willkommen auf der Erde von Jeanne Ruland"},"content":{"rendered":"<p data-start=\"43\" data-end=\"101\"><strong data-start=\"43\" data-end=\"99\">Willkommen auf der Erde: Segenszeremonien f\u00fcr Kinder<\/strong><\/p>\n<p data-start=\"103\" data-end=\"400\">Dieses liebevoll gestaltete B\u00fcchlein zeigt, wie ein Netz aus Liebe geflochten werden kann, das Kinder sicher tr\u00e4gt und ihnen Geborgenheit schenkt. In Zeiten, in denen Familien oft auseinanderbrechen, ist es nicht immer leicht, Kindern das zu geben, was sie auf ihrem Lebensweg wirklich brauchen.<\/p>\n<p data-start=\"402\" data-end=\"766\">Jeanne Ruland l\u00e4dt dazu ein, Segenszeremonien als kraftvolle Erg\u00e4nzung zu religi\u00f6sen Festen zu verstehen und selbst zu gestalten. Mit praktischen Anleitungen und wertvollen Einsichten erfahren Leser, wie solche Rituale Kindern das Gef\u00fchl vermitteln, geliebt und willkommen zu sein \u2013 eine wesentliche Grundlage f\u00fcr das gesunde Entfalten ihres inneren Wesenskerns.<\/p>\n<p data-start=\"768\" data-end=\"903\">Der Segen einer Gemeinschaft begleitet Kinder auf einem goldenen Strom durch alle Lebensphasen und schenkt ihnen Halt und Zuversicht.<\/p>\n<p data-start=\"905\" data-end=\"943\">112 Seiten voller Herz und Weisheit.<\/p>\n<p data-start=\"905\" data-end=\"943\">Entdecke in unserem Shop auch viele weitere spannende B\u00fccher zur Herzensliebe, Kinder, R\u00e4ucherstoffen, Ritualen, Naturwissen und Spiritualit\u00e4t. Jedes einzelne liebevoll gestaltet, um dich auf deinem pers\u00f6nlichen Weg zu begleiten und zu inspirieren.<\/p>\n<p data-start=\"905\" data-end=\"943\">\n","protected":false},"excerpt":{"rendered":"<p>Willkommen auf der Erde: Segenszeremonien f\u00fcr Kinder Dieses liebevoll gestaltete B\u00fcchlein zeigt, wie ein Netz aus Liebe geflochten werden kann, das Kinder sicher tr\u00e4gt und ihnen Geborgenheit schenkt. In Zeiten, in denen Familien oft auseinanderbrechen, ist es nicht immer leicht, Kindern das zu geben, was sie auf ihrem Lebensweg wirklich brauchen. Jeanne Ruland l\u00e4dt dazu [&hellip;]<\/p>\n<p><a class=\"read-more\" href=\"https:\/\/www.bynaldis-shop.com\/?product=willkommen-auf-der-erde-jeanne-ruland\">Mehr lesen<span class=\"meta-nav\">&rarr;<\/span><\/a><\/p>\n","protected":false},"featured_media":9096,"template":"","meta":[],"product_brand":[],"product_cat":[87],"product_tag":[],"class_list":{"0":"post-9095","1":"product","2":"type-product","3":"status-publish","4":"has-post-thumbnail","6":"product_cat-buecher","8":"first","9":"instock","10":"taxable","11":"shipping-taxable","12":"purchasable","13":"product-type-simple"},"_links":{"self":[{"href":"https:\/\/www.bynaldis-shop.com\/index.php?rest_route=\/wp\/v2\/product\/9095","targetHints":{"allow":["GET"]}}],"collection":[{"href":"https:\/\/www.bynaldis-shop.com\/index.php?rest_route=\/wp\/v2\/product"}],"about":[{"href":"https:\/\/www.bynaldis-shop.com\/index.php?rest_route=\/wp\/v2\/types\/product"}],"wp:featuredmedia":[{"embeddable":true,"href":"https:\/\/www.bynaldis-shop.com\/index.php?rest_route=\/wp\/v2\/media\/9096"}],"wp:attachment":[{"href":"https:\/\/www.bynaldis-shop.com\/index.php?rest_route=%2Fwp%2Fv2%2Fmedia&parent=9095"}],"wp:term":[{"taxonomy":"product_brand","embeddable":true,"href":"https:\/\/www.bynaldis-shop.com\/index.php?rest_route=%2Fwp%2Fv2%2Fproduct_brand&post=9095"},{"taxonomy":"product_cat","embeddable":true,"href":"https:\/\/www.bynaldis-shop.com\/index.php?rest_route=%2Fwp%2Fv2%2Fproduct_cat&post=9095"},{"taxonomy":"product_tag","embeddable":true,"href":"https:\/\/www.bynaldis-shop.com\/index.php?rest_route=%2Fwp%2Fv2%2Fproduct_tag&post=9095"}],"curies":[{"name":"wp","href":"https:\/\/api.w.org\/{rel}","templated":true}]}}