{"id":9092,"date":"2024-11-04T11:36:45","date_gmt":"2024-11-04T10:36:45","guid":{"rendered":"https:\/\/www.bynaldis-shop.com\/?post_type=product&#038;p=9092"},"modified":"2025-10-22T14:33:03","modified_gmt":"2025-10-22T12:33:03","slug":"naturgeister-und-engel","status":"publish","type":"product","link":"https:\/\/www.bynaldis-shop.com\/?product=naturgeister-und-engel","title":{"rendered":"Buch Naturgeister und Engel von White Eagle"},"content":{"rendered":"<p data-start=\"55\" data-end=\"313\"><strong data-start=\"55\" data-end=\"81\">Naturgeister und Engel<\/strong><\/p>\n<p data-start=\"55\" data-end=\"313\">Die White Eagle Gemeinschaft im S\u00fcdwesten Englands z\u00e4hlt zu den \u00e4ltesten und angesehensten spirituellen Gruppierungen Europas. Ihre Lehren verbinden ein esoterisches Christentum mit der liebevollen Praxis des Geistigen Heilens.<\/p>\n<p data-start=\"315\" data-end=\"487\">Seit fast vier Jahrzehnten begleiten die White Eagle B\u00fccher auf Deutsch Generationen von Suchenden auf ihrem geistigen Weg und schenken Inspiration, Trost und Erkenntnis.<\/p>\n<p data-start=\"489\" data-end=\"673\">Dieses Taschenbuch mit 96 Seiten \u00f6ffnet die T\u00fcr zu einer Welt voller himmlischer Wesen und Naturgeister \u2013 ideal f\u00fcr alle, die sich nach einer sanften, spirituellen Verbindung sehnen.<\/p>\n<p data-start=\"489\" data-end=\"673\">Entdecke in unserem Shop auch viele weitere spannende B\u00fccher zur Herzensliebe, Kinder, R\u00e4ucherstoffen, Ritualen, Naturwissen und Spiritualit\u00e4t. Jedes einzelne liebevoll gestaltet, um dich auf deinem pers\u00f6nlichen Weg zu begleiten und zu inspirieren.<\/p>\n<p data-start=\"489\" data-end=\"673\">\n","protected":false},"excerpt":{"rendered":"<p>Naturgeister und Engel Die White Eagle Gemeinschaft im S\u00fcdwesten Englands z\u00e4hlt zu den \u00e4ltesten und angesehensten spirituellen Gruppierungen Europas. Ihre Lehren verbinden ein esoterisches Christentum mit der liebevollen Praxis des Geistigen Heilens. Seit fast vier Jahrzehnten begleiten die White Eagle B\u00fccher auf Deutsch Generationen von Suchenden auf ihrem geistigen Weg und schenken Inspiration, Trost und [&hellip;]<\/p>\n<p><a class=\"read-more\" href=\"https:\/\/www.bynaldis-shop.com\/?product=naturgeister-und-engel\">Mehr lesen<span class=\"meta-nav\">&rarr;<\/span><\/a><\/p>\n","protected":false},"featured_media":9093,"template":"","meta":[],"product_brand":[],"product_cat":[87],"product_tag":[],"class_list":{"0":"post-9092","1":"product","2":"type-product","3":"status-publish","4":"has-post-thumbnail","6":"product_cat-buecher","8":"first","9":"instock","10":"taxable","11":"shipping-taxable","12":"purchasable","13":"product-type-simple"},"_links":{"self":[{"href":"https:\/\/www.bynaldis-shop.com\/index.php?rest_route=\/wp\/v2\/product\/9092","targetHints":{"allow":["GET"]}}],"collection":[{"href":"https:\/\/www.bynaldis-shop.com\/index.php?rest_route=\/wp\/v2\/product"}],"about":[{"href":"https:\/\/www.bynaldis-shop.com\/index.php?rest_route=\/wp\/v2\/types\/product"}],"wp:featuredmedia":[{"embeddable":true,"href":"https:\/\/www.bynaldis-shop.com\/index.php?rest_route=\/wp\/v2\/media\/9093"}],"wp:attachment":[{"href":"https:\/\/www.bynaldis-shop.com\/index.php?rest_route=%2Fwp%2Fv2%2Fmedia&parent=9092"}],"wp:term":[{"taxonomy":"product_brand","embeddable":true,"href":"https:\/\/www.bynaldis-shop.com\/index.php?rest_route=%2Fwp%2Fv2%2Fproduct_brand&post=9092"},{"taxonomy":"product_cat","embeddable":true,"href":"https:\/\/www.bynaldis-shop.com\/index.php?rest_route=%2Fwp%2Fv2%2Fproduct_cat&post=9092"},{"taxonomy":"product_tag","embeddable":true,"href":"https:\/\/www.bynaldis-shop.com\/index.php?rest_route=%2Fwp%2Fv2%2Fproduct_tag&post=9092"}],"curies":[{"name":"wp","href":"https:\/\/api.w.org\/{rel}","templated":true}]}}