{"id":9090,"date":"2024-11-04T11:33:11","date_gmt":"2024-11-04T10:33:11","guid":{"rendered":"https:\/\/www.bynaldis-shop.com\/?post_type=product&#038;p=9090"},"modified":"2025-10-22T14:32:26","modified_gmt":"2025-10-22T12:32:26","slug":"alltagsschamane-angaangaq","status":"publish","type":"product","link":"https:\/\/www.bynaldis-shop.com\/?product=alltagsschamane-angaangaq","title":{"rendered":"Buch Schmelzt das Eis in euren Herzen von Angaangaq"},"content":{"rendered":"<p data-start=\"55\" data-end=\"162\"><strong data-start=\"55\" data-end=\"162\">Schmelzt das Eis in euren Herzen: Indigene Weisheit f\u00fcr ein kraftvolles Leben im Einklang mit der Natur<\/strong><\/p>\n<p data-start=\"164\" data-end=\"194\">Ein freies Herz macht stark!<\/p>\n<p data-start=\"196\" data-end=\"400\">Tauche ein in die kraftvolle Botschaft des gr\u00f6nl\u00e4ndischen Schamanen Angaangaq und lasse dich inspirieren zu einem mutigen, liebevollen Leben im Einklang mit dir selbst, deinen Mitmenschen und der Natur.<\/p>\n<p data-start=\"402\" data-end=\"738\">Dieses Buch ist eine Einladung, das Eis in deinem Herzen zu schmelzen und die uralte Weisheit der Kalaallit zu entdecken \u2013 tiefgr\u00fcndig, ber\u00fchrend und voller Lebensweisheit. Themen wie Familie, Partnerschaft, Sexualit\u00e4t, Geben und Nehmen, Werden und Vergehen, Heilen und Feiern werden hier mit gro\u00dfer Sensibilit\u00e4t und Liebe beleuchtet.<\/p>\n<p data-start=\"740\" data-end=\"954\">Begleitet von beeindruckenden Fotos der majest\u00e4tischen gr\u00f6nl\u00e4ndischen Landschaft und des Lebens vor Ort, ist dieses Buch eine Quelle der Inspiration f\u00fcr alle, die sich nach mehr Harmonie und Verbundenheit sehnen.<\/p>\n<p data-start=\"956\" data-end=\"1023\">240 Seiten voller Weisheit und Herz \u2013 ein Geschenk f\u00fcr deine Seele.<\/p>\n<p data-start=\"956\" data-end=\"1023\">Entdecke in unserem Shop auch viele weitere spannende B\u00fccher zur Herzensliebe, Kinder, R\u00e4ucherstoffen, Ritualen, Naturwissen und Spiritualit\u00e4t. Jedes einzelne liebevoll gestaltet, um dich auf deinem pers\u00f6nlichen Weg zu begleiten und zu inspirieren.<\/p>\n","protected":false},"excerpt":{"rendered":"<p>Schmelzt das Eis in euren Herzen: Indigene Weisheit f\u00fcr ein kraftvolles Leben im Einklang mit der Natur Ein freies Herz macht stark! Tauche ein in die kraftvolle Botschaft des gr\u00f6nl\u00e4ndischen Schamanen Angaangaq und lasse dich inspirieren zu einem mutigen, liebevollen Leben im Einklang mit dir selbst, deinen Mitmenschen und der Natur. Dieses Buch ist eine [&hellip;]<\/p>\n<p><a class=\"read-more\" href=\"https:\/\/www.bynaldis-shop.com\/?product=alltagsschamane-angaangaq\">Mehr lesen<span class=\"meta-nav\">&rarr;<\/span><\/a><\/p>\n","protected":false},"featured_media":9091,"template":"","meta":[],"product_brand":[],"product_cat":[87],"product_tag":[],"class_list":{"0":"post-9090","1":"product","2":"type-product","3":"status-publish","4":"has-post-thumbnail","6":"product_cat-buecher","8":"first","9":"instock","10":"taxable","11":"shipping-taxable","12":"purchasable","13":"product-type-simple"},"_links":{"self":[{"href":"https:\/\/www.bynaldis-shop.com\/index.php?rest_route=\/wp\/v2\/product\/9090","targetHints":{"allow":["GET"]}}],"collection":[{"href":"https:\/\/www.bynaldis-shop.com\/index.php?rest_route=\/wp\/v2\/product"}],"about":[{"href":"https:\/\/www.bynaldis-shop.com\/index.php?rest_route=\/wp\/v2\/types\/product"}],"wp:featuredmedia":[{"embeddable":true,"href":"https:\/\/www.bynaldis-shop.com\/index.php?rest_route=\/wp\/v2\/media\/9091"}],"wp:attachment":[{"href":"https:\/\/www.bynaldis-shop.com\/index.php?rest_route=%2Fwp%2Fv2%2Fmedia&parent=9090"}],"wp:term":[{"taxonomy":"product_brand","embeddable":true,"href":"https:\/\/www.bynaldis-shop.com\/index.php?rest_route=%2Fwp%2Fv2%2Fproduct_brand&post=9090"},{"taxonomy":"product_cat","embeddable":true,"href":"https:\/\/www.bynaldis-shop.com\/index.php?rest_route=%2Fwp%2Fv2%2Fproduct_cat&post=9090"},{"taxonomy":"product_tag","embeddable":true,"href":"https:\/\/www.bynaldis-shop.com\/index.php?rest_route=%2Fwp%2Fv2%2Fproduct_tag&post=9090"}],"curies":[{"name":"wp","href":"https:\/\/api.w.org\/{rel}","templated":true}]}}