{"id":9084,"date":"2024-11-04T11:21:07","date_gmt":"2024-11-04T10:21:07","guid":{"rendered":"https:\/\/www.bynaldis-shop.com\/?post_type=product&#038;p=9084"},"modified":"2025-10-22T14:30:24","modified_gmt":"2025-10-22T12:30:24","slug":"aufkleber-klein","status":"publish","type":"product","link":"https:\/\/www.bynaldis-shop.com\/?product=aufkleber-klein","title":{"rendered":"Blume des Lebens Metall Aufkleber, klein"},"content":{"rendered":"<p data-start=\"106\" data-end=\"409\"><strong data-start=\"106\" data-end=\"150\">Blume des Lebens Metall Aufkleber, klein<\/strong><\/p>\n<p data-start=\"106\" data-end=\"409\"><br data-start=\"150\" data-end=\"153\" \/>Diese kleinen, edlen Blume des Lebens Aufkleber aus Metall sind mit echtem Gold vergoldet und schenken jedem Gegenstand eine wertvolle, leuchtende Ausstrahlung. Ihr feiner 3D-Effekt bringt die Symbolkraft der Blume des Lebens besonders sch\u00f6n zur Geltung.<\/p>\n<p data-start=\"411\" data-end=\"620\">Ideal zum Verzieren von Glas, Holz, Papier oder anderen glatten Fl\u00e4chen. F\u00fcr Glas empfehlen wir, den Aufkleber nach dem Auftragen vorsichtig von Hand zu reinigen, um die filigrane Goldvergoldung zu sch\u00fctzen.<\/p>\n<p data-start=\"622\" data-end=\"775\">So gelingt die Anwendung m\u00fchelos: Untere Schutzfolie abziehen, den Aufkleber blasenfrei fest andr\u00fccken, danach die obere Schutzfolie langsam entfernen.<\/p>\n<p data-start=\"777\" data-end=\"861\">Vier wundersch\u00f6ne kleine Symbole auf einem Blatt \u2013 jeder mit ca. 3,5 cm Durchmesser.<\/p>\n","protected":false},"excerpt":{"rendered":"<p>Blume des Lebens Metall Aufkleber, klein Diese kleinen, edlen Blume des Lebens Aufkleber aus Metall sind mit echtem Gold vergoldet und schenken jedem Gegenstand eine wertvolle, leuchtende Ausstrahlung. Ihr feiner 3D-Effekt bringt die Symbolkraft der Blume des Lebens besonders sch\u00f6n zur Geltung. Ideal zum Verzieren von Glas, Holz, Papier oder anderen glatten Fl\u00e4chen. F\u00fcr Glas [&hellip;]<\/p>\n<p><a class=\"read-more\" href=\"https:\/\/www.bynaldis-shop.com\/?product=aufkleber-klein\">Mehr lesen<span class=\"meta-nav\">&rarr;<\/span><\/a><\/p>\n","protected":false},"featured_media":9086,"template":"","meta":[],"product_brand":[],"product_cat":[245],"product_tag":[],"class_list":{"0":"post-9084","1":"product","2":"type-product","3":"status-publish","4":"has-post-thumbnail","6":"product_cat-dies-und-das","8":"first","9":"instock","10":"taxable","11":"shipping-taxable","12":"purchasable","13":"product-type-simple"},"_links":{"self":[{"href":"https:\/\/www.bynaldis-shop.com\/index.php?rest_route=\/wp\/v2\/product\/9084","targetHints":{"allow":["GET"]}}],"collection":[{"href":"https:\/\/www.bynaldis-shop.com\/index.php?rest_route=\/wp\/v2\/product"}],"about":[{"href":"https:\/\/www.bynaldis-shop.com\/index.php?rest_route=\/wp\/v2\/types\/product"}],"wp:featuredmedia":[{"embeddable":true,"href":"https:\/\/www.bynaldis-shop.com\/index.php?rest_route=\/wp\/v2\/media\/9086"}],"wp:attachment":[{"href":"https:\/\/www.bynaldis-shop.com\/index.php?rest_route=%2Fwp%2Fv2%2Fmedia&parent=9084"}],"wp:term":[{"taxonomy":"product_brand","embeddable":true,"href":"https:\/\/www.bynaldis-shop.com\/index.php?rest_route=%2Fwp%2Fv2%2Fproduct_brand&post=9084"},{"taxonomy":"product_cat","embeddable":true,"href":"https:\/\/www.bynaldis-shop.com\/index.php?rest_route=%2Fwp%2Fv2%2Fproduct_cat&post=9084"},{"taxonomy":"product_tag","embeddable":true,"href":"https:\/\/www.bynaldis-shop.com\/index.php?rest_route=%2Fwp%2Fv2%2Fproduct_tag&post=9084"}],"curies":[{"name":"wp","href":"https:\/\/api.w.org\/{rel}","templated":true}]}}