{"id":9074,"date":"2024-11-04T10:58:15","date_gmt":"2024-11-04T09:58:15","guid":{"rendered":"https:\/\/www.bynaldis-shop.com\/?post_type=product&#038;p=9074"},"modified":"2025-10-21T20:03:36","modified_gmt":"2025-10-21T18:03:36","slug":"buddha-natur-2","status":"publish","type":"product","link":"https:\/\/www.bynaldis-shop.com\/?product=buddha-natur-2","title":{"rendered":"Buddha Keramikhalter, Natur"},"content":{"rendered":"<p data-start=\"95\" data-end=\"279\"><strong data-start=\"95\" data-end=\"126\">Buddha Keramikhalter, Natur<\/strong><\/p>\n<p data-start=\"95\" data-end=\"279\"><br data-start=\"126\" data-end=\"129\" \/>In stiller Meditation sitzt dieser Buddha mit gefalteten H\u00e4nden im Namaskar \u2013 ein liebevolles Zeichen, das \u201eIch sehe das G\u00f6ttliche in Dir\u201c bedeutet.<\/p>\n<p data-start=\"281\" data-end=\"570\">Handgefertigt aus nat\u00fcrlicher Keramik, bringt dieser Halter eine besondere Ruhe und Erhabenheit in dein Zuhause. Er ist der perfekte Begleiter f\u00fcr deine R\u00e4ucherst\u00e4bchen oder ein sanft flackerndes Teelicht und l\u00e4dt dich ein, bewusste Momente der Achtsamkeit und Spiritualit\u00e4t zu genie\u00dfen.<\/p>\n<p data-start=\"572\" data-end=\"602\">Ma\u00dfe: H\u00f6he 12 cm, Breite 12 cm<\/p>\n<p data-start=\"572\" data-end=\"602\">Und weil ein sch\u00f6ner Halter noch mehr Freude macht mit dem passenden Duft, findest du in unserem Shop eine gro\u00dfe Auswahl an herrlichen R\u00e4ucherst\u00e4bchen \u2013 von sanft blumig bis w\u00fcrzig warm. St\u00f6bere gern ein bisschen, lass dich von den D\u00fcften inspirieren und finde genau die Aromen, die dein Herz ber\u00fchren.<\/p>\n","protected":false},"excerpt":{"rendered":"<p>Buddha Keramikhalter, Natur In stiller Meditation sitzt dieser Buddha mit gefalteten H\u00e4nden im Namaskar \u2013 ein liebevolles Zeichen, das \u201eIch sehe das G\u00f6ttliche in Dir\u201c bedeutet. Handgefertigt aus nat\u00fcrlicher Keramik, bringt dieser Halter eine besondere Ruhe und Erhabenheit in dein Zuhause. Er ist der perfekte Begleiter f\u00fcr deine R\u00e4ucherst\u00e4bchen oder ein sanft flackerndes Teelicht und [&hellip;]<\/p>\n<p><a class=\"read-more\" href=\"https:\/\/www.bynaldis-shop.com\/?product=buddha-natur-2\">Mehr lesen<span class=\"meta-nav\">&rarr;<\/span><\/a><\/p>\n","protected":false},"featured_media":9109,"template":"","meta":[],"product_brand":[],"product_cat":[252],"product_tag":[],"class_list":{"0":"post-9074","1":"product","2":"type-product","3":"status-publish","4":"has-post-thumbnail","6":"product_cat-zubehoer","8":"first","9":"instock","10":"taxable","11":"shipping-taxable","12":"purchasable","13":"product-type-simple"},"_links":{"self":[{"href":"https:\/\/www.bynaldis-shop.com\/index.php?rest_route=\/wp\/v2\/product\/9074","targetHints":{"allow":["GET"]}}],"collection":[{"href":"https:\/\/www.bynaldis-shop.com\/index.php?rest_route=\/wp\/v2\/product"}],"about":[{"href":"https:\/\/www.bynaldis-shop.com\/index.php?rest_route=\/wp\/v2\/types\/product"}],"wp:featuredmedia":[{"embeddable":true,"href":"https:\/\/www.bynaldis-shop.com\/index.php?rest_route=\/wp\/v2\/media\/9109"}],"wp:attachment":[{"href":"https:\/\/www.bynaldis-shop.com\/index.php?rest_route=%2Fwp%2Fv2%2Fmedia&parent=9074"}],"wp:term":[{"taxonomy":"product_brand","embeddable":true,"href":"https:\/\/www.bynaldis-shop.com\/index.php?rest_route=%2Fwp%2Fv2%2Fproduct_brand&post=9074"},{"taxonomy":"product_cat","embeddable":true,"href":"https:\/\/www.bynaldis-shop.com\/index.php?rest_route=%2Fwp%2Fv2%2Fproduct_cat&post=9074"},{"taxonomy":"product_tag","embeddable":true,"href":"https:\/\/www.bynaldis-shop.com\/index.php?rest_route=%2Fwp%2Fv2%2Fproduct_tag&post=9074"}],"curies":[{"name":"wp","href":"https:\/\/api.w.org\/{rel}","templated":true}]}}