{"id":9070,"date":"2024-11-04T10:51:30","date_gmt":"2024-11-04T09:51:30","guid":{"rendered":"https:\/\/www.bynaldis-shop.com\/?post_type=product&#038;p=9070"},"modified":"2025-10-21T20:02:02","modified_gmt":"2025-10-21T18:02:02","slug":"buddha-gruen","status":"publish","type":"product","link":"https:\/\/www.bynaldis-shop.com\/?product=buddha-gruen","title":{"rendered":"Buddha Keramikhalter, Gr\u00fcn"},"content":{"rendered":"<p data-start=\"88\" data-end=\"238\"><strong data-start=\"88\" data-end=\"118\">Buddha Keramikhalter, Gr\u00fcn<\/strong><\/p>\n<p data-start=\"88\" data-end=\"238\"><br data-start=\"118\" data-end=\"121\" \/>In meditativer Haltung, die H\u00e4nde zum Namaskar gefaltet \u2013 eine Geste, die \u201eIch sehe das G\u00f6ttliche in Dir\u201c bedeutet.<\/p>\n<p data-start=\"240\" data-end=\"479\">Dieser handgefertigte Keramikhalter schafft eine erhabene, friedvolle Atmosph\u00e4re f\u00fcr deine R\u00e4ucherst\u00e4bchen oder ein Teelicht. Sein sanftes Gr\u00fcn l\u00e4dt zur Ruhe und inneren Einkehr ein und begleitet dich liebevoll auf deinem spirituellen Weg.<\/p>\n<p data-start=\"481\" data-end=\"511\">Ma\u00dfe: H\u00f6he 12 cm, Breite 12 cm<\/p>\n<p data-start=\"481\" data-end=\"511\">Und weil ein sch\u00f6ner Halter noch mehr Freude macht mit dem passenden Duft, findest du in unserem Shop eine gro\u00dfe Auswahl an herrlichen R\u00e4ucherst\u00e4bchen \u2013 von sanft blumig bis w\u00fcrzig warm. St\u00f6bere gern ein bisschen, lass dich von den D\u00fcften inspirieren und finde genau die Aromen, die dein Herz ber\u00fchren.<\/p>\n","protected":false},"excerpt":{"rendered":"<p>Buddha Keramikhalter, Gr\u00fcn In meditativer Haltung, die H\u00e4nde zum Namaskar gefaltet \u2013 eine Geste, die \u201eIch sehe das G\u00f6ttliche in Dir\u201c bedeutet. Dieser handgefertigte Keramikhalter schafft eine erhabene, friedvolle Atmosph\u00e4re f\u00fcr deine R\u00e4ucherst\u00e4bchen oder ein Teelicht. Sein sanftes Gr\u00fcn l\u00e4dt zur Ruhe und inneren Einkehr ein und begleitet dich liebevoll auf deinem spirituellen Weg. Ma\u00dfe: [&hellip;]<\/p>\n<p><a class=\"read-more\" href=\"https:\/\/www.bynaldis-shop.com\/?product=buddha-gruen\">Mehr lesen<span class=\"meta-nav\">&rarr;<\/span><\/a><\/p>\n","protected":false},"featured_media":9108,"template":"","meta":[],"product_brand":[],"product_cat":[252],"product_tag":[],"class_list":{"0":"post-9070","1":"product","2":"type-product","3":"status-publish","4":"has-post-thumbnail","6":"product_cat-zubehoer","8":"first","9":"instock","10":"taxable","11":"shipping-taxable","12":"purchasable","13":"product-type-simple"},"_links":{"self":[{"href":"https:\/\/www.bynaldis-shop.com\/index.php?rest_route=\/wp\/v2\/product\/9070","targetHints":{"allow":["GET"]}}],"collection":[{"href":"https:\/\/www.bynaldis-shop.com\/index.php?rest_route=\/wp\/v2\/product"}],"about":[{"href":"https:\/\/www.bynaldis-shop.com\/index.php?rest_route=\/wp\/v2\/types\/product"}],"wp:featuredmedia":[{"embeddable":true,"href":"https:\/\/www.bynaldis-shop.com\/index.php?rest_route=\/wp\/v2\/media\/9108"}],"wp:attachment":[{"href":"https:\/\/www.bynaldis-shop.com\/index.php?rest_route=%2Fwp%2Fv2%2Fmedia&parent=9070"}],"wp:term":[{"taxonomy":"product_brand","embeddable":true,"href":"https:\/\/www.bynaldis-shop.com\/index.php?rest_route=%2Fwp%2Fv2%2Fproduct_brand&post=9070"},{"taxonomy":"product_cat","embeddable":true,"href":"https:\/\/www.bynaldis-shop.com\/index.php?rest_route=%2Fwp%2Fv2%2Fproduct_cat&post=9070"},{"taxonomy":"product_tag","embeddable":true,"href":"https:\/\/www.bynaldis-shop.com\/index.php?rest_route=%2Fwp%2Fv2%2Fproduct_tag&post=9070"}],"curies":[{"name":"wp","href":"https:\/\/api.w.org\/{rel}","templated":true}]}}