{"id":9067,"date":"2024-11-04T10:41:25","date_gmt":"2024-11-04T09:41:25","guid":{"rendered":"https:\/\/www.bynaldis-shop.com\/?post_type=product&#038;p=9067"},"modified":"2025-10-28T11:43:22","modified_gmt":"2025-10-28T10:43:22","slug":"engelfluegel","status":"publish","type":"product","link":"https:\/\/www.bynaldis-shop.com\/?product=engelfluegel","title":{"rendered":"R\u00e4ucherst\u00e4bchenhalter Engelsfl\u00fcgel \u2013 massiv und mit goldener Eleganz"},"content":{"rendered":"<p data-start=\"110\" data-end=\"232\"><strong data-start=\"110\" data-end=\"182\">R\u00e4ucherst\u00e4bchenhalter Engelsfl\u00fcgel \u2013 massiv und mit goldener Eleganz<\/strong><\/p>\n<p data-start=\"110\" data-end=\"232\"><br data-start=\"182\" data-end=\"185\" \/>Ein kraftvolles Symbol voller Licht und Schutz.<\/p>\n<p data-start=\"234\" data-end=\"546\">Dieser breite, handgefertigte R\u00e4ucherst\u00e4bchenhalter aus warmem Mangoholz tr\u00e4gt das Symbol der Engelsfl\u00fcgel \u2013 eingelasert und wei\u00df eingewachst f\u00fcr h\u00f6chste Best\u00e4ndigkeit. Die feinen Blattgoldverzierungen verleihen ihm einen sanften, schimmernden Glanz, der jede R\u00e4ucherzeremonie zu einem besonderen Erlebnis macht.<\/p>\n<p data-start=\"548\" data-end=\"732\">Seine gro\u00dfz\u00fcgige Gr\u00f6\u00dfe f\u00e4ngt jede Asche sicher auf und wird so zum wahren Blickfang in deinem spirituellen Raum. Sp\u00fcre die Energie und den Schutz der Engel bei deinem t\u00e4glichen Ritual.<\/p>\n<p data-start=\"734\" data-end=\"767\">Ma\u00dfe: L\u00e4nge 27,5 cm, Breite 10 cm<\/p>\n<p data-start=\"734\" data-end=\"767\">Und weil ein sch\u00f6ner Halter noch mehr Freude macht mit dem passenden Duft, findest du in unserem Shop eine gro\u00dfe Auswahl an herrlichen R\u00e4ucherst\u00e4bchen \u2013 von sanft blumig bis w\u00fcrzig warm. St\u00f6bere gern ein bisschen, lass dich von den D\u00fcften inspirieren und finde genau die Aromen, die dein Herz ber\u00fchren.<\/p>\n","protected":false},"excerpt":{"rendered":"<p>R\u00e4ucherst\u00e4bchenhalter Engelsfl\u00fcgel \u2013 massiv und mit goldener Eleganz Ein kraftvolles Symbol voller Licht und Schutz. Dieser breite, handgefertigte R\u00e4ucherst\u00e4bchenhalter aus warmem Mangoholz tr\u00e4gt das Symbol der Engelsfl\u00fcgel \u2013 eingelasert und wei\u00df eingewachst f\u00fcr h\u00f6chste Best\u00e4ndigkeit. Die feinen Blattgoldverzierungen verleihen ihm einen sanften, schimmernden Glanz, der jede R\u00e4ucherzeremonie zu einem besonderen Erlebnis macht. Seine gro\u00dfz\u00fcgige Gr\u00f6\u00dfe [&hellip;]<\/p>\n<p><a class=\"read-more\" href=\"https:\/\/www.bynaldis-shop.com\/?product=engelfluegel\">Mehr lesen<span class=\"meta-nav\">&rarr;<\/span><\/a><\/p>\n","protected":false},"featured_media":9107,"template":"","meta":[],"product_brand":[],"product_cat":[252],"product_tag":[],"class_list":{"0":"post-9067","1":"product","2":"type-product","3":"status-publish","4":"has-post-thumbnail","6":"product_cat-zubehoer","8":"first","9":"instock","10":"taxable","11":"shipping-taxable","12":"purchasable","13":"product-type-simple"},"_links":{"self":[{"href":"https:\/\/www.bynaldis-shop.com\/index.php?rest_route=\/wp\/v2\/product\/9067","targetHints":{"allow":["GET"]}}],"collection":[{"href":"https:\/\/www.bynaldis-shop.com\/index.php?rest_route=\/wp\/v2\/product"}],"about":[{"href":"https:\/\/www.bynaldis-shop.com\/index.php?rest_route=\/wp\/v2\/types\/product"}],"wp:featuredmedia":[{"embeddable":true,"href":"https:\/\/www.bynaldis-shop.com\/index.php?rest_route=\/wp\/v2\/media\/9107"}],"wp:attachment":[{"href":"https:\/\/www.bynaldis-shop.com\/index.php?rest_route=%2Fwp%2Fv2%2Fmedia&parent=9067"}],"wp:term":[{"taxonomy":"product_brand","embeddable":true,"href":"https:\/\/www.bynaldis-shop.com\/index.php?rest_route=%2Fwp%2Fv2%2Fproduct_brand&post=9067"},{"taxonomy":"product_cat","embeddable":true,"href":"https:\/\/www.bynaldis-shop.com\/index.php?rest_route=%2Fwp%2Fv2%2Fproduct_cat&post=9067"},{"taxonomy":"product_tag","embeddable":true,"href":"https:\/\/www.bynaldis-shop.com\/index.php?rest_route=%2Fwp%2Fv2%2Fproduct_tag&post=9067"}],"curies":[{"name":"wp","href":"https:\/\/api.w.org\/{rel}","templated":true}]}}