{"id":9062,"date":"2024-11-04T10:05:52","date_gmt":"2024-11-04T09:05:52","guid":{"rendered":"https:\/\/www.bynaldis-shop.com\/?post_type=product&#038;p=9062"},"modified":"2025-10-21T20:00:18","modified_gmt":"2025-10-21T18:00:18","slug":"guter-schlaf-kegel","status":"publish","type":"product","link":"https:\/\/www.bynaldis-shop.com\/?product=guter-schlaf-kegel","title":{"rendered":"R\u00e4ucherpyramide Guter Schlaf"},"content":{"rendered":"<p data-start=\"92\" data-end=\"156\"><strong data-start=\"92\" data-end=\"124\">R\u00e4ucherpyramide Guter Schlaf<\/strong><\/p>\n<p data-start=\"92\" data-end=\"156\"><br data-start=\"124\" data-end=\"127\" \/>Sanfte Tr\u00e4ume und tiefe Ruhe.<\/p>\n<p data-start=\"158\" data-end=\"432\">Maidaln\u00fcsse vereinen sich mit dem zarten Duft von Lavendel und der balsamischen W\u00e4rme von Myrrhe zu einer himmlischen Wolke, die dich sanft in die Welt der Erholung und Entspannung tr\u00e4gt. Diese besondere Duftkomposition \u00f6ffnet den Raum f\u00fcr s\u00fc\u00dfe Tr\u00e4ume und erholsamen Schlaf.<\/p>\n<p data-start=\"434\" data-end=\"597\">Die Pyramidenform der Kegel schenkt deinem Ritual eine mystische Aura, die den Moment noch magischer macht. Lass dich verzaubern und genie\u00dfe das Geschenk der Ruhe.<\/p>\n<p data-start=\"599\" data-end=\"693\">Im Set enthalten: 8 Pyramidenkegel (20 g) und ein liebevoll gefertigter kleiner Keramikhalter.<\/p>\n","protected":false},"excerpt":{"rendered":"<p>R\u00e4ucherpyramide Guter Schlaf Sanfte Tr\u00e4ume und tiefe Ruhe. Maidaln\u00fcsse vereinen sich mit dem zarten Duft von Lavendel und der balsamischen W\u00e4rme von Myrrhe zu einer himmlischen Wolke, die dich sanft in die Welt der Erholung und Entspannung tr\u00e4gt. Diese besondere Duftkomposition \u00f6ffnet den Raum f\u00fcr s\u00fc\u00dfe Tr\u00e4ume und erholsamen Schlaf. Die Pyramidenform der Kegel schenkt [&hellip;]<\/p>\n<p><a class=\"read-more\" href=\"https:\/\/www.bynaldis-shop.com\/?product=guter-schlaf-kegel\">Mehr lesen<span class=\"meta-nav\">&rarr;<\/span><\/a><\/p>\n","protected":false},"featured_media":9064,"template":"","meta":[],"product_brand":[],"product_cat":[247],"product_tag":[],"class_list":{"0":"post-9062","1":"product","2":"type-product","3":"status-publish","4":"has-post-thumbnail","6":"product_cat-raeucherkegel-zubehoer","8":"first","9":"instock","10":"taxable","11":"shipping-taxable","12":"purchasable","13":"product-type-simple"},"_links":{"self":[{"href":"https:\/\/www.bynaldis-shop.com\/index.php?rest_route=\/wp\/v2\/product\/9062","targetHints":{"allow":["GET"]}}],"collection":[{"href":"https:\/\/www.bynaldis-shop.com\/index.php?rest_route=\/wp\/v2\/product"}],"about":[{"href":"https:\/\/www.bynaldis-shop.com\/index.php?rest_route=\/wp\/v2\/types\/product"}],"wp:featuredmedia":[{"embeddable":true,"href":"https:\/\/www.bynaldis-shop.com\/index.php?rest_route=\/wp\/v2\/media\/9064"}],"wp:attachment":[{"href":"https:\/\/www.bynaldis-shop.com\/index.php?rest_route=%2Fwp%2Fv2%2Fmedia&parent=9062"}],"wp:term":[{"taxonomy":"product_brand","embeddable":true,"href":"https:\/\/www.bynaldis-shop.com\/index.php?rest_route=%2Fwp%2Fv2%2Fproduct_brand&post=9062"},{"taxonomy":"product_cat","embeddable":true,"href":"https:\/\/www.bynaldis-shop.com\/index.php?rest_route=%2Fwp%2Fv2%2Fproduct_cat&post=9062"},{"taxonomy":"product_tag","embeddable":true,"href":"https:\/\/www.bynaldis-shop.com\/index.php?rest_route=%2Fwp%2Fv2%2Fproduct_tag&post=9062"}],"curies":[{"name":"wp","href":"https:\/\/api.w.org\/{rel}","templated":true}]}}