{"id":9061,"date":"2024-11-04T10:04:29","date_gmt":"2024-11-04T09:04:29","guid":{"rendered":"https:\/\/www.bynaldis-shop.com\/?post_type=product&#038;p=9061"},"modified":"2025-10-21T19:59:48","modified_gmt":"2025-10-21T17:59:48","slug":"zirbenholz-kegel","status":"publish","type":"product","link":"https:\/\/www.bynaldis-shop.com\/?product=zirbenholz-kegel","title":{"rendered":"R\u00e4ucherpyramide Zirbenholz"},"content":{"rendered":"<p data-start=\"103\" data-end=\"172\"><strong data-start=\"103\" data-end=\"133\">R\u00e4ucherpyramide Zirbenholz<\/strong><\/p>\n<p data-start=\"103\" data-end=\"172\"><br data-start=\"133\" data-end=\"136\" \/>Die Kraft der Berge f\u00fcr deine Seele.<\/p>\n<p data-start=\"174\" data-end=\"398\">Zirbenholz, reich an \u00e4therischen \u00d6len und Harzen, schenkt K\u00f6rper, Geist und Seele eine wohltuende Klarheit. Es reinigt die Umgebung, l\u00f6st verworrene Gedanken und begleitet dich sanft auf dem Weg zu innerer Ruhe und Klarheit.<\/p>\n<p data-start=\"400\" data-end=\"622\">Die Pyramidenform der Kegel verleiht ihnen eine besondere mystische Ausstrahlung, die bereits beim Entz\u00fcnden eine magische Atmosph\u00e4re schafft. Lass dich entf\u00fchren in die faszinierende Welt dieser besonderen Duftkreationen.<\/p>\n<p data-start=\"624\" data-end=\"756\">Im Set enthalten: 8 Pyramidenkegel (20 g) und ein liebevoll gestalteter kleiner Keramikhalter, der deine R\u00e4ucher-Rituale bereichert.<\/p>\n","protected":false},"excerpt":{"rendered":"<p>R\u00e4ucherpyramide Zirbenholz Die Kraft der Berge f\u00fcr deine Seele. Zirbenholz, reich an \u00e4therischen \u00d6len und Harzen, schenkt K\u00f6rper, Geist und Seele eine wohltuende Klarheit. Es reinigt die Umgebung, l\u00f6st verworrene Gedanken und begleitet dich sanft auf dem Weg zu innerer Ruhe und Klarheit. Die Pyramidenform der Kegel verleiht ihnen eine besondere mystische Ausstrahlung, die bereits [&hellip;]<\/p>\n<p><a class=\"read-more\" href=\"https:\/\/www.bynaldis-shop.com\/?product=zirbenholz-kegel\">Mehr lesen<span class=\"meta-nav\">&rarr;<\/span><\/a><\/p>\n","protected":false},"featured_media":9065,"template":"","meta":[],"product_brand":[],"product_cat":[247],"product_tag":[],"class_list":{"0":"post-9061","1":"product","2":"type-product","3":"status-publish","4":"has-post-thumbnail","6":"product_cat-raeucherkegel-zubehoer","8":"first","9":"instock","10":"taxable","11":"shipping-taxable","12":"purchasable","13":"product-type-simple"},"_links":{"self":[{"href":"https:\/\/www.bynaldis-shop.com\/index.php?rest_route=\/wp\/v2\/product\/9061","targetHints":{"allow":["GET"]}}],"collection":[{"href":"https:\/\/www.bynaldis-shop.com\/index.php?rest_route=\/wp\/v2\/product"}],"about":[{"href":"https:\/\/www.bynaldis-shop.com\/index.php?rest_route=\/wp\/v2\/types\/product"}],"wp:featuredmedia":[{"embeddable":true,"href":"https:\/\/www.bynaldis-shop.com\/index.php?rest_route=\/wp\/v2\/media\/9065"}],"wp:attachment":[{"href":"https:\/\/www.bynaldis-shop.com\/index.php?rest_route=%2Fwp%2Fv2%2Fmedia&parent=9061"}],"wp:term":[{"taxonomy":"product_brand","embeddable":true,"href":"https:\/\/www.bynaldis-shop.com\/index.php?rest_route=%2Fwp%2Fv2%2Fproduct_brand&post=9061"},{"taxonomy":"product_cat","embeddable":true,"href":"https:\/\/www.bynaldis-shop.com\/index.php?rest_route=%2Fwp%2Fv2%2Fproduct_cat&post=9061"},{"taxonomy":"product_tag","embeddable":true,"href":"https:\/\/www.bynaldis-shop.com\/index.php?rest_route=%2Fwp%2Fv2%2Fproduct_tag&post=9061"}],"curies":[{"name":"wp","href":"https:\/\/api.w.org\/{rel}","templated":true}]}}