{"id":9028,"date":"2024-10-05T16:53:29","date_gmt":"2024-10-05T14:53:29","guid":{"rendered":"https:\/\/www.bynaldis-shop.com\/?post_type=product&#038;p=9028"},"modified":"2025-10-21T19:56:56","modified_gmt":"2025-10-21T17:56:56","slug":"sinnlichkeit","status":"publish","type":"product","link":"https:\/\/www.bynaldis-shop.com\/?product=sinnlichkeit","title":{"rendered":"R\u00e4ucherst\u00e4bchen \u201eSinnlichkeit\u201c"},"content":{"rendered":"<article class=\"text-token-text-primary w-full focus:outline-none scroll-mt-[calc(var(--header-height)+min(200px,max(70px,20svh)))]\" dir=\"auto\" tabindex=\"-1\" data-turn-id=\"request-6884d4ac-8230-8324-9295-a90d37ba8eae-48\" data-testid=\"conversation-turn-576\" data-scroll-anchor=\"true\" data-turn=\"assistant\">\n<div class=\"text-base my-auto mx-auto pb-10 [--thread-content-margin:--spacing(4)] @[37rem]:[--thread-content-margin:--spacing(6)] @[72rem]:[--thread-content-margin:--spacing(16)] px-(--thread-content-margin)\">\n<div class=\"[--thread-content-max-width:32rem] @[34rem]:[--thread-content-max-width:40rem] @[64rem]:[--thread-content-max-width:48rem] mx-auto max-w-(--thread-content-max-width) flex-1 group\/turn-messages focus-visible:outline-hidden relative flex w-full min-w-0 flex-col agent-turn\" tabindex=\"-1\">\n<div class=\"flex max-w-full flex-col grow\">\n<div class=\"min-h-8 text-message relative flex w-full flex-col items-end gap-2 text-start break-words whitespace-normal [.text-message+&amp;]:mt-5\" dir=\"auto\" data-message-author-role=\"assistant\" data-message-id=\"558fc405-5670-4fea-8e2c-e563fc2c1e28\" data-message-model-slug=\"gpt-4-1-mini\">\n<div class=\"flex w-full flex-col gap-1 empty:hidden first:pt-[3px]\">\n<div class=\"markdown prose dark:prose-invert w-full break-words light markdown-new-styling\">\n<p data-start=\"0\" data-end=\"87\"><strong>R\u00e4ucherst\u00e4bchen \u201eSinnlichkeit\u201c<\/strong><\/p>\n<p data-start=\"89\" data-end=\"382\">Der Kosmos schenkt uns alles, was wir brauchen, um ein gl\u00fcckliches und ausgeglichenes Leben im Einklang mit dem G\u00f6ttlichen zu f\u00fchren. Mutter Erde birgt zahlreiche Pflanzen mit kraftvoller Wirkung, die uns helfen, zu entspannen, uns zu fokussieren und unsere kreativen F\u00e4higkeiten zu entfalten.<\/p>\n<p data-start=\"384\" data-end=\"597\">Unsere \u201eMystic Line\u201c b\u00fcndelt die Kr\u00e4fte ausgew\u00e4hlter Pflanzen in speziellen Kompositionen, die dein Seelenleben liebevoll unterst\u00fctzen. Nat\u00fcrlich handgerollt und frei von chemischen Zus\u00e4tzen, f\u00fcr h\u00f6chste Qualit\u00e4t.<\/p>\n<p data-start=\"599\" data-end=\"1028\">Das R\u00e4ucherst\u00e4bchen \u201eSinnlichkeit\u201c verzaubert mit dem s\u00fc\u00dfen, verf\u00fchrerischen Duft der Schraubenpalme (Kewda), die in S\u00fcdindien, Burma und auf den Andaman-Inseln mit ihren wei\u00dfen und gelben Bl\u00fcten w\u00e4chst. Ihr Duft wirkt stimulierend und aphrodisierend. In Verbindung mit dem warmen, hingebungsvollen Aroma von Sandelholz entfaltet diese R\u00e4uchermischung eine Atmosph\u00e4re voller Genuss und N\u00e4he \u2013 perfekt f\u00fcr intime Stunden zu zweit.<\/p>\n<p data-start=\"1030\" data-end=\"1239\">Inhaltsstoffe: Kewda\u00f6l (Schraubenpalme), Kewdabl\u00e4tter, Sandelholzpulver (\u00e4u\u00dfere Rinde), Weihrauch, Litsea Sebifera, Ayurvedische Kr\u00e4utermischung (Himalaya Eibe, Costuswurzel, Hedychium spicatum, Zypresse etc.)<\/p>\n<p data-start=\"1241\" data-end=\"1299\" data-is-last-node=\"\" data-is-only-node=\"\">Erlebe sinnliche Momente voller Harmonie und Leidenschaft.<\/p>\n<\/div>\n<\/div>\n<\/div>\n<\/div>\n<div class=\"flex min-h-[46px] justify-start\"><\/div>\n<div class=\"aria-live=polite absolute select-none\">\n<div class=\"flex items-center justify-center\"><\/div>\n<\/div>\n<\/div>\n<\/div>\n<\/article>\n<div class=\"pointer-events-none h-px w-px\" aria-hidden=\"true\" data-edge=\"true\"><\/div>\n","protected":false},"excerpt":{"rendered":"<p>R\u00e4ucherst\u00e4bchen \u201eSinnlichkeit\u201c Der Kosmos schenkt uns alles, was wir brauchen, um ein gl\u00fcckliches und ausgeglichenes Leben im Einklang mit dem G\u00f6ttlichen zu f\u00fchren. Mutter Erde birgt zahlreiche Pflanzen mit kraftvoller Wirkung, die uns helfen, zu entspannen, uns zu fokussieren und unsere kreativen F\u00e4higkeiten zu entfalten. Unsere \u201eMystic Line\u201c b\u00fcndelt die Kr\u00e4fte ausgew\u00e4hlter Pflanzen in speziellen [&hellip;]<\/p>\n<p><a class=\"read-more\" href=\"https:\/\/www.bynaldis-shop.com\/?product=sinnlichkeit\">Mehr lesen<span class=\"meta-nav\">&rarr;<\/span><\/a><\/p>\n","protected":false},"featured_media":9029,"template":"","meta":[],"product_brand":[],"product_cat":[250],"product_tag":[],"class_list":{"0":"post-9028","1":"product","2":"type-product","3":"status-publish","4":"has-post-thumbnail","6":"product_cat-packung","8":"first","9":"instock","10":"taxable","11":"shipping-taxable","12":"purchasable","13":"product-type-simple"},"_links":{"self":[{"href":"https:\/\/www.bynaldis-shop.com\/index.php?rest_route=\/wp\/v2\/product\/9028","targetHints":{"allow":["GET"]}}],"collection":[{"href":"https:\/\/www.bynaldis-shop.com\/index.php?rest_route=\/wp\/v2\/product"}],"about":[{"href":"https:\/\/www.bynaldis-shop.com\/index.php?rest_route=\/wp\/v2\/types\/product"}],"wp:featuredmedia":[{"embeddable":true,"href":"https:\/\/www.bynaldis-shop.com\/index.php?rest_route=\/wp\/v2\/media\/9029"}],"wp:attachment":[{"href":"https:\/\/www.bynaldis-shop.com\/index.php?rest_route=%2Fwp%2Fv2%2Fmedia&parent=9028"}],"wp:term":[{"taxonomy":"product_brand","embeddable":true,"href":"https:\/\/www.bynaldis-shop.com\/index.php?rest_route=%2Fwp%2Fv2%2Fproduct_brand&post=9028"},{"taxonomy":"product_cat","embeddable":true,"href":"https:\/\/www.bynaldis-shop.com\/index.php?rest_route=%2Fwp%2Fv2%2Fproduct_cat&post=9028"},{"taxonomy":"product_tag","embeddable":true,"href":"https:\/\/www.bynaldis-shop.com\/index.php?rest_route=%2Fwp%2Fv2%2Fproduct_tag&post=9028"}],"curies":[{"name":"wp","href":"https:\/\/api.w.org\/{rel}","templated":true}]}}