{"id":9009,"date":"2024-10-05T14:30:46","date_gmt":"2024-10-05T12:30:46","guid":{"rendered":"https:\/\/www.bynaldis-shop.com\/?post_type=product&#038;p=9009"},"modified":"2026-04-26T20:41:14","modified_gmt":"2026-04-26T18:41:14","slug":"salzkristallampe","status":"publish","type":"product","link":"https:\/\/www.bynaldis-shop.com\/?product=salzkristallampe","title":{"rendered":"Salzkristall-Leuchte \u2013 Nat\u00fcrliches Wohlgef\u00fchl in warmem Licht"},"content":{"rendered":"<p data-start=\"0\" data-end=\"61\"><strong>Salzkristall-Leuchte \u2013 Nat\u00fcrliches Wohlgef\u00fchl in warmem Licht<\/strong><\/p>\n<p data-start=\"63\" data-end=\"373\">Unsere Salzkristall-Leuchten verzaubern jeden Raum mit ihrem sanften, warmen Licht und schaffen eine behagliche Atmosph\u00e4re voller Harmonie. Doch ihre Wirkung geht weit \u00fcber die Sch\u00f6nheit hinaus: Beim Leuchten geben sie unentwegt wohltuende Negativ-Ionen ab, die unser Wohlbefinden st\u00e4rken und Energie spenden.<\/p>\n<p data-start=\"375\" data-end=\"672\">Diese Negativ-Ionen neutralisieren sch\u00e4dliche positive Ionen, die durch elektrische Ger\u00e4te wie Computer, Bildschirme oder sogar Zigarettenrauch entstehen und uns schw\u00e4chen k\u00f6nnen. So wirkt die Salzkristall-Leuchte wie ein kleiner Waldspaziergang f\u00fcr dein Zuhause \u2013 n\u00e4hrend, kl\u00e4rend und beruhigend.<\/p>\n<p data-start=\"674\" data-end=\"833\">Die Leuchte steht auf einem nat\u00fcrlichen Holzsockel und wiegt ca. 2\u20133 kg. Die Elektrik ist leicht austauschbar und wird inklusive einer 15-Watt-Birne geliefert.<\/p>\n<p data-start=\"835\" data-end=\"914\" data-is-last-node=\"\" data-is-only-node=\"\">Genie\u00dfe die Kraft der Natur in deinem Raum \u2013 f\u00fcr mehr Balance und Geborgenheit.<\/p>\n<p data-start=\"835\" data-end=\"914\" data-is-last-node=\"\" data-is-only-node=\"\"><strong>Hinweis:<\/strong> Die beschriebenen Wirkungen basieren auf Erfahrungen von Anwendern und Edelsteintherapeuten und sind wissenschaftlich nicht erwiesen. Sie ersetzen keine medizinische Diagnose oder Behandlung. Bitte konsultiere bei gesundheitlichen Beschwerden immer einen Arzt.<\/p>\n","protected":false},"excerpt":{"rendered":"<p>Salzkristall-Leuchte \u2013 Nat\u00fcrliches Wohlgef\u00fchl in warmem Licht Unsere Salzkristall-Leuchten verzaubern jeden Raum mit ihrem sanften, warmen Licht und schaffen eine behagliche Atmosph\u00e4re voller Harmonie. Doch ihre Wirkung geht weit \u00fcber die Sch\u00f6nheit hinaus: Beim Leuchten geben sie unentwegt wohltuende Negativ-Ionen ab, die unser Wohlbefinden st\u00e4rken und Energie spenden. Diese Negativ-Ionen neutralisieren sch\u00e4dliche positive Ionen, die [&hellip;]<\/p>\n<p><a class=\"read-more\" href=\"https:\/\/www.bynaldis-shop.com\/?product=salzkristallampe\">Mehr lesen<span class=\"meta-nav\">&rarr;<\/span><\/a><\/p>\n","protected":false},"featured_media":9010,"template":"","meta":[],"product_brand":[],"product_cat":[288,373],"product_tag":[],"class_list":{"0":"post-9009","1":"product","2":"type-product","3":"status-publish","4":"has-post-thumbnail","6":"product_cat-alles-fuer-das-kinderherz","7":"product_cat-salzkristall-lampen","9":"first","10":"instock","11":"taxable","12":"shipping-taxable","13":"purchasable","14":"product-type-simple"},"_links":{"self":[{"href":"https:\/\/www.bynaldis-shop.com\/index.php?rest_route=\/wp\/v2\/product\/9009","targetHints":{"allow":["GET"]}}],"collection":[{"href":"https:\/\/www.bynaldis-shop.com\/index.php?rest_route=\/wp\/v2\/product"}],"about":[{"href":"https:\/\/www.bynaldis-shop.com\/index.php?rest_route=\/wp\/v2\/types\/product"}],"wp:featuredmedia":[{"embeddable":true,"href":"https:\/\/www.bynaldis-shop.com\/index.php?rest_route=\/wp\/v2\/media\/9010"}],"wp:attachment":[{"href":"https:\/\/www.bynaldis-shop.com\/index.php?rest_route=%2Fwp%2Fv2%2Fmedia&parent=9009"}],"wp:term":[{"taxonomy":"product_brand","embeddable":true,"href":"https:\/\/www.bynaldis-shop.com\/index.php?rest_route=%2Fwp%2Fv2%2Fproduct_brand&post=9009"},{"taxonomy":"product_cat","embeddable":true,"href":"https:\/\/www.bynaldis-shop.com\/index.php?rest_route=%2Fwp%2Fv2%2Fproduct_cat&post=9009"},{"taxonomy":"product_tag","embeddable":true,"href":"https:\/\/www.bynaldis-shop.com\/index.php?rest_route=%2Fwp%2Fv2%2Fproduct_tag&post=9009"}],"curies":[{"name":"wp","href":"https:\/\/api.w.org\/{rel}","templated":true}]}}