{"id":8974,"date":"2024-09-08T16:53:33","date_gmt":"2024-09-08T14:53:33","guid":{"rendered":"https:\/\/www.bynaldis-shop.com\/?post_type=product&#038;p=8974"},"modified":"2025-10-21T19:53:00","modified_gmt":"2025-10-21T17:53:00","slug":"engelfluegel-gold-2","status":"publish","type":"product","link":"https:\/\/www.bynaldis-shop.com\/?product=engelfluegel-gold-2","title":{"rendered":"Engelfl\u00fcgel Gold \u2013 Zauberhafte Dekoration aus Kunstharz"},"content":{"rendered":"<article class=\"text-token-text-primary w-full focus:outline-none scroll-mt-[calc(var(--header-height)+min(200px,max(70px,20svh)))]\" dir=\"auto\" tabindex=\"-1\" data-turn-id=\"request-6884d4ac-8230-8324-9295-a90d37ba8eae-44\" data-testid=\"conversation-turn-568\" data-scroll-anchor=\"true\" data-turn=\"assistant\">\n<div class=\"text-base my-auto mx-auto pb-10 [--thread-content-margin:--spacing(4)] @[37rem]:[--thread-content-margin:--spacing(6)] @[72rem]:[--thread-content-margin:--spacing(16)] px-(--thread-content-margin)\">\n<div class=\"[--thread-content-max-width:32rem] @[34rem]:[--thread-content-max-width:40rem] @[64rem]:[--thread-content-max-width:48rem] mx-auto max-w-(--thread-content-max-width) flex-1 group\/turn-messages focus-visible:outline-hidden relative flex w-full min-w-0 flex-col agent-turn\" tabindex=\"-1\">\n<div class=\"flex max-w-full flex-col grow\">\n<div class=\"min-h-8 text-message relative flex w-full flex-col items-end gap-2 text-start break-words whitespace-normal [.text-message+&amp;]:mt-5\" dir=\"auto\" data-message-author-role=\"assistant\" data-message-id=\"c8ea4a66-86ed-4e11-8c78-66b2b139b062\" data-message-model-slug=\"gpt-4-1-mini\">\n<div class=\"flex w-full flex-col gap-1 empty:hidden first:pt-[3px]\">\n<div class=\"markdown prose dark:prose-invert w-full break-words light markdown-new-styling\">\n<p data-start=\"0\" data-end=\"55\"><strong>Engelfl\u00fcgel Gold \u2013 Zauberhafte Dekoration aus Kunstharz<\/strong><\/p>\n<p data-start=\"57\" data-end=\"304\">Diese eleganten Engelfl\u00fcgel aus Kunstharz sind mit feinem goldenem Glitzer veredelt und verleihen jedem Raum eine himmlische Atmosph\u00e4re. Perfekt zum Aufh\u00e4ngen und Dekorieren, strahlen sie Licht und W\u00e4rme aus und erinnern sanft an Schutz und Liebe.<\/p>\n<p data-start=\"306\" data-end=\"328\">Ma\u00dfe: 6 x 1,5 x 5,5 cm<\/p>\n<p data-start=\"330\" data-end=\"405\" data-is-last-node=\"\" data-is-only-node=\"\">Ein funkelndes Schmuckst\u00fcck f\u00fcr dein Zuhause oder als liebevolles Geschenk.<\/p>\n<\/div>\n<\/div>\n<\/div>\n<\/div>\n<\/div>\n<\/div>\n<\/article>\n","protected":false},"excerpt":{"rendered":"<p>Engelfl\u00fcgel Gold \u2013 Zauberhafte Dekoration aus Kunstharz Diese eleganten Engelfl\u00fcgel aus Kunstharz sind mit feinem goldenem Glitzer veredelt und verleihen jedem Raum eine himmlische Atmosph\u00e4re. Perfekt zum Aufh\u00e4ngen und Dekorieren, strahlen sie Licht und W\u00e4rme aus und erinnern sanft an Schutz und Liebe. Ma\u00dfe: 6 x 1,5 x 5,5 cm Ein funkelndes Schmuckst\u00fcck f\u00fcr dein [&hellip;]<\/p>\n<p><a class=\"read-more\" href=\"https:\/\/www.bynaldis-shop.com\/?product=engelfluegel-gold-2\">Mehr lesen<span class=\"meta-nav\">&rarr;<\/span><\/a><\/p>\n","protected":false},"featured_media":9006,"template":"","meta":[],"product_brand":[],"product_cat":[219,279],"product_tag":[],"class_list":{"0":"post-8974","1":"product","2":"type-product","3":"status-publish","4":"has-post-thumbnail","6":"product_cat-noch-mehr-engel","7":"product_cat-weihnachtsengel","9":"first","10":"instock","11":"taxable","12":"shipping-taxable","13":"purchasable","14":"product-type-simple"},"_links":{"self":[{"href":"https:\/\/www.bynaldis-shop.com\/index.php?rest_route=\/wp\/v2\/product\/8974","targetHints":{"allow":["GET"]}}],"collection":[{"href":"https:\/\/www.bynaldis-shop.com\/index.php?rest_route=\/wp\/v2\/product"}],"about":[{"href":"https:\/\/www.bynaldis-shop.com\/index.php?rest_route=\/wp\/v2\/types\/product"}],"wp:featuredmedia":[{"embeddable":true,"href":"https:\/\/www.bynaldis-shop.com\/index.php?rest_route=\/wp\/v2\/media\/9006"}],"wp:attachment":[{"href":"https:\/\/www.bynaldis-shop.com\/index.php?rest_route=%2Fwp%2Fv2%2Fmedia&parent=8974"}],"wp:term":[{"taxonomy":"product_brand","embeddable":true,"href":"https:\/\/www.bynaldis-shop.com\/index.php?rest_route=%2Fwp%2Fv2%2Fproduct_brand&post=8974"},{"taxonomy":"product_cat","embeddable":true,"href":"https:\/\/www.bynaldis-shop.com\/index.php?rest_route=%2Fwp%2Fv2%2Fproduct_cat&post=8974"},{"taxonomy":"product_tag","embeddable":true,"href":"https:\/\/www.bynaldis-shop.com\/index.php?rest_route=%2Fwp%2Fv2%2Fproduct_tag&post=8974"}],"curies":[{"name":"wp","href":"https:\/\/api.w.org\/{rel}","templated":true}]}}