{"id":8968,"date":"2024-09-08T16:45:02","date_gmt":"2024-09-08T14:45:02","guid":{"rendered":"https:\/\/www.bynaldis-shop.com\/?post_type=product&#038;p=8968"},"modified":"2025-10-21T19:51:18","modified_gmt":"2025-10-21T17:51:18","slug":"kerzenleuchter-glueck-smaragd","status":"publish","type":"product","link":"https:\/\/www.bynaldis-shop.com\/?product=kerzenleuchter-glueck-smaragd","title":{"rendered":"Kerzenleuchter Gl\u00fcck \u2013 Smaragd aus Beton"},"content":{"rendered":"<article class=\"text-token-text-primary w-full focus:outline-none scroll-mt-[calc(var(--header-height)+min(200px,max(70px,20svh)))]\" dir=\"auto\" tabindex=\"-1\" data-turn-id=\"request-6884d4ac-8230-8324-9295-a90d37ba8eae-42\" data-testid=\"conversation-turn-564\" data-scroll-anchor=\"true\" data-turn=\"assistant\">\n<div class=\"text-base my-auto mx-auto pb-10 [--thread-content-margin:--spacing(4)] @[37rem]:[--thread-content-margin:--spacing(6)] @[72rem]:[--thread-content-margin:--spacing(16)] px-(--thread-content-margin)\">\n<div class=\"[--thread-content-max-width:32rem] @[34rem]:[--thread-content-max-width:40rem] @[64rem]:[--thread-content-max-width:48rem] mx-auto max-w-(--thread-content-max-width) flex-1 group\/turn-messages focus-visible:outline-hidden relative flex w-full min-w-0 flex-col agent-turn\" tabindex=\"-1\">\n<div class=\"flex max-w-full flex-col grow\">\n<div class=\"min-h-8 text-message relative flex w-full flex-col items-end gap-2 text-start break-words whitespace-normal [.text-message+&amp;]:mt-5\" dir=\"auto\" data-message-author-role=\"assistant\" data-message-id=\"8db2db28-faa5-44b1-95cf-1c8a8d2c6f7e\" data-message-model-slug=\"gpt-4-1-mini\">\n<div class=\"flex w-full flex-col gap-1 empty:hidden first:pt-[3px]\">\n<div class=\"markdown prose dark:prose-invert w-full break-words light markdown-new-styling\">\n<p data-start=\"0\" data-end=\"40\"><strong>Kerzenleuchter Gl\u00fcck \u2013 Smaragd aus Beton<\/strong><\/p>\n<p data-start=\"42\" data-end=\"312\">Dieser charmante Kerzenleuchter in zartem Smaragd bringt Gl\u00fcck und W\u00e4rme in dein Zuhause. Gefertigt aus robustem Beton, verbindet er zeitlose Eleganz mit einem modernen, nat\u00fcrlichen Look. Ideal geeignet f\u00fcr Stabkerzen, schafft er eine behagliche Atmosph\u00e4re an jedem Ort.<\/p>\n<p data-start=\"314\" data-end=\"349\">Ma\u00dfe: H\u00f6he 7 cm, Durchmesser 8,5 cm<\/p>\n<p data-start=\"351\" data-end=\"449\" data-is-last-node=\"\" data-is-only-node=\"\">Ein besonderes Highlight f\u00fcr deine Wohlf\u00fchloase und ein liebevolles Geschenk voller guter Energie.<\/p>\n<p data-start=\"351\" data-end=\"449\" data-is-last-node=\"\" data-is-only-node=\"\">Passend zu unseren liebevoll gestalteten Kerzenleuchtern findest du in unserem Shop eine feine Auswahl an wundersch\u00f6nen Stabkerzen. Lass dich inspirieren und erg\u00e4nze dein Wohnambiente mit den perfekten Kerzen \u2013 f\u00fcr stimmungsvolle Momente und warmes Licht. Schau gern vorbei und entdecke deine neuen Lieblingskerzen!<\/p>\n<\/div>\n<\/div>\n<\/div>\n<\/div>\n<\/div>\n<\/div>\n<\/article>\n","protected":false},"excerpt":{"rendered":"<p>Kerzenleuchter Gl\u00fcck \u2013 Smaragd aus Beton Dieser charmante Kerzenleuchter in zartem Smaragd bringt Gl\u00fcck und W\u00e4rme in dein Zuhause. Gefertigt aus robustem Beton, verbindet er zeitlose Eleganz mit einem modernen, nat\u00fcrlichen Look. Ideal geeignet f\u00fcr Stabkerzen, schafft er eine behagliche Atmosph\u00e4re an jedem Ort. Ma\u00dfe: H\u00f6he 7 cm, Durchmesser 8,5 cm Ein besonderes Highlight f\u00fcr [&hellip;]<\/p>\n<p><a class=\"read-more\" href=\"https:\/\/www.bynaldis-shop.com\/?product=kerzenleuchter-glueck-smaragd\">Mehr lesen<span class=\"meta-nav\">&rarr;<\/span><\/a><\/p>\n","protected":false},"featured_media":8969,"template":"","meta":[],"product_brand":[],"product_cat":[263],"product_tag":[],"class_list":{"0":"post-8968","1":"product","2":"type-product","3":"status-publish","4":"has-post-thumbnail","6":"product_cat-stabkerzen-und-halter","8":"first","9":"instock","10":"taxable","11":"shipping-taxable","12":"purchasable","13":"product-type-simple"},"_links":{"self":[{"href":"https:\/\/www.bynaldis-shop.com\/index.php?rest_route=\/wp\/v2\/product\/8968","targetHints":{"allow":["GET"]}}],"collection":[{"href":"https:\/\/www.bynaldis-shop.com\/index.php?rest_route=\/wp\/v2\/product"}],"about":[{"href":"https:\/\/www.bynaldis-shop.com\/index.php?rest_route=\/wp\/v2\/types\/product"}],"wp:featuredmedia":[{"embeddable":true,"href":"https:\/\/www.bynaldis-shop.com\/index.php?rest_route=\/wp\/v2\/media\/8969"}],"wp:attachment":[{"href":"https:\/\/www.bynaldis-shop.com\/index.php?rest_route=%2Fwp%2Fv2%2Fmedia&parent=8968"}],"wp:term":[{"taxonomy":"product_brand","embeddable":true,"href":"https:\/\/www.bynaldis-shop.com\/index.php?rest_route=%2Fwp%2Fv2%2Fproduct_brand&post=8968"},{"taxonomy":"product_cat","embeddable":true,"href":"https:\/\/www.bynaldis-shop.com\/index.php?rest_route=%2Fwp%2Fv2%2Fproduct_cat&post=8968"},{"taxonomy":"product_tag","embeddable":true,"href":"https:\/\/www.bynaldis-shop.com\/index.php?rest_route=%2Fwp%2Fv2%2Fproduct_tag&post=8968"}],"curies":[{"name":"wp","href":"https:\/\/api.w.org\/{rel}","templated":true}]}}