{"id":8946,"date":"2024-08-23T18:03:58","date_gmt":"2024-08-23T16:03:58","guid":{"rendered":"https:\/\/www.bynaldis-shop.com\/?post_type=product&#038;p=8946"},"modified":"2025-10-21T19:46:54","modified_gmt":"2025-10-21T17:46:54","slug":"halter-sonne","status":"publish","type":"product","link":"https:\/\/www.bynaldis-shop.com\/?product=halter-sonne","title":{"rendered":"Holzhalter mit Sonne und Sterne \u2013 Handgefertigter R\u00e4ucherst\u00e4bchenhalter mit Messingeinlegearbeit"},"content":{"rendered":"<article class=\"text-token-text-primary w-full focus:outline-none scroll-mt-[calc(var(--header-height)+min(200px,max(70px,20svh)))]\" dir=\"auto\" tabindex=\"-1\" data-turn-id=\"request-6884d4ac-8230-8324-9295-a90d37ba8eae-39\" data-testid=\"conversation-turn-558\" data-scroll-anchor=\"true\" data-turn=\"assistant\">\n<div class=\"text-base my-auto mx-auto pb-10 [--thread-content-margin:--spacing(4)] @[37rem]:[--thread-content-margin:--spacing(6)] @[72rem]:[--thread-content-margin:--spacing(16)] px-(--thread-content-margin)\">\n<div class=\"[--thread-content-max-width:32rem] @[34rem]:[--thread-content-max-width:40rem] @[64rem]:[--thread-content-max-width:48rem] mx-auto max-w-(--thread-content-max-width) flex-1 group\/turn-messages focus-visible:outline-hidden relative flex w-full min-w-0 flex-col agent-turn\" tabindex=\"-1\">\n<div class=\"flex max-w-full flex-col grow\">\n<div class=\"min-h-8 text-message relative flex w-full flex-col items-end gap-2 text-start break-words whitespace-normal [.text-message+&amp;]:mt-5\" dir=\"auto\" data-message-author-role=\"assistant\" data-message-id=\"73d946be-1e57-4387-9f27-3e2a97860ceb\" data-message-model-slug=\"gpt-4-1-mini\">\n<div class=\"flex w-full flex-col gap-1 empty:hidden first:pt-[3px]\">\n<div class=\"markdown prose dark:prose-invert w-full break-words light markdown-new-styling\">\n<p data-start=\"0\" data-end=\"96\"><strong>Holzhalter mit Sonne und Sterne \u2013 Handgefertigter R\u00e4ucherst\u00e4bchenhalter mit Messingeinlegearbeit<\/strong><\/p>\n<p data-start=\"98\" data-end=\"475\" data-is-last-node=\"\" data-is-only-node=\"\">Dieser elegante R\u00e4ucherst\u00e4bchenhalter aus hochwertigem Holz besticht durch seine feine Messingeinlegearbeit mit Sonne- und Sternenmotiven. Mit den Ma\u00dfen von ca. 26 x 3,5 cm ist er sowohl praktisch als auch ein kunstvolles Schmuckst\u00fcck f\u00fcr dein Zuhause. Perfekt f\u00fcr deine R\u00e4ucherst\u00e4bchen, um Licht und W\u00e4rme in deine R\u00e4ume zu bringen und eine spirituelle Atmosph\u00e4re zu schaffen.<\/p>\n<p data-start=\"98\" data-end=\"475\" data-is-last-node=\"\" data-is-only-node=\"\">Und weil ein sch\u00f6ner Halter noch mehr Freude macht mit dem passenden Duft, findest du in unserem Shop eine gro\u00dfe Auswahl an herrlichen R\u00e4ucherst\u00e4bchen \u2013 von sanft blumig bis w\u00fcrzig warm. St\u00f6bere gern ein bisschen, lass dich von den D\u00fcften inspirieren und finde genau die Aromen, die dein Herz ber\u00fchren.<\/p>\n<\/div>\n<\/div>\n<\/div>\n<\/div>\n<\/div>\n<\/div>\n<\/article>\n","protected":false},"excerpt":{"rendered":"<p>Holzhalter mit Sonne und Sterne \u2013 Handgefertigter R\u00e4ucherst\u00e4bchenhalter mit Messingeinlegearbeit Dieser elegante R\u00e4ucherst\u00e4bchenhalter aus hochwertigem Holz besticht durch seine feine Messingeinlegearbeit mit Sonne- und Sternenmotiven. Mit den Ma\u00dfen von ca. 26 x 3,5 cm ist er sowohl praktisch als auch ein kunstvolles Schmuckst\u00fcck f\u00fcr dein Zuhause. Perfekt f\u00fcr deine R\u00e4ucherst\u00e4bchen, um Licht und W\u00e4rme in [&hellip;]<\/p>\n<p><a class=\"read-more\" href=\"https:\/\/www.bynaldis-shop.com\/?product=halter-sonne\">Mehr lesen<span class=\"meta-nav\">&rarr;<\/span><\/a><\/p>\n","protected":false},"featured_media":9035,"template":"","meta":[],"product_brand":[],"product_cat":[252],"product_tag":[],"class_list":{"0":"post-8946","1":"product","2":"type-product","3":"status-publish","4":"has-post-thumbnail","6":"product_cat-zubehoer","8":"first","9":"instock","10":"taxable","11":"shipping-taxable","12":"purchasable","13":"product-type-simple"},"_links":{"self":[{"href":"https:\/\/www.bynaldis-shop.com\/index.php?rest_route=\/wp\/v2\/product\/8946","targetHints":{"allow":["GET"]}}],"collection":[{"href":"https:\/\/www.bynaldis-shop.com\/index.php?rest_route=\/wp\/v2\/product"}],"about":[{"href":"https:\/\/www.bynaldis-shop.com\/index.php?rest_route=\/wp\/v2\/types\/product"}],"wp:featuredmedia":[{"embeddable":true,"href":"https:\/\/www.bynaldis-shop.com\/index.php?rest_route=\/wp\/v2\/media\/9035"}],"wp:attachment":[{"href":"https:\/\/www.bynaldis-shop.com\/index.php?rest_route=%2Fwp%2Fv2%2Fmedia&parent=8946"}],"wp:term":[{"taxonomy":"product_brand","embeddable":true,"href":"https:\/\/www.bynaldis-shop.com\/index.php?rest_route=%2Fwp%2Fv2%2Fproduct_brand&post=8946"},{"taxonomy":"product_cat","embeddable":true,"href":"https:\/\/www.bynaldis-shop.com\/index.php?rest_route=%2Fwp%2Fv2%2Fproduct_cat&post=8946"},{"taxonomy":"product_tag","embeddable":true,"href":"https:\/\/www.bynaldis-shop.com\/index.php?rest_route=%2Fwp%2Fv2%2Fproduct_tag&post=8946"}],"curies":[{"name":"wp","href":"https:\/\/api.w.org\/{rel}","templated":true}]}}