{"id":8882,"date":"2024-08-04T17:30:55","date_gmt":"2024-08-04T15:30:55","guid":{"rendered":"https:\/\/www.bynaldis-shop.com\/?post_type=product&#038;p=8882"},"modified":"2026-01-26T15:04:44","modified_gmt":"2026-01-26T14:04:44","slug":"geniesse-dein-hier-jetzt-demnaechst-lieferbar","status":"publish","type":"product","link":"https:\/\/www.bynaldis-shop.com\/?product=geniesse-dein-hier-jetzt-demnaechst-lieferbar","title":{"rendered":"Genie\u00dfe dein Hier + Jetzt"},"content":{"rendered":"<article class=\"text-token-text-primary w-full focus:outline-none scroll-mt-[calc(var(--header-height)+min(200px,max(70px,20svh)))]\" dir=\"auto\" tabindex=\"-1\" data-turn-id=\"request-6884d4ac-8230-8324-9295-a90d37ba8eae-29\" data-testid=\"conversation-turn-538\" data-scroll-anchor=\"true\" data-turn=\"assistant\">\n<div class=\"text-base my-auto mx-auto pb-10 [--thread-content-margin:--spacing(4)] @[37rem]:[--thread-content-margin:--spacing(6)] @[72rem]:[--thread-content-margin:--spacing(16)] px-(--thread-content-margin)\">\n<div class=\"[--thread-content-max-width:32rem] @[34rem]:[--thread-content-max-width:40rem] @[64rem]:[--thread-content-max-width:48rem] mx-auto max-w-(--thread-content-max-width) flex-1 group\/turn-messages focus-visible:outline-hidden relative flex w-full min-w-0 flex-col agent-turn\" tabindex=\"-1\">\n<div class=\"flex max-w-full flex-col grow\">\n<div class=\"min-h-8 text-message relative flex w-full flex-col items-end gap-2 text-start break-words whitespace-normal [.text-message+&amp;]:mt-5\" dir=\"auto\" data-message-author-role=\"assistant\" data-message-id=\"106eb010-1a47-4606-9fd8-112190551424\" data-message-model-slug=\"gpt-4-1-mini\">\n<div class=\"flex w-full flex-col gap-1 empty:hidden first:pt-[3px]\">\n<div class=\"markdown prose dark:prose-invert w-full break-words light markdown-new-styling\">\n<p data-start=\"0\" data-end=\"22\"><strong>Genie\u00dfe dein Hier + Jetzt &#8211; Postkarte im A6 Format<\/strong><\/p>\n<p data-start=\"24\" data-end=\"261\">F\u00fcr die Frau, die das Geschenk des Augenblicks sch\u00e4tzt und sich bewusst dem Hier und Jetzt \u00f6ffnet. \u201eGenie\u00dfe dein Hier + Jetzt\u201c ist eine liebevolle Erinnerung, im Moment anzukommen und das Leben mit all seinen Facetten bewusst zu erleben.<\/p>\n<p data-start=\"263\" data-end=\"425\" data-is-last-node=\"\" data-is-only-node=\"\">Diese zarte Postkarte begleitet dich auf deinem Weg zu mehr Achtsamkeit und Dankbarkeit \u2013 ein sanfter Impuls, deine Gegenwart mit Freude und Offenheit zu umarmen.<\/p>\n<p data-start=\"263\" data-end=\"425\" data-is-last-node=\"\" data-is-only-node=\"\">Passend zu unseren liebevoll gestalteten Postkarten findest du in unserem Shop auch wundersch\u00f6ne Postkartenhalter aus Holz und Gips. Sie setzen deine Karten elegant in Szene und sorgen daf\u00fcr, dass deine liebsten Botschaften immer gut sichtbar und stilvoll pr\u00e4sentiert werden. Ob auf dem Schreibtisch, im Regal oder auf dem Fensterbrett \u2013 unsere Halter sind kleine Hingucker und machen das Postkartenerlebnis noch besonderer. Entdecke die Vielfalt und gestalte deine pers\u00f6nliche Wohlf\u00fchloase mit Herz!<\/p>\n<\/div>\n<\/div>\n<\/div>\n<\/div>\n<div class=\"flex min-h-[46px] justify-start\"><\/div>\n<\/div>\n<\/div>\n<\/article>\n<div class=\"pointer-events-none h-px w-px\" aria-hidden=\"true\" data-edge=\"true\"><\/div>\n","protected":false},"excerpt":{"rendered":"<p>Genie\u00dfe dein Hier + Jetzt &#8211; Postkarte im A6 Format F\u00fcr die Frau, die das Geschenk des Augenblicks sch\u00e4tzt und sich bewusst dem Hier und Jetzt \u00f6ffnet. \u201eGenie\u00dfe dein Hier + Jetzt\u201c ist eine liebevolle Erinnerung, im Moment anzukommen und das Leben mit all seinen Facetten bewusst zu erleben. Diese zarte Postkarte begleitet dich auf [&hellip;]<\/p>\n<p><a class=\"read-more\" href=\"https:\/\/www.bynaldis-shop.com\/?product=geniesse-dein-hier-jetzt-demnaechst-lieferbar\">Mehr lesen<span class=\"meta-nav\">&rarr;<\/span><\/a><\/p>\n","protected":false},"featured_media":8883,"template":"","meta":[],"product_brand":[],"product_cat":[215],"product_tag":[],"class_list":{"0":"post-8882","1":"product","2":"type-product","3":"status-publish","4":"has-post-thumbnail","6":"product_cat-postkarten","8":"first","9":"instock","10":"taxable","11":"shipping-taxable","12":"purchasable","13":"product-type-simple"},"_links":{"self":[{"href":"https:\/\/www.bynaldis-shop.com\/index.php?rest_route=\/wp\/v2\/product\/8882","targetHints":{"allow":["GET"]}}],"collection":[{"href":"https:\/\/www.bynaldis-shop.com\/index.php?rest_route=\/wp\/v2\/product"}],"about":[{"href":"https:\/\/www.bynaldis-shop.com\/index.php?rest_route=\/wp\/v2\/types\/product"}],"wp:featuredmedia":[{"embeddable":true,"href":"https:\/\/www.bynaldis-shop.com\/index.php?rest_route=\/wp\/v2\/media\/8883"}],"wp:attachment":[{"href":"https:\/\/www.bynaldis-shop.com\/index.php?rest_route=%2Fwp%2Fv2%2Fmedia&parent=8882"}],"wp:term":[{"taxonomy":"product_brand","embeddable":true,"href":"https:\/\/www.bynaldis-shop.com\/index.php?rest_route=%2Fwp%2Fv2%2Fproduct_brand&post=8882"},{"taxonomy":"product_cat","embeddable":true,"href":"https:\/\/www.bynaldis-shop.com\/index.php?rest_route=%2Fwp%2Fv2%2Fproduct_cat&post=8882"},{"taxonomy":"product_tag","embeddable":true,"href":"https:\/\/www.bynaldis-shop.com\/index.php?rest_route=%2Fwp%2Fv2%2Fproduct_tag&post=8882"}],"curies":[{"name":"wp","href":"https:\/\/api.w.org\/{rel}","templated":true}]}}