{"id":8880,"date":"2024-08-04T17:29:34","date_gmt":"2024-08-04T15:29:34","guid":{"rendered":"https:\/\/www.bynaldis-shop.com\/?post_type=product&#038;p=8880"},"modified":"2026-01-26T15:05:11","modified_gmt":"2026-01-26T14:05:11","slug":"fuer-mich-sein-demnaechst-lieferbar","status":"publish","type":"product","link":"https:\/\/www.bynaldis-shop.com\/?product=fuer-mich-sein-demnaechst-lieferbar","title":{"rendered":"F\u00fcr mich sein"},"content":{"rendered":"<article class=\"text-token-text-primary w-full focus:outline-none scroll-mt-[calc(var(--header-height)+min(200px,max(70px,20svh)))]\" dir=\"auto\" tabindex=\"-1\" data-turn-id=\"request-6884d4ac-8230-8324-9295-a90d37ba8eae-28\" data-testid=\"conversation-turn-536\" data-scroll-anchor=\"true\" data-turn=\"assistant\">\n<div class=\"text-base my-auto mx-auto pb-10 [--thread-content-margin:--spacing(4)] @[37rem]:[--thread-content-margin:--spacing(6)] @[72rem]:[--thread-content-margin:--spacing(16)] px-(--thread-content-margin)\">\n<div class=\"[--thread-content-max-width:32rem] @[34rem]:[--thread-content-max-width:40rem] @[64rem]:[--thread-content-max-width:48rem] mx-auto max-w-(--thread-content-max-width) flex-1 group\/turn-messages focus-visible:outline-hidden relative flex w-full min-w-0 flex-col agent-turn\" tabindex=\"-1\">\n<div class=\"flex max-w-full flex-col grow\">\n<div class=\"min-h-8 text-message relative flex w-full flex-col items-end gap-2 text-start break-words whitespace-normal [.text-message+&amp;]:mt-5\" dir=\"auto\" data-message-author-role=\"assistant\" data-message-id=\"84b56adb-d03e-4ec7-95f3-8f0f8e15a989\" data-message-model-slug=\"gpt-4-1-mini\">\n<div class=\"flex w-full flex-col gap-1 empty:hidden first:pt-[3px]\">\n<div class=\"markdown prose dark:prose-invert w-full break-words light markdown-new-styling\">\n<p data-start=\"0\" data-end=\"22\"><strong>F\u00fcr mich sein &#8211; Postkarte im A6 Format<\/strong><\/p>\n<p data-start=\"24\" data-end=\"212\">F\u00fcr die Frau, die sich selbst Raum schenkt und die kostbare Zeit f\u00fcr sich genie\u00dft. \u201eF\u00fcr mich sein\u201c erinnert daran, bewusst Momente der Ruhe und Selbstf\u00fcrsorge in den Alltag zu integrieren.<\/p>\n<p data-start=\"214\" data-end=\"381\" data-is-last-node=\"\" data-is-only-node=\"\">Diese zarte Postkarte begleitet dich liebevoll dabei, deine innere Balance zu finden und dein Herz zu n\u00e4hren \u2013 ein sanfter Impuls f\u00fcr mehr Achtsamkeit und Selbstliebe.<\/p>\n<p data-start=\"214\" data-end=\"381\" data-is-last-node=\"\" data-is-only-node=\"\">Passend zu unseren liebevoll gestalteten Postkarten findest du in unserem Shop auch wundersch\u00f6ne Postkartenhalter aus Holz und Gips. Sie setzen deine Karten elegant in Szene und sorgen daf\u00fcr, dass deine liebsten Botschaften immer gut sichtbar und stilvoll pr\u00e4sentiert werden. Ob auf dem Schreibtisch, im Regal oder auf dem Fensterbrett \u2013 unsere Halter sind kleine Hingucker und machen das Postkartenerlebnis noch besonderer. Entdecke die Vielfalt und gestalte deine pers\u00f6nliche Wohlf\u00fchloase mit Herz!<\/p>\n<\/div>\n<\/div>\n<\/div>\n<\/div>\n<\/div>\n<\/div>\n<\/article>\n","protected":false},"excerpt":{"rendered":"<p>F\u00fcr mich sein &#8211; Postkarte im A6 Format F\u00fcr die Frau, die sich selbst Raum schenkt und die kostbare Zeit f\u00fcr sich genie\u00dft. \u201eF\u00fcr mich sein\u201c erinnert daran, bewusst Momente der Ruhe und Selbstf\u00fcrsorge in den Alltag zu integrieren. Diese zarte Postkarte begleitet dich liebevoll dabei, deine innere Balance zu finden und dein Herz zu [&hellip;]<\/p>\n<p><a class=\"read-more\" href=\"https:\/\/www.bynaldis-shop.com\/?product=fuer-mich-sein-demnaechst-lieferbar\">Mehr lesen<span class=\"meta-nav\">&rarr;<\/span><\/a><\/p>\n","protected":false},"featured_media":8881,"template":"","meta":[],"product_brand":[],"product_cat":[215],"product_tag":[],"class_list":{"0":"post-8880","1":"product","2":"type-product","3":"status-publish","4":"has-post-thumbnail","6":"product_cat-postkarten","8":"first","9":"instock","10":"taxable","11":"shipping-taxable","12":"purchasable","13":"product-type-simple"},"_links":{"self":[{"href":"https:\/\/www.bynaldis-shop.com\/index.php?rest_route=\/wp\/v2\/product\/8880","targetHints":{"allow":["GET"]}}],"collection":[{"href":"https:\/\/www.bynaldis-shop.com\/index.php?rest_route=\/wp\/v2\/product"}],"about":[{"href":"https:\/\/www.bynaldis-shop.com\/index.php?rest_route=\/wp\/v2\/types\/product"}],"wp:featuredmedia":[{"embeddable":true,"href":"https:\/\/www.bynaldis-shop.com\/index.php?rest_route=\/wp\/v2\/media\/8881"}],"wp:attachment":[{"href":"https:\/\/www.bynaldis-shop.com\/index.php?rest_route=%2Fwp%2Fv2%2Fmedia&parent=8880"}],"wp:term":[{"taxonomy":"product_brand","embeddable":true,"href":"https:\/\/www.bynaldis-shop.com\/index.php?rest_route=%2Fwp%2Fv2%2Fproduct_brand&post=8880"},{"taxonomy":"product_cat","embeddable":true,"href":"https:\/\/www.bynaldis-shop.com\/index.php?rest_route=%2Fwp%2Fv2%2Fproduct_cat&post=8880"},{"taxonomy":"product_tag","embeddable":true,"href":"https:\/\/www.bynaldis-shop.com\/index.php?rest_route=%2Fwp%2Fv2%2Fproduct_tag&post=8880"}],"curies":[{"name":"wp","href":"https:\/\/api.w.org\/{rel}","templated":true}]}}