{"id":8872,"date":"2024-08-04T17:24:05","date_gmt":"2024-08-04T15:24:05","guid":{"rendered":"https:\/\/www.bynaldis-shop.com\/?post_type=product&#038;p=8872"},"modified":"2026-01-26T15:07:00","modified_gmt":"2026-01-26T14:07:00","slug":"du-bist-einfach-wunderbar-demnaechst-lieferbar","status":"publish","type":"product","link":"https:\/\/www.bynaldis-shop.com\/?product=du-bist-einfach-wunderbar-demnaechst-lieferbar","title":{"rendered":"Du bist einfach wunderbar"},"content":{"rendered":"<p data-start=\"79\" data-end=\"133\"><strong data-start=\"79\" data-end=\"133\">Postkarte im A6 Format \u2013 Du bist einfach wunderbar<\/strong><\/p>\n<p data-start=\"135\" data-end=\"365\">Diese zarte Postkarte im handlichen A6 Format ist eine liebevolle Erinnerung an dich, Frau, die du voller St\u00e4rke, Licht und Sch\u00f6nheit deinen Weg gehst.<br data-start=\"286\" data-end=\"289\" \/>Vergiss nie, wie einzigartig und wertvoll du bist \u2013 genau so, wie du bist.<\/p>\n<p data-start=\"367\" data-end=\"551\">Ideal, um dir selbst oder einer besonderen Frau in deinem Leben eine kleine Freude und Kraftquelle zu schenken. Ein sanfter Impuls f\u00fcr mehr Selbstliebe und Zuversicht in deinem Alltag.<\/p>\n<p data-start=\"367\" data-end=\"551\">Passend zu unseren liebevoll gestalteten Postkarten findest du in unserem Shop auch wundersch\u00f6ne Postkartenhalter aus Holz und Gips. Sie setzen deine Karten elegant in Szene und sorgen daf\u00fcr, dass deine liebsten Botschaften immer gut sichtbar und stilvoll pr\u00e4sentiert werden. Ob auf dem Schreibtisch, im Regal oder auf dem Fensterbrett \u2013 unsere Halter sind kleine Hingucker und machen das Postkartenerlebnis noch besonderer. Entdecke die Vielfalt und gestalte deine pers\u00f6nliche Wohlf\u00fchloase mit Herz!<\/p>\n","protected":false},"excerpt":{"rendered":"<p>Postkarte im A6 Format \u2013 Du bist einfach wunderbar Diese zarte Postkarte im handlichen A6 Format ist eine liebevolle Erinnerung an dich, Frau, die du voller St\u00e4rke, Licht und Sch\u00f6nheit deinen Weg gehst.Vergiss nie, wie einzigartig und wertvoll du bist \u2013 genau so, wie du bist. Ideal, um dir selbst oder einer besonderen Frau in [&hellip;]<\/p>\n<p><a class=\"read-more\" href=\"https:\/\/www.bynaldis-shop.com\/?product=du-bist-einfach-wunderbar-demnaechst-lieferbar\">Mehr lesen<span class=\"meta-nav\">&rarr;<\/span><\/a><\/p>\n","protected":false},"featured_media":8873,"template":"","meta":[],"product_brand":[],"product_cat":[215],"product_tag":[],"class_list":{"0":"post-8872","1":"product","2":"type-product","3":"status-publish","4":"has-post-thumbnail","6":"product_cat-postkarten","8":"first","9":"instock","10":"taxable","11":"shipping-taxable","12":"purchasable","13":"product-type-simple"},"_links":{"self":[{"href":"https:\/\/www.bynaldis-shop.com\/index.php?rest_route=\/wp\/v2\/product\/8872","targetHints":{"allow":["GET"]}}],"collection":[{"href":"https:\/\/www.bynaldis-shop.com\/index.php?rest_route=\/wp\/v2\/product"}],"about":[{"href":"https:\/\/www.bynaldis-shop.com\/index.php?rest_route=\/wp\/v2\/types\/product"}],"wp:featuredmedia":[{"embeddable":true,"href":"https:\/\/www.bynaldis-shop.com\/index.php?rest_route=\/wp\/v2\/media\/8873"}],"wp:attachment":[{"href":"https:\/\/www.bynaldis-shop.com\/index.php?rest_route=%2Fwp%2Fv2%2Fmedia&parent=8872"}],"wp:term":[{"taxonomy":"product_brand","embeddable":true,"href":"https:\/\/www.bynaldis-shop.com\/index.php?rest_route=%2Fwp%2Fv2%2Fproduct_brand&post=8872"},{"taxonomy":"product_cat","embeddable":true,"href":"https:\/\/www.bynaldis-shop.com\/index.php?rest_route=%2Fwp%2Fv2%2Fproduct_cat&post=8872"},{"taxonomy":"product_tag","embeddable":true,"href":"https:\/\/www.bynaldis-shop.com\/index.php?rest_route=%2Fwp%2Fv2%2Fproduct_tag&post=8872"}],"curies":[{"name":"wp","href":"https:\/\/api.w.org\/{rel}","templated":true}]}}