{"id":8866,"date":"2024-08-04T16:54:19","date_gmt":"2024-08-04T14:54:19","guid":{"rendered":"https:\/\/www.bynaldis-shop.com\/?post_type=product&#038;p=8866"},"modified":"2026-01-05T20:45:47","modified_gmt":"2026-01-05T19:45:47","slug":"dose-eichhoernchen","status":"publish","type":"product","link":"https:\/\/www.bynaldis-shop.com\/?product=dose-eichhoernchen","title":{"rendered":"Kleine Weihnachtsdose mit Eichh\u00f6rnchen und Weihnachtsbaum"},"content":{"rendered":"<p data-start=\"69\" data-end=\"411\"><strong data-start=\"69\" data-end=\"130\">Kleine Weihnachtsdose mit Eichh\u00f6rnchen und Weihnachtsbaum<\/strong><\/p>\n<p data-start=\"69\" data-end=\"411\"><br data-start=\"130\" data-end=\"133\" \/>Diese zauberhafte Weihnachtsdose zaubert festliche Stimmung in dein Zuhause oder ist ein liebevolles Geschenk f\u00fcr deine Liebsten. Mit ihrem charmanten Motiv aus einem fr\u00f6hlichen Eichh\u00f6rnchen und einem geschm\u00fcckten Weihnachtsbaum bringt sie W\u00e4rme und Freude in die Adventszeit.<\/p>\n<p data-start=\"413\" data-end=\"509\">Praktisch und dekorativ \u2013 ideal f\u00fcr kleine Sch\u00e4tze, S\u00fc\u00dfigkeiten oder besondere \u00dcberraschungen.<\/p>\n<p data-start=\"511\" data-end=\"533\"><strong data-start=\"511\" data-end=\"520\">Ma\u00dfe:<\/strong> 10 x 10 cm<\/p>\n","protected":false},"excerpt":{"rendered":"<p>Kleine Weihnachtsdose mit Eichh\u00f6rnchen und Weihnachtsbaum Diese zauberhafte Weihnachtsdose zaubert festliche Stimmung in dein Zuhause oder ist ein liebevolles Geschenk f\u00fcr deine Liebsten. Mit ihrem charmanten Motiv aus einem fr\u00f6hlichen Eichh\u00f6rnchen und einem geschm\u00fcckten Weihnachtsbaum bringt sie W\u00e4rme und Freude in die Adventszeit. Praktisch und dekorativ \u2013 ideal f\u00fcr kleine Sch\u00e4tze, S\u00fc\u00dfigkeiten oder besondere \u00dcberraschungen. [&hellip;]<\/p>\n<p><a class=\"read-more\" href=\"https:\/\/www.bynaldis-shop.com\/?product=dose-eichhoernchen\">Mehr lesen<span class=\"meta-nav\">&rarr;<\/span><\/a><\/p>\n","protected":false},"featured_media":8867,"template":"","meta":[],"product_brand":[],"product_cat":[290,280],"product_tag":[],"class_list":{"0":"post-8866","1":"product","2":"type-product","3":"status-publish","4":"has-post-thumbnail","6":"product_cat-weihnachtszauber-fuer-kleine-herzen","7":"product_cat-noch-mehr-weihnachten","9":"first","10":"instock","11":"taxable","12":"shipping-taxable","13":"purchasable","14":"product-type-simple"},"_links":{"self":[{"href":"https:\/\/www.bynaldis-shop.com\/index.php?rest_route=\/wp\/v2\/product\/8866","targetHints":{"allow":["GET"]}}],"collection":[{"href":"https:\/\/www.bynaldis-shop.com\/index.php?rest_route=\/wp\/v2\/product"}],"about":[{"href":"https:\/\/www.bynaldis-shop.com\/index.php?rest_route=\/wp\/v2\/types\/product"}],"wp:featuredmedia":[{"embeddable":true,"href":"https:\/\/www.bynaldis-shop.com\/index.php?rest_route=\/wp\/v2\/media\/8867"}],"wp:attachment":[{"href":"https:\/\/www.bynaldis-shop.com\/index.php?rest_route=%2Fwp%2Fv2%2Fmedia&parent=8866"}],"wp:term":[{"taxonomy":"product_brand","embeddable":true,"href":"https:\/\/www.bynaldis-shop.com\/index.php?rest_route=%2Fwp%2Fv2%2Fproduct_brand&post=8866"},{"taxonomy":"product_cat","embeddable":true,"href":"https:\/\/www.bynaldis-shop.com\/index.php?rest_route=%2Fwp%2Fv2%2Fproduct_cat&post=8866"},{"taxonomy":"product_tag","embeddable":true,"href":"https:\/\/www.bynaldis-shop.com\/index.php?rest_route=%2Fwp%2Fv2%2Fproduct_tag&post=8866"}],"curies":[{"name":"wp","href":"https:\/\/api.w.org\/{rel}","templated":true}]}}