{"id":8857,"date":"2024-08-04T15:56:42","date_gmt":"2024-08-04T13:56:42","guid":{"rendered":"https:\/\/www.bynaldis-shop.com\/?post_type=product&#038;p=8857"},"modified":"2025-10-21T19:36:07","modified_gmt":"2025-10-21T17:36:07","slug":"raeucherschale-aqua-green","status":"publish","type":"product","link":"https:\/\/www.bynaldis-shop.com\/?product=raeucherschale-aqua-green","title":{"rendered":"R\u00e4ucherschale in Aqua Green \u2013 Stein"},"content":{"rendered":"<p data-start=\"100\" data-end=\"344\"><strong data-start=\"100\" data-end=\"139\">R\u00e4ucherschale in Aqua Green \u2013 Stein<\/strong><\/p>\n<p data-start=\"100\" data-end=\"344\"><br data-start=\"139\" data-end=\"142\" \/>Diese R\u00e4ucherschale in sanftem Aqua Green verbindet die beruhigende Kraft des Wassers mit der Stabilit\u00e4t des Steins. Sie l\u00e4dt dich ein, in eine Welt der Harmonie und des inneren Friedens einzutauchen.<\/p>\n<p data-start=\"346\" data-end=\"527\">F\u00fclle die Schale mit Sand, entz\u00fcnde deinen R\u00e4ucherkegel und lass die feinen D\u00fcfte deine Sinne umspielen. Genie\u00dfe die reinigende Energie und finde deinen eigenen Ruhepol im Alltag.<\/p>\n<p data-start=\"529\" data-end=\"556\"><strong data-start=\"529\" data-end=\"545\">Durchmesser:<\/strong> ca. 8 cm<\/p>\n","protected":false},"excerpt":{"rendered":"<p>R\u00e4ucherschale in Aqua Green \u2013 Stein Diese R\u00e4ucherschale in sanftem Aqua Green verbindet die beruhigende Kraft des Wassers mit der Stabilit\u00e4t des Steins. Sie l\u00e4dt dich ein, in eine Welt der Harmonie und des inneren Friedens einzutauchen. F\u00fclle die Schale mit Sand, entz\u00fcnde deinen R\u00e4ucherkegel und lass die feinen D\u00fcfte deine Sinne umspielen. Genie\u00dfe die [&hellip;]<\/p>\n<p><a class=\"read-more\" href=\"https:\/\/www.bynaldis-shop.com\/?product=raeucherschale-aqua-green\">Mehr lesen<span class=\"meta-nav\">&rarr;<\/span><\/a><\/p>\n","protected":false},"featured_media":8858,"template":"","meta":[],"product_brand":[],"product_cat":[247],"product_tag":[],"class_list":{"0":"post-8857","1":"product","2":"type-product","3":"status-publish","4":"has-post-thumbnail","6":"product_cat-raeucherkegel-zubehoer","8":"first","9":"instock","10":"taxable","11":"shipping-taxable","12":"purchasable","13":"product-type-simple"},"_links":{"self":[{"href":"https:\/\/www.bynaldis-shop.com\/index.php?rest_route=\/wp\/v2\/product\/8857","targetHints":{"allow":["GET"]}}],"collection":[{"href":"https:\/\/www.bynaldis-shop.com\/index.php?rest_route=\/wp\/v2\/product"}],"about":[{"href":"https:\/\/www.bynaldis-shop.com\/index.php?rest_route=\/wp\/v2\/types\/product"}],"wp:featuredmedia":[{"embeddable":true,"href":"https:\/\/www.bynaldis-shop.com\/index.php?rest_route=\/wp\/v2\/media\/8858"}],"wp:attachment":[{"href":"https:\/\/www.bynaldis-shop.com\/index.php?rest_route=%2Fwp%2Fv2%2Fmedia&parent=8857"}],"wp:term":[{"taxonomy":"product_brand","embeddable":true,"href":"https:\/\/www.bynaldis-shop.com\/index.php?rest_route=%2Fwp%2Fv2%2Fproduct_brand&post=8857"},{"taxonomy":"product_cat","embeddable":true,"href":"https:\/\/www.bynaldis-shop.com\/index.php?rest_route=%2Fwp%2Fv2%2Fproduct_cat&post=8857"},{"taxonomy":"product_tag","embeddable":true,"href":"https:\/\/www.bynaldis-shop.com\/index.php?rest_route=%2Fwp%2Fv2%2Fproduct_tag&post=8857"}],"curies":[{"name":"wp","href":"https:\/\/api.w.org\/{rel}","templated":true}]}}