{"id":8851,"date":"2024-08-04T15:43:49","date_gmt":"2024-08-04T13:43:49","guid":{"rendered":"https:\/\/www.bynaldis-shop.com\/?post_type=product&#038;p=8851"},"modified":"2025-10-21T19:34:59","modified_gmt":"2025-10-21T17:34:59","slug":"raeucherschale-beige","status":"publish","type":"product","link":"https:\/\/www.bynaldis-shop.com\/?product=raeucherschale-beige","title":{"rendered":"Diese R\u00e4ucherschale in beige aus Stein"},"content":{"rendered":"<p><strong>Diese R\u00e4ucherschale in beige aus Stein<\/strong><\/p>\n<p>ist besonders sch\u00f6n f\u00fcr R\u00e4ucherkegel. Einfach Sand in die Schale geben und Kegel anz\u00fcnden und die Kraft genie\u00dfen.<\/p>\n<p>Durchmesser 8,5 cm<\/p>\n","protected":false},"excerpt":{"rendered":"<p>Diese R\u00e4ucherschale in beige aus Stein ist besonders sch\u00f6n f\u00fcr R\u00e4ucherkegel. Einfach Sand in die Schale geben und Kegel anz\u00fcnden und die Kraft genie\u00dfen. Durchmesser 8,5 cm<\/p>\n<p><a class=\"read-more\" href=\"https:\/\/www.bynaldis-shop.com\/?product=raeucherschale-beige\">Mehr lesen<span class=\"meta-nav\">&rarr;<\/span><\/a><\/p>\n","protected":false},"featured_media":8852,"template":"","meta":[],"product_brand":[],"product_cat":[247],"product_tag":[],"class_list":{"0":"post-8851","1":"product","2":"type-product","3":"status-publish","4":"has-post-thumbnail","6":"product_cat-raeucherkegel-zubehoer","8":"first","9":"instock","10":"taxable","11":"shipping-taxable","12":"purchasable","13":"product-type-simple"},"_links":{"self":[{"href":"https:\/\/www.bynaldis-shop.com\/index.php?rest_route=\/wp\/v2\/product\/8851","targetHints":{"allow":["GET"]}}],"collection":[{"href":"https:\/\/www.bynaldis-shop.com\/index.php?rest_route=\/wp\/v2\/product"}],"about":[{"href":"https:\/\/www.bynaldis-shop.com\/index.php?rest_route=\/wp\/v2\/types\/product"}],"wp:featuredmedia":[{"embeddable":true,"href":"https:\/\/www.bynaldis-shop.com\/index.php?rest_route=\/wp\/v2\/media\/8852"}],"wp:attachment":[{"href":"https:\/\/www.bynaldis-shop.com\/index.php?rest_route=%2Fwp%2Fv2%2Fmedia&parent=8851"}],"wp:term":[{"taxonomy":"product_brand","embeddable":true,"href":"https:\/\/www.bynaldis-shop.com\/index.php?rest_route=%2Fwp%2Fv2%2Fproduct_brand&post=8851"},{"taxonomy":"product_cat","embeddable":true,"href":"https:\/\/www.bynaldis-shop.com\/index.php?rest_route=%2Fwp%2Fv2%2Fproduct_cat&post=8851"},{"taxonomy":"product_tag","embeddable":true,"href":"https:\/\/www.bynaldis-shop.com\/index.php?rest_route=%2Fwp%2Fv2%2Fproduct_tag&post=8851"}],"curies":[{"name":"wp","href":"https:\/\/api.w.org\/{rel}","templated":true}]}}