{"id":8849,"date":"2024-08-04T15:40:47","date_gmt":"2024-08-04T13:40:47","guid":{"rendered":"https:\/\/www.bynaldis-shop.com\/?post_type=product&#038;p=8849"},"modified":"2025-10-21T19:34:23","modified_gmt":"2025-10-21T17:34:23","slug":"raeucherschale-gold","status":"publish","type":"product","link":"https:\/\/www.bynaldis-shop.com\/?product=raeucherschale-gold","title":{"rendered":"R\u00e4ucherschale in Gold \u2013 Metall"},"content":{"rendered":"<p data-start=\"91\" data-end=\"367\"><strong data-start=\"91\" data-end=\"125\">R\u00e4ucherschale in Gold \u2013 Metall<\/strong><\/p>\n<p data-start=\"91\" data-end=\"367\"><br data-start=\"125\" data-end=\"128\" \/>Diese edle, goldene R\u00e4ucherschale aus Metall bringt W\u00e4rme und strahlende Energie in dein Zuhause. Ihr sanfter Glanz erinnert an Sonnenlicht und l\u00e4dt dazu ein, in deinen R\u00e4uchermomenten F\u00fclle, Freude und Leichtigkeit willkommen zu hei\u00dfen.<\/p>\n<p data-start=\"369\" data-end=\"640\">F\u00fclle etwas Sand hinein, entz\u00fcnde deinen Lieblingskegel und lass dich vom aufsteigenden Rauch in eine Welt voller Ruhe und Harmonie tragen. Jede R\u00e4ucherschale ist ein liebevoll gefertigtes St\u00fcck, das deine Rituale mit einem Hauch von Luxus und Spiritualit\u00e4t bereichert.<\/p>\n<p data-start=\"642\" data-end=\"669\"><strong data-start=\"642\" data-end=\"658\">Durchmesser:<\/strong> ca. 9 cm<\/p>\n","protected":false},"excerpt":{"rendered":"<p>R\u00e4ucherschale in Gold \u2013 Metall Diese edle, goldene R\u00e4ucherschale aus Metall bringt W\u00e4rme und strahlende Energie in dein Zuhause. Ihr sanfter Glanz erinnert an Sonnenlicht und l\u00e4dt dazu ein, in deinen R\u00e4uchermomenten F\u00fclle, Freude und Leichtigkeit willkommen zu hei\u00dfen. F\u00fclle etwas Sand hinein, entz\u00fcnde deinen Lieblingskegel und lass dich vom aufsteigenden Rauch in eine Welt [&hellip;]<\/p>\n<p><a class=\"read-more\" href=\"https:\/\/www.bynaldis-shop.com\/?product=raeucherschale-gold\">Mehr lesen<span class=\"meta-nav\">&rarr;<\/span><\/a><\/p>\n","protected":false},"featured_media":8850,"template":"","meta":[],"product_brand":[],"product_cat":[247],"product_tag":[],"class_list":{"0":"post-8849","1":"product","2":"type-product","3":"status-publish","4":"has-post-thumbnail","6":"product_cat-raeucherkegel-zubehoer","8":"first","9":"instock","10":"taxable","11":"shipping-taxable","12":"purchasable","13":"product-type-simple"},"_links":{"self":[{"href":"https:\/\/www.bynaldis-shop.com\/index.php?rest_route=\/wp\/v2\/product\/8849","targetHints":{"allow":["GET"]}}],"collection":[{"href":"https:\/\/www.bynaldis-shop.com\/index.php?rest_route=\/wp\/v2\/product"}],"about":[{"href":"https:\/\/www.bynaldis-shop.com\/index.php?rest_route=\/wp\/v2\/types\/product"}],"wp:featuredmedia":[{"embeddable":true,"href":"https:\/\/www.bynaldis-shop.com\/index.php?rest_route=\/wp\/v2\/media\/8850"}],"wp:attachment":[{"href":"https:\/\/www.bynaldis-shop.com\/index.php?rest_route=%2Fwp%2Fv2%2Fmedia&parent=8849"}],"wp:term":[{"taxonomy":"product_brand","embeddable":true,"href":"https:\/\/www.bynaldis-shop.com\/index.php?rest_route=%2Fwp%2Fv2%2Fproduct_brand&post=8849"},{"taxonomy":"product_cat","embeddable":true,"href":"https:\/\/www.bynaldis-shop.com\/index.php?rest_route=%2Fwp%2Fv2%2Fproduct_cat&post=8849"},{"taxonomy":"product_tag","embeddable":true,"href":"https:\/\/www.bynaldis-shop.com\/index.php?rest_route=%2Fwp%2Fv2%2Fproduct_tag&post=8849"}],"curies":[{"name":"wp","href":"https:\/\/api.w.org\/{rel}","templated":true}]}}