{"id":8845,"date":"2024-08-04T15:32:00","date_gmt":"2024-08-04T13:32:00","guid":{"rendered":"https:\/\/www.bynaldis-shop.com\/?post_type=product&#038;p=8845"},"modified":"2025-10-21T19:33:14","modified_gmt":"2025-10-21T17:33:14","slug":"raeucherschale-grau","status":"publish","type":"product","link":"https:\/\/www.bynaldis-shop.com\/?product=raeucherschale-grau","title":{"rendered":"R\u00e4ucherschale in mattem Grau \u2013 Stein"},"content":{"rendered":"<p data-start=\"96\" data-end=\"364\"><strong data-start=\"96\" data-end=\"136\">R\u00e4ucherschale in mattem Grau \u2013 Stein<\/strong><\/p>\n<p data-start=\"96\" data-end=\"364\"><br data-start=\"136\" data-end=\"139\" \/>In dieser schlichten, matten R\u00e4ucherschale aus Stein verbinden sich Ruhe und Erdung. Ihr zeitloses Grau l\u00e4dt dazu ein, den Alltag f\u00fcr einen Moment hinter sich zu lassen und im Rauch des R\u00e4ucherkegels neue Kraft zu sch\u00f6pfen.<\/p>\n<p data-start=\"366\" data-end=\"673\">F\u00fclle etwas Sand hinein, entz\u00fcnde deinen Lieblingskegel und beobachte, wie der Rauch sanft aufsteigt \u2013 ein stiller Begleiter f\u00fcr deine Momente der Einkehr, Meditation oder Entspannung. Jede Schale ist aus Naturstein gefertigt und somit ein Einzelst\u00fcck, das dich mit seiner schlichten Sch\u00f6nheit verzaubert.<\/p>\n<p data-start=\"675\" data-end=\"704\"><strong data-start=\"675\" data-end=\"691\">Durchmesser:<\/strong> ca. 9,2 cm<\/p>\n","protected":false},"excerpt":{"rendered":"<p>R\u00e4ucherschale in mattem Grau \u2013 Stein In dieser schlichten, matten R\u00e4ucherschale aus Stein verbinden sich Ruhe und Erdung. Ihr zeitloses Grau l\u00e4dt dazu ein, den Alltag f\u00fcr einen Moment hinter sich zu lassen und im Rauch des R\u00e4ucherkegels neue Kraft zu sch\u00f6pfen. F\u00fclle etwas Sand hinein, entz\u00fcnde deinen Lieblingskegel und beobachte, wie der Rauch sanft [&hellip;]<\/p>\n<p><a class=\"read-more\" href=\"https:\/\/www.bynaldis-shop.com\/?product=raeucherschale-grau\">Mehr lesen<span class=\"meta-nav\">&rarr;<\/span><\/a><\/p>\n","protected":false},"featured_media":8846,"template":"","meta":[],"product_brand":[],"product_cat":[247],"product_tag":[],"class_list":{"0":"post-8845","1":"product","2":"type-product","3":"status-publish","4":"has-post-thumbnail","6":"product_cat-raeucherkegel-zubehoer","8":"first","9":"instock","10":"taxable","11":"shipping-taxable","12":"purchasable","13":"product-type-simple"},"_links":{"self":[{"href":"https:\/\/www.bynaldis-shop.com\/index.php?rest_route=\/wp\/v2\/product\/8845","targetHints":{"allow":["GET"]}}],"collection":[{"href":"https:\/\/www.bynaldis-shop.com\/index.php?rest_route=\/wp\/v2\/product"}],"about":[{"href":"https:\/\/www.bynaldis-shop.com\/index.php?rest_route=\/wp\/v2\/types\/product"}],"wp:featuredmedia":[{"embeddable":true,"href":"https:\/\/www.bynaldis-shop.com\/index.php?rest_route=\/wp\/v2\/media\/8846"}],"wp:attachment":[{"href":"https:\/\/www.bynaldis-shop.com\/index.php?rest_route=%2Fwp%2Fv2%2Fmedia&parent=8845"}],"wp:term":[{"taxonomy":"product_brand","embeddable":true,"href":"https:\/\/www.bynaldis-shop.com\/index.php?rest_route=%2Fwp%2Fv2%2Fproduct_brand&post=8845"},{"taxonomy":"product_cat","embeddable":true,"href":"https:\/\/www.bynaldis-shop.com\/index.php?rest_route=%2Fwp%2Fv2%2Fproduct_cat&post=8845"},{"taxonomy":"product_tag","embeddable":true,"href":"https:\/\/www.bynaldis-shop.com\/index.php?rest_route=%2Fwp%2Fv2%2Fproduct_tag&post=8845"}],"curies":[{"name":"wp","href":"https:\/\/api.w.org\/{rel}","templated":true}]}}