{"id":8808,"date":"2024-08-04T11:19:28","date_gmt":"2024-08-04T09:19:28","guid":{"rendered":"https:\/\/www.bynaldis-shop.com\/?post_type=product&#038;p=8808"},"modified":"2025-10-21T19:31:30","modified_gmt":"2025-10-21T17:31:30","slug":"venus-aus-holz","status":"publish","type":"product","link":"https:\/\/www.bynaldis-shop.com\/?product=venus-aus-holz","title":{"rendered":"Venushalter \u2013 R\u00e4ucherst\u00e4bchenhalter aus Rotholz (26 x 3,5 cm)"},"content":{"rendered":"<p data-start=\"85\" data-end=\"150\"><strong data-start=\"85\" data-end=\"150\">Venushalter \u2013 R\u00e4ucherst\u00e4bchenhalter aus Rotholz (26 x 3,5 cm)<\/strong><\/p>\n<p data-start=\"152\" data-end=\"436\">Ein besonderer R\u00e4ucherst\u00e4bchenhalter, gefertigt aus edlem <strong data-start=\"210\" data-end=\"221\">Rotholz<\/strong>, der nicht nur dein Zuhause, sondern auch dein inneres Erleben bereichern darf. Der <strong data-start=\"306\" data-end=\"321\">Venushalter<\/strong> steht symbolisch f\u00fcr das <strong data-start=\"347\" data-end=\"369\">g\u00f6ttlich Weibliche<\/strong> \u2013 f\u00fcr Fruchtbarkeit, Intuition, Intimit\u00e4t und gelebte Achtsamkeit.<\/p>\n<p data-start=\"438\" data-end=\"672\">In seiner schlichten Eleganz erinnert er dich t\u00e4glich daran, dich mit deiner ureigenen Kraft als Frau zu verbinden. Er l\u00e4dt ein zur stillen Einkehr, zur Selbstf\u00fcrsorge und zur liebevollen Verbindung mit deinem K\u00f6rper und deiner Seele.<\/p>\n<p data-start=\"674\" data-end=\"786\">Ein wunderbarer Begleiter f\u00fcr dein R\u00e4ucherritual \u2013 <strong data-start=\"725\" data-end=\"786\">wo auch immer du deiner Weiblichkeit Raum geben m\u00f6chtest.<\/strong><\/p>\n<p data-start=\"674\" data-end=\"786\">Und weil ein sch\u00f6ner Halter noch mehr Freude macht mit dem passenden Duft, findest du in unserem Shop eine gro\u00dfe Auswahl an herrlichen R\u00e4ucherst\u00e4bchen \u2013 von sanft blumig bis w\u00fcrzig warm. St\u00f6bere gern ein bisschen, lass dich von den D\u00fcften inspirieren und finde genau die Aromen, die dein Herz ber\u00fchren.<\/p>\n","protected":false},"excerpt":{"rendered":"<p>Venushalter \u2013 R\u00e4ucherst\u00e4bchenhalter aus Rotholz (26 x 3,5 cm) Ein besonderer R\u00e4ucherst\u00e4bchenhalter, gefertigt aus edlem Rotholz, der nicht nur dein Zuhause, sondern auch dein inneres Erleben bereichern darf. Der Venushalter steht symbolisch f\u00fcr das g\u00f6ttlich Weibliche \u2013 f\u00fcr Fruchtbarkeit, Intuition, Intimit\u00e4t und gelebte Achtsamkeit. In seiner schlichten Eleganz erinnert er dich t\u00e4glich daran, dich mit [&hellip;]<\/p>\n<p><a class=\"read-more\" href=\"https:\/\/www.bynaldis-shop.com\/?product=venus-aus-holz\">Mehr lesen<span class=\"meta-nav\">&rarr;<\/span><\/a><\/p>\n","protected":false},"featured_media":8809,"template":"","meta":[],"product_brand":[],"product_cat":[252],"product_tag":[],"class_list":{"0":"post-8808","1":"product","2":"type-product","3":"status-publish","4":"has-post-thumbnail","6":"product_cat-zubehoer","8":"first","9":"instock","10":"taxable","11":"shipping-taxable","12":"purchasable","13":"product-type-simple"},"_links":{"self":[{"href":"https:\/\/www.bynaldis-shop.com\/index.php?rest_route=\/wp\/v2\/product\/8808","targetHints":{"allow":["GET"]}}],"collection":[{"href":"https:\/\/www.bynaldis-shop.com\/index.php?rest_route=\/wp\/v2\/product"}],"about":[{"href":"https:\/\/www.bynaldis-shop.com\/index.php?rest_route=\/wp\/v2\/types\/product"}],"wp:featuredmedia":[{"embeddable":true,"href":"https:\/\/www.bynaldis-shop.com\/index.php?rest_route=\/wp\/v2\/media\/8809"}],"wp:attachment":[{"href":"https:\/\/www.bynaldis-shop.com\/index.php?rest_route=%2Fwp%2Fv2%2Fmedia&parent=8808"}],"wp:term":[{"taxonomy":"product_brand","embeddable":true,"href":"https:\/\/www.bynaldis-shop.com\/index.php?rest_route=%2Fwp%2Fv2%2Fproduct_brand&post=8808"},{"taxonomy":"product_cat","embeddable":true,"href":"https:\/\/www.bynaldis-shop.com\/index.php?rest_route=%2Fwp%2Fv2%2Fproduct_cat&post=8808"},{"taxonomy":"product_tag","embeddable":true,"href":"https:\/\/www.bynaldis-shop.com\/index.php?rest_route=%2Fwp%2Fv2%2Fproduct_tag&post=8808"}],"curies":[{"name":"wp","href":"https:\/\/api.w.org\/{rel}","templated":true}]}}